{"id":4366,"date":"2022-04-13T09:04:47","date_gmt":"2022-04-13T07:04:47","guid":{"rendered":"https:\/\/nordicchicpaint.com\/prep-clean\/"},"modified":"2024-05-22T22:18:06","modified_gmt":"2024-05-22T20:18:06","slug":"prep-clean","status":"publish","type":"page","link":"https:\/\/nordicchicpaint.com\/de\/prep-clean\/","title":{"rendered":"Prep &#038; Clean"},"content":{"rendered":"<section class=\"wpb-content-wrapper\"><p>[vc_row][vc_column]<div class=\"ult-spacer spacer-69e7b0dc5e1bc\" data-id=\"69e7b0dc5e1bc\" data-height=\"90\" data-height-mobile=\"60\" data-height-tab=\"90\" data-height-tab-portrait=\"60\" data-height-mobile-landscape=\"60\" style=\"clear:both;display:block;\"><\/div>[vc_column_text]<\/p>\n<h1>Nordic Chic\u00ae Prep &amp; Clean<\/h1>\n<p>ist ein gebrauchsfertiger Hochleistungs-Intensiv-Allzweckreiniger, Wachsentferner und Entfetter mit der Reinigungskraft der Zirbenholz\u00f6lseife.<\/p>\n<p>Es ist ein ausgezeichneter Universalreiniger f\u00fcr den Einsatz im ganzen Haus, aber besonders geeignet, um Ihre M\u00f6bel sch\u00f6n und bereit f\u00fcr einen Anstrich mit Nordic Chic\u00ae Farbe zu machen.<\/p>\n<p>Prep &amp; Clean wird in einer praktischen Spr\u00fchflasche geliefert, um Ihnen das gewisse Extra an Komfort bei der Pflege Ihrer Holzsch\u00e4tze zu bieten.<\/p>\n<p><strong>Wie man es macht:<\/strong><\/p>\n<p>Befeuchten Sie die Oberfl\u00e4che m\u00e4\u00dfig mit einem feuchten Tuch. Danach<br \/>\nPrep &amp; Clean aufspr\u00fchen und einige Minuten einwirken lassen. Wischen Sie die noch feuchte Oberfl\u00e4che mit einem sauberen Tuch ab, um den Schmutz und den Reiniger zu entfernen. Bei Bedarf wiederholen.<\/p>\n<p>Wenn alle Flecken weg sind, wischen Sie die Oberfl\u00e4che ein letztes Mal mit einem feuchten, sauberen Tuch ab, um den Reiniger vollst\u00e4ndig zu entfernen. Stellen Sie sicher, dass die Oberfl\u00e4che vollst\u00e4ndig trocken ist, bevor Sie sie mit Nordic Chic\u00ae M\u00f6belfarben streichen.<\/p>\n<ul>\n<li><strong>Trockenzeit<\/strong>: Je nach Raumtemperatur und relativer<\/li>\n<li><strong>Luftfeuchtigkeit<\/strong> ist das Produkt normalerweise nach 15 Minuten ber\u00fchrungstrocken. Die Oberfl\u00e4che ist nach ca. 2-4 Stunden vollst\u00e4ndig trocken \/ streichf\u00e4hig.<\/li>\n<li><strong>Reichweite<\/strong>: ca. 11-14 m\u00b2 pro Liter.<\/li>\n<li><strong>Reinigung<\/strong>: Werkzeuge sofort nach Gebrauch mit warmem Seifenwasser reinigen.<\/li>\n<li><strong>Lagerung<\/strong>: Beh\u00e4lter dicht verschlossen und f\u00fcr Kinder unzug\u00e4nglich aufbewahren. K\u00fchl und frostfrei lagern.<\/li>\n<li><strong>Inhaltsstoffe<\/strong>: Zirben\u00f6lseife, \u00e4therische \u00d6le, Wasser.<\/li>\n<li><strong>Entsorgung<\/strong>: Nicht in die Kanalisation gelangen lassen. Unbenutzten Reiniger trocknen lassen; dann kann es nach den \u00f6rtlichen Abfallbeseitigungsvorschriften entsorgt werden.<\/li>\n<\/ul>\n<p>Inhalt: 1 Liter[\/vc_column_text]<div class=\"ult-spacer spacer-69e7b0dc5e204\" data-id=\"69e7b0dc5e204\" data-height=\"90\" data-height-mobile=\"60\" data-height-tab=\"90\" data-height-tab-portrait=\"60\" data-height-mobile-landscape=\"60\" style=\"clear:both;display:block;\"><\/div>[\/vc_column][\/vc_row]<\/p>\n<\/section>","protected":false},"excerpt":{"rendered":"<p>[vc_row][vc_column][vc_column_text] Nordic Chic\u00ae Prep &amp; Clean ist ein gebrauchsfertiger Hochleistungs-Intensiv-Allzweckreiniger, Wachsentferner und Entfetter mit der Reinigungskraft der Zirbenholz\u00f6lseife. Es ist ein ausgezeichneter Universalreiniger f\u00fcr den Einsatz im ganzen Haus, aber besonders geeignet, um Ihre M\u00f6bel sch\u00f6n und bereit f\u00fcr einen Anstrich mit Nordic Chic\u00ae Farbe zu machen. Prep &amp; Clean wird in einer praktischen Spr\u00fchflasche &#8230; <a title=\"Prep &#038; Clean\" class=\"read-more\" href=\"https:\/\/nordicchicpaint.com\/de\/prep-clean\/\" aria-label=\"Mehr Informationen \u00fcber Prep &#038; Clean\">Weiterlesen &#8230;<\/a><\/p>\n","protected":false},"author":1,"featured_media":4303,"parent":0,"menu_order":0,"comment_status":"closed","ping_status":"closed","template":"","meta":{"_acf_changed":false,"footnotes":""},"categories":[],"class_list":["post-4366","page","type-page","status-publish","has-post-thumbnail"],"acf":[],"yoast_head":"<!-- This site is optimized with the Yoast SEO plugin v23.4 - https:\/\/yoast.com\/wordpress\/plugins\/seo\/ -->\n<title>Prep &amp; Clean Allzweckreiniger, Wachsentferner | Nordic Chic<\/title>\n<meta name=\"description\" content=\"Nordic Chic\u00ae Prep &amp; Cleanist ein gebrauchsfertiger Hochleistungs-Intensiv-Allzweckreiniger, Wachsentferner und Entfetter mit der Reinigungskraft der Zirbenholz\u00f6lseife.Es ist ein ausgezeichneter Universalreiniger f\u00fcr den Einsatz im ganzen Haus, aber besonders geeignet, um Ihre M\u00f6bel sch\u00f6n und bereit f\u00fcr einen Anstrich mit Nordic Chic\u00ae Farbe zu machen.Prep &amp; Clean wird in einer praktischen Spr\u00fchflasche geliefert, um Ihnen das gewisse Extra an Komfort bei der Pflege Ihrer Holzsch\u00e4tze zu bieten.\" \/>\n<meta name=\"robots\" content=\"index, follow, max-snippet:-1, max-image-preview:large, max-video-preview:-1\" \/>\n<link rel=\"canonical\" href=\"https:\/\/nordicchicpaint.com\/de\/prep-clean\/\" \/>\n<meta property=\"og:locale\" content=\"de_DE\" \/>\n<meta property=\"og:type\" content=\"article\" \/>\n<meta property=\"og:title\" content=\"Prep &amp; Clean Allzweckreiniger, Wachsentferner | Nordic Chic\" \/>\n<meta property=\"og:description\" content=\"Nordic Chic\u00ae Prep &amp; Cleanist ein gebrauchsfertiger Hochleistungs-Intensiv-Allzweckreiniger, Wachsentferner und Entfetter mit der Reinigungskraft der Zirbenholz\u00f6lseife.Es ist ein ausgezeichneter Universalreiniger f\u00fcr den Einsatz im ganzen Haus, aber besonders geeignet, um Ihre M\u00f6bel sch\u00f6n und bereit f\u00fcr einen Anstrich mit Nordic Chic\u00ae Farbe zu machen.Prep &amp; Clean wird in einer praktischen Spr\u00fchflasche geliefert, um Ihnen das gewisse Extra an Komfort bei der Pflege Ihrer Holzsch\u00e4tze zu bieten.\" \/>\n<meta property=\"og:url\" content=\"https:\/\/nordicchicpaint.com\/de\/prep-clean\/\" \/>\n<meta property=\"og:site_name\" content=\"Nordic Chic\u00ae\" \/>\n<meta property=\"article:modified_time\" content=\"2024-05-22T20:18:06+00:00\" \/>\n<meta property=\"og:image\" content=\"https:\/\/nordicchicpaint.com\/wp-content\/uploads\/2022\/08\/prepandclean.jpeg\" \/>\n\t<meta property=\"og:image:width\" content=\"1920\" \/>\n\t<meta property=\"og:image:height\" content=\"1080\" \/>\n\t<meta property=\"og:image:type\" content=\"image\/jpeg\" \/>\n<meta name=\"twitter:card\" content=\"summary_large_image\" \/>\n<meta name=\"twitter:label1\" content=\"Gesch\u00e4tzte Lesezeit\" \/>\n\t<meta name=\"twitter:data1\" content=\"2\u00a0Minuten\" \/>\n<script type=\"application\/ld+json\" class=\"yoast-schema-graph\">{\"@context\":\"https:\/\/schema.org\",\"@graph\":[{\"@type\":\"WebPage\",\"@id\":\"https:\/\/nordicchicpaint.com\/de\/prep-clean\/\",\"url\":\"https:\/\/nordicchicpaint.com\/de\/prep-clean\/\",\"name\":\"Prep & Clean Allzweckreiniger, Wachsentferner | Nordic Chic\",\"isPartOf\":{\"@id\":\"https:\/\/nordicchicpaint.com\/de\/#website\"},\"primaryImageOfPage\":{\"@id\":\"https:\/\/nordicchicpaint.com\/de\/prep-clean\/#primaryimage\"},\"image\":{\"@id\":\"https:\/\/nordicchicpaint.com\/de\/prep-clean\/#primaryimage\"},\"thumbnailUrl\":\"https:\/\/nordicchicpaint.com\/wp-content\/uploads\/2022\/08\/prepandclean.jpeg\",\"datePublished\":\"2022-04-13T07:04:47+00:00\",\"dateModified\":\"2024-05-22T20:18:06+00:00\",\"description\":\"Nordic Chic\u00ae Prep & Cleanist ein gebrauchsfertiger Hochleistungs-Intensiv-Allzweckreiniger, Wachsentferner und Entfetter mit der Reinigungskraft der Zirbenholz\u00f6lseife.Es ist ein ausgezeichneter Universalreiniger f\u00fcr den Einsatz im ganzen Haus, aber besonders geeignet, um Ihre M\u00f6bel sch\u00f6n und bereit f\u00fcr einen Anstrich mit Nordic Chic\u00ae Farbe zu machen.Prep & Clean wird in einer praktischen Spr\u00fchflasche geliefert, um Ihnen das gewisse Extra an Komfort bei der Pflege Ihrer Holzsch\u00e4tze zu bieten.\",\"breadcrumb\":{\"@id\":\"https:\/\/nordicchicpaint.com\/de\/prep-clean\/#breadcrumb\"},\"inLanguage\":\"de\",\"potentialAction\":[{\"@type\":\"ReadAction\",\"target\":[\"https:\/\/nordicchicpaint.com\/de\/prep-clean\/\"]}]},{\"@type\":\"ImageObject\",\"inLanguage\":\"de\",\"@id\":\"https:\/\/nordicchicpaint.com\/de\/prep-clean\/#primaryimage\",\"url\":\"https:\/\/nordicchicpaint.com\/wp-content\/uploads\/2022\/08\/prepandclean.jpeg\",\"contentUrl\":\"https:\/\/nordicchicpaint.com\/wp-content\/uploads\/2022\/08\/prepandclean.jpeg\",\"width\":1920,\"height\":1080},{\"@type\":\"BreadcrumbList\",\"@id\":\"https:\/\/nordicchicpaint.com\/de\/prep-clean\/#breadcrumb\",\"itemListElement\":[{\"@type\":\"ListItem\",\"position\":1,\"name\":\"Hjem\",\"item\":\"https:\/\/nordicchicpaint.com\/de\/\"},{\"@type\":\"ListItem\",\"position\":2,\"name\":\"Prep &#038; Clean\"}]},{\"@type\":\"WebSite\",\"@id\":\"https:\/\/nordicchicpaint.com\/de\/#website\",\"url\":\"https:\/\/nordicchicpaint.com\/de\/\",\"name\":\"Nordic Chic\u00ae\",\"description\":\"Chalk paint for interior and exterior use\",\"publisher\":{\"@id\":\"https:\/\/nordicchicpaint.com\/de\/#organization\"},\"potentialAction\":[{\"@type\":\"SearchAction\",\"target\":{\"@type\":\"EntryPoint\",\"urlTemplate\":\"https:\/\/nordicchicpaint.com\/de\/?s={search_term_string}\"},\"query-input\":{\"@type\":\"PropertyValueSpecification\",\"valueRequired\":true,\"valueName\":\"search_term_string\"}}],\"inLanguage\":\"de\"},{\"@type\":\"Organization\",\"@id\":\"https:\/\/nordicchicpaint.com\/de\/#organization\",\"name\":\"Nordic Chic\u00ae\",\"url\":\"https:\/\/nordicchicpaint.com\/de\/\",\"logo\":{\"@type\":\"ImageObject\",\"inLanguage\":\"de\",\"@id\":\"https:\/\/nordicchicpaint.com\/de\/#\/schema\/logo\/image\/\",\"url\":\"https:\/\/nordicchicpaint.com\/wp-content\/uploads\/2021\/10\/logo.svg\",\"contentUrl\":\"https:\/\/nordicchicpaint.com\/wp-content\/uploads\/2021\/10\/logo.svg\",\"width\":479,\"height\":474,\"caption\":\"Nordic Chic\u00ae\"},\"image\":{\"@id\":\"https:\/\/nordicchicpaint.com\/de\/#\/schema\/logo\/image\/\"}}]}<\/script>\n<!-- \/ Yoast SEO plugin. -->","yoast_head_json":{"title":"Prep & Clean Allzweckreiniger, Wachsentferner | Nordic Chic","description":"Nordic Chic\u00ae Prep & Cleanist ein gebrauchsfertiger Hochleistungs-Intensiv-Allzweckreiniger, Wachsentferner und Entfetter mit der Reinigungskraft der Zirbenholz\u00f6lseife.Es ist ein ausgezeichneter Universalreiniger f\u00fcr den Einsatz im ganzen Haus, aber besonders geeignet, um Ihre M\u00f6bel sch\u00f6n und bereit f\u00fcr einen Anstrich mit Nordic Chic\u00ae Farbe zu machen.Prep & Clean wird in einer praktischen Spr\u00fchflasche geliefert, um Ihnen das gewisse Extra an Komfort bei der Pflege Ihrer Holzsch\u00e4tze zu bieten.","robots":{"index":"index","follow":"follow","max-snippet":"max-snippet:-1","max-image-preview":"max-image-preview:large","max-video-preview":"max-video-preview:-1"},"canonical":"https:\/\/nordicchicpaint.com\/de\/prep-clean\/","og_locale":"de_DE","og_type":"article","og_title":"Prep & Clean Allzweckreiniger, Wachsentferner | Nordic Chic","og_description":"Nordic Chic\u00ae Prep & Cleanist ein gebrauchsfertiger Hochleistungs-Intensiv-Allzweckreiniger, Wachsentferner und Entfetter mit der Reinigungskraft der Zirbenholz\u00f6lseife.Es ist ein ausgezeichneter Universalreiniger f\u00fcr den Einsatz im ganzen Haus, aber besonders geeignet, um Ihre M\u00f6bel sch\u00f6n und bereit f\u00fcr einen Anstrich mit Nordic Chic\u00ae Farbe zu machen.Prep & Clean wird in einer praktischen Spr\u00fchflasche geliefert, um Ihnen das gewisse Extra an Komfort bei der Pflege Ihrer Holzsch\u00e4tze zu bieten.","og_url":"https:\/\/nordicchicpaint.com\/de\/prep-clean\/","og_site_name":"Nordic Chic\u00ae","article_modified_time":"2024-05-22T20:18:06+00:00","og_image":[{"width":1920,"height":1080,"url":"https:\/\/nordicchicpaint.com\/wp-content\/uploads\/2022\/08\/prepandclean.jpeg","type":"image\/jpeg"}],"twitter_card":"summary_large_image","twitter_misc":{"Gesch\u00e4tzte Lesezeit":"2\u00a0Minuten"},"schema":{"@context":"https:\/\/schema.org","@graph":[{"@type":"WebPage","@id":"https:\/\/nordicchicpaint.com\/de\/prep-clean\/","url":"https:\/\/nordicchicpaint.com\/de\/prep-clean\/","name":"Prep & Clean Allzweckreiniger, Wachsentferner | Nordic Chic","isPartOf":{"@id":"https:\/\/nordicchicpaint.com\/de\/#website"},"primaryImageOfPage":{"@id":"https:\/\/nordicchicpaint.com\/de\/prep-clean\/#primaryimage"},"image":{"@id":"https:\/\/nordicchicpaint.com\/de\/prep-clean\/#primaryimage"},"thumbnailUrl":"https:\/\/nordicchicpaint.com\/wp-content\/uploads\/2022\/08\/prepandclean.jpeg","datePublished":"2022-04-13T07:04:47+00:00","dateModified":"2024-05-22T20:18:06+00:00","description":"Nordic Chic\u00ae Prep & Cleanist ein gebrauchsfertiger Hochleistungs-Intensiv-Allzweckreiniger, Wachsentferner und Entfetter mit der Reinigungskraft der Zirbenholz\u00f6lseife.Es ist ein ausgezeichneter Universalreiniger f\u00fcr den Einsatz im ganzen Haus, aber besonders geeignet, um Ihre M\u00f6bel sch\u00f6n und bereit f\u00fcr einen Anstrich mit Nordic Chic\u00ae Farbe zu machen.Prep & Clean wird in einer praktischen Spr\u00fchflasche geliefert, um Ihnen das gewisse Extra an Komfort bei der Pflege Ihrer Holzsch\u00e4tze zu bieten.","breadcrumb":{"@id":"https:\/\/nordicchicpaint.com\/de\/prep-clean\/#breadcrumb"},"inLanguage":"de","potentialAction":[{"@type":"ReadAction","target":["https:\/\/nordicchicpaint.com\/de\/prep-clean\/"]}]},{"@type":"ImageObject","inLanguage":"de","@id":"https:\/\/nordicchicpaint.com\/de\/prep-clean\/#primaryimage","url":"https:\/\/nordicchicpaint.com\/wp-content\/uploads\/2022\/08\/prepandclean.jpeg","contentUrl":"https:\/\/nordicchicpaint.com\/wp-content\/uploads\/2022\/08\/prepandclean.jpeg","width":1920,"height":1080},{"@type":"BreadcrumbList","@id":"https:\/\/nordicchicpaint.com\/de\/prep-clean\/#breadcrumb","itemListElement":[{"@type":"ListItem","position":1,"name":"Hjem","item":"https:\/\/nordicchicpaint.com\/de\/"},{"@type":"ListItem","position":2,"name":"Prep &#038; Clean"}]},{"@type":"WebSite","@id":"https:\/\/nordicchicpaint.com\/de\/#website","url":"https:\/\/nordicchicpaint.com\/de\/","name":"Nordic Chic\u00ae","description":"Chalk paint for interior and exterior use","publisher":{"@id":"https:\/\/nordicchicpaint.com\/de\/#organization"},"potentialAction":[{"@type":"SearchAction","target":{"@type":"EntryPoint","urlTemplate":"https:\/\/nordicchicpaint.com\/de\/?s={search_term_string}"},"query-input":{"@type":"PropertyValueSpecification","valueRequired":true,"valueName":"search_term_string"}}],"inLanguage":"de"},{"@type":"Organization","@id":"https:\/\/nordicchicpaint.com\/de\/#organization","name":"Nordic Chic\u00ae","url":"https:\/\/nordicchicpaint.com\/de\/","logo":{"@type":"ImageObject","inLanguage":"de","@id":"https:\/\/nordicchicpaint.com\/de\/#\/schema\/logo\/image\/","url":"https:\/\/nordicchicpaint.com\/wp-content\/uploads\/2021\/10\/logo.svg","contentUrl":"https:\/\/nordicchicpaint.com\/wp-content\/uploads\/2021\/10\/logo.svg","width":479,"height":474,"caption":"Nordic Chic\u00ae"},"image":{"@id":"https:\/\/nordicchicpaint.com\/de\/#\/schema\/logo\/image\/"}}]}},"_links":{"self":[{"href":"https:\/\/nordicchicpaint.com\/de\/wp-json\/wp\/v2\/pages\/4366"}],"collection":[{"href":"https:\/\/nordicchicpaint.com\/de\/wp-json\/wp\/v2\/pages"}],"about":[{"href":"https:\/\/nordicchicpaint.com\/de\/wp-json\/wp\/v2\/types\/page"}],"author":[{"embeddable":true,"href":"https:\/\/nordicchicpaint.com\/de\/wp-json\/wp\/v2\/users\/1"}],"replies":[{"embeddable":true,"href":"https:\/\/nordicchicpaint.com\/de\/wp-json\/wp\/v2\/comments?post=4366"}],"version-history":[{"count":3,"href":"https:\/\/nordicchicpaint.com\/de\/wp-json\/wp\/v2\/pages\/4366\/revisions"}],"predecessor-version":[{"id":4420,"href":"https:\/\/nordicchicpaint.com\/de\/wp-json\/wp\/v2\/pages\/4366\/revisions\/4420"}],"wp:featuredmedia":[{"embeddable":true,"href":"https:\/\/nordicchicpaint.com\/de\/wp-json\/wp\/v2\/media\/4303"}],"wp:attachment":[{"href":"https:\/\/nordicchicpaint.com\/de\/wp-json\/wp\/v2\/media?parent=4366"}],"wp:term":[{"taxonomy":"category","embeddable":true,"href":"https:\/\/nordicchicpaint.com\/de\/wp-json\/wp\/v2\/categories?post=4366"}],"curies":[{"name":"wp","href":"https:\/\/api.w.org\/{rel}","templated":true}]}}