{"id":4363,"date":"2022-04-13T09:04:31","date_gmt":"2022-04-13T07:04:31","guid":{"rendered":"https:\/\/nordicchicpaint.com\/primer\/"},"modified":"2025-04-09T13:48:22","modified_gmt":"2025-04-09T11:48:22","slug":"primer","status":"publish","type":"page","link":"https:\/\/nordicchicpaint.com\/de\/primer\/","title":{"rendered":"Primer"},"content":{"rendered":"<section class=\"wpb-content-wrapper\"><p>[vc_row full_width=&#8220;stretch_row&#8220;][vc_column width=&#8220;1\/6&#8243;][\/vc_column][vc_column width=&#8220;2\/3&#8243;]<div class=\"ult-spacer spacer-69f122d0d39f4\" data-id=\"69f122d0d39f4\" data-height=\"90\" data-height-mobile=\"60\" data-height-tab=\"90\" data-height-tab-portrait=\"60\" data-height-mobile-landscape=\"60\" style=\"clear:both;display:block;\"><\/div>[vc_column_text]<\/p>\n<h1>Wo k\u00f6nnen Sie Nordic Chic Primer verwenden?<\/h1>\n<p>Wenn Sie M\u00f6bel aus Holz haben, die m\u00f6glicherweise viel Gerbstoffe enthalten, k\u00f6nnen Sie mit unserem Primer verhindern, dass sie durchbluten. Zweimal aufgetragen stoppt er das \u201eDurchschlagen\u201c in den meisten F\u00e4llen recht sicher und sollte Schellack als isolierende Grundierung sehr gut ersetzen k\u00f6nnen.<\/p>\n<p>Einige Vorteile von Nordic Chic Primer gegen\u00fcber Schelllack: Nordic Chic Primer ist elastischer als Schelllack und Nordic Chic Primer quillt bei Kontakt mit Wasser nicht auf.<\/p>\n<p><strong>Nordic Chic\u00ae Primer<\/strong> ist nach dem Trocknen klar<\/p>\n<p><strong>Ergiebigkeit<\/strong>: Ungef\u00e4hr 70-90 Milliliter pro Quadratmeter. Ein halber Liter reicht f\u00fcr 6-8 Quadratmeter \u2013 je nach Beschaffenheit des Untergrunds.<\/p>\n<p><strong>Farbe<\/strong>: Klar<\/p>\n<p><strong>Verd\u00fcnnung<\/strong>: n\/a \u2013 Produkt ist gebrauchsfertig.<\/p>\n<p><strong>Trockenzeit<\/strong>: Je nach Raumtemperatur und relativer Luftfeuchtigkeit ist das Produkt in der Regel nach 15-30 Minuten ber\u00fchrungstrocken und nach 45 Minuten schleifbar. Nach ca. 2 Stunden kann die Oberfl\u00e4che mit dem zweiten Anstrich versehen werden.<\/p>\n<p><strong>ANWENDUNGSINSTRUKTIONEN<\/strong><\/p>\n<p><strong>Vorbereitung<\/strong>: Der Untergrund sollte trocken, saugf\u00e4hig, fett- und staubfrei sein.<\/p>\n<p><strong>Anwendung<\/strong>: Nordic Chic Top Coat unverd\u00fcnnt in zwei Schichten auftragen. Nach dem Trocknen der ersten Schicht (K\u00f6rnung 180 \u2013 240) ist ein leichtes Anschleifen empfehlenswert. Nordic Chic Top Coat d\u00fcnn auftragen.<\/p>\n<ul>\n<li><strong>Werkzeuge<\/strong>: Pinsel, Rolle oder ein geeignetes Spritzger\u00e4t (z. B. Airless oder Aircoat). Sparsam auftragen. Verwenden Sie zum Reinigen der Werkzeuge Seifenlauge.<\/li>\n<li><strong>Lagerung<\/strong>: Gebinde dicht verschlossen k\u00fchl, aber frostfrei lagern.<\/li>\n<li><strong>Zutaten<\/strong>: Wasser, Erdpigmente, Tenside, mineralische F\u00fcllstoffe, Essigester, 0,1 % synthetisches Konservierungsmittel (MIT \/ BIT)<\/li>\n<li><strong>Sicherheit<\/strong>: Auch wenn es ungiftig ist, au\u00dferhalb der Reichweite von Kindern aufbewahren.<\/li>\n<li><strong>Entsorgung<\/strong>: Unbenutzte Lackfarbe trocknen lassen. Entsorgen Sie die Reste gem\u00e4\u00df den geltenden \u00f6rtlichen Vorschriften. Nicht in den Abfluss werfen.<\/li>\n<li><strong>VOC-Verordnung<\/strong>: VOC-Gehalt (g\/l): 0,01<br \/>\nInhalt: 500ml<\/li>\n<\/ul>\n<p>[\/vc_column_text]<div class=\"ult-spacer spacer-69f122d0d3a3b\" data-id=\"69f122d0d3a3b\" data-height=\"90\" data-height-mobile=\"60\" data-height-tab=\"90\" data-height-tab-portrait=\"60\" data-height-mobile-landscape=\"60\" style=\"clear:both;display:block;\"><\/div>[\/vc_column][vc_column width=&#8220;1\/6&#8243;][\/vc_column][\/vc_row]<\/p>\n<\/section>","protected":false},"excerpt":{"rendered":"<p>[vc_row full_width=&#8220;stretch_row&#8220;][vc_column width=&#8220;1\/6&#8243;][\/vc_column][vc_column width=&#8220;2\/3&#8243;][vc_column_text] Wo k\u00f6nnen Sie Nordic Chic Primer verwenden? Wenn Sie M\u00f6bel aus Holz haben, die m\u00f6glicherweise viel Gerbstoffe enthalten, k\u00f6nnen Sie mit unserem Primer verhindern, dass sie durchbluten. Zweimal aufgetragen stoppt er das \u201eDurchschlagen\u201c in den meisten F\u00e4llen recht sicher und sollte Schellack als isolierende Grundierung sehr gut ersetzen k\u00f6nnen. Einige Vorteile &#8230; <a title=\"Primer\" class=\"read-more\" href=\"https:\/\/nordicchicpaint.com\/de\/primer\/\" aria-label=\"Mehr Informationen \u00fcber Primer\">Weiterlesen &#8230;<\/a><\/p>\n","protected":false},"author":1,"featured_media":5056,"parent":0,"menu_order":0,"comment_status":"closed","ping_status":"closed","template":"","meta":{"_acf_changed":false,"footnotes":""},"categories":[],"class_list":["post-4363","page","type-page","status-publish","has-post-thumbnail"],"acf":[],"yoast_head":"<!-- This site is optimized with the Yoast SEO plugin v23.4 - https:\/\/yoast.com\/wordpress\/plugins\/seo\/ -->\n<title>Grundierung f\u00fcr M\u00f6bel, innen und au\u00dfen | Nordic Chic<\/title>\n<meta name=\"description\" content=\"Optimale Grundierung f\u00fcr perfekte Ergebnisse \u2713 Schaffen Sie eine glatte Oberfl\u00e4che und verbessern Sie die Haftung Ihrer Farben.\" \/>\n<meta name=\"robots\" content=\"index, follow, max-snippet:-1, max-image-preview:large, max-video-preview:-1\" \/>\n<link rel=\"canonical\" href=\"https:\/\/nordicchicpaint.com\/de\/primer\/\" \/>\n<meta property=\"og:locale\" content=\"de_DE\" \/>\n<meta property=\"og:type\" content=\"article\" \/>\n<meta property=\"og:title\" content=\"Grundierung f\u00fcr M\u00f6bel, innen und au\u00dfen | Nordic Chic\" \/>\n<meta property=\"og:description\" content=\"Optimale Grundierung f\u00fcr perfekte Ergebnisse \u2713 Schaffen Sie eine glatte Oberfl\u00e4che und verbessern Sie die Haftung Ihrer Farben.\" \/>\n<meta property=\"og:url\" content=\"https:\/\/nordicchicpaint.com\/de\/primer\/\" \/>\n<meta property=\"og:site_name\" content=\"Nordic Chic\u00ae\" \/>\n<meta property=\"article:modified_time\" content=\"2025-04-09T11:48:22+00:00\" \/>\n<meta property=\"og:image\" content=\"https:\/\/nordicchicpaint.com\/wp-content\/uploads\/2023\/06\/primer-2-e1687933505150.jpeg\" \/>\n\t<meta property=\"og:image:width\" content=\"1920\" \/>\n\t<meta property=\"og:image:height\" content=\"1080\" \/>\n\t<meta property=\"og:image:type\" content=\"image\/jpeg\" \/>\n<meta name=\"twitter:card\" content=\"summary_large_image\" \/>\n<meta name=\"twitter:label1\" content=\"Gesch\u00e4tzte Lesezeit\" \/>\n\t<meta name=\"twitter:data1\" content=\"2\u00a0Minuten\" \/>\n<script type=\"application\/ld+json\" class=\"yoast-schema-graph\">{\"@context\":\"https:\/\/schema.org\",\"@graph\":[{\"@type\":\"WebPage\",\"@id\":\"https:\/\/nordicchicpaint.com\/de\/primer\/\",\"url\":\"https:\/\/nordicchicpaint.com\/de\/primer\/\",\"name\":\"Grundierung f\u00fcr M\u00f6bel, innen und au\u00dfen | Nordic Chic\",\"isPartOf\":{\"@id\":\"https:\/\/nordicchicpaint.com\/de\/#website\"},\"primaryImageOfPage\":{\"@id\":\"https:\/\/nordicchicpaint.com\/de\/primer\/#primaryimage\"},\"image\":{\"@id\":\"https:\/\/nordicchicpaint.com\/de\/primer\/#primaryimage\"},\"thumbnailUrl\":\"https:\/\/nordicchicpaint.com\/wp-content\/uploads\/2023\/06\/primer-2-e1687933505150.jpeg\",\"datePublished\":\"2022-04-13T07:04:31+00:00\",\"dateModified\":\"2025-04-09T11:48:22+00:00\",\"description\":\"Optimale Grundierung f\u00fcr perfekte Ergebnisse \u2713 Schaffen Sie eine glatte Oberfl\u00e4che und verbessern Sie die Haftung Ihrer Farben.\",\"breadcrumb\":{\"@id\":\"https:\/\/nordicchicpaint.com\/de\/primer\/#breadcrumb\"},\"inLanguage\":\"de\",\"potentialAction\":[{\"@type\":\"ReadAction\",\"target\":[\"https:\/\/nordicchicpaint.com\/de\/primer\/\"]}]},{\"@type\":\"ImageObject\",\"inLanguage\":\"de\",\"@id\":\"https:\/\/nordicchicpaint.com\/de\/primer\/#primaryimage\",\"url\":\"https:\/\/nordicchicpaint.com\/wp-content\/uploads\/2023\/06\/primer-2-e1687933505150.jpeg\",\"contentUrl\":\"https:\/\/nordicchicpaint.com\/wp-content\/uploads\/2023\/06\/primer-2-e1687933505150.jpeg\",\"width\":1920,\"height\":1080},{\"@type\":\"BreadcrumbList\",\"@id\":\"https:\/\/nordicchicpaint.com\/de\/primer\/#breadcrumb\",\"itemListElement\":[{\"@type\":\"ListItem\",\"position\":1,\"name\":\"Hjem\",\"item\":\"https:\/\/nordicchicpaint.com\/de\/\"},{\"@type\":\"ListItem\",\"position\":2,\"name\":\"Primer\"}]},{\"@type\":\"WebSite\",\"@id\":\"https:\/\/nordicchicpaint.com\/de\/#website\",\"url\":\"https:\/\/nordicchicpaint.com\/de\/\",\"name\":\"Nordic Chic\u00ae\",\"description\":\"Chalk paint for interior and exterior use\",\"publisher\":{\"@id\":\"https:\/\/nordicchicpaint.com\/de\/#organization\"},\"potentialAction\":[{\"@type\":\"SearchAction\",\"target\":{\"@type\":\"EntryPoint\",\"urlTemplate\":\"https:\/\/nordicchicpaint.com\/de\/?s={search_term_string}\"},\"query-input\":{\"@type\":\"PropertyValueSpecification\",\"valueRequired\":true,\"valueName\":\"search_term_string\"}}],\"inLanguage\":\"de\"},{\"@type\":\"Organization\",\"@id\":\"https:\/\/nordicchicpaint.com\/de\/#organization\",\"name\":\"Nordic Chic\u00ae\",\"url\":\"https:\/\/nordicchicpaint.com\/de\/\",\"logo\":{\"@type\":\"ImageObject\",\"inLanguage\":\"de\",\"@id\":\"https:\/\/nordicchicpaint.com\/de\/#\/schema\/logo\/image\/\",\"url\":\"https:\/\/nordicchicpaint.com\/wp-content\/uploads\/2021\/10\/logo.svg\",\"contentUrl\":\"https:\/\/nordicchicpaint.com\/wp-content\/uploads\/2021\/10\/logo.svg\",\"width\":479,\"height\":474,\"caption\":\"Nordic Chic\u00ae\"},\"image\":{\"@id\":\"https:\/\/nordicchicpaint.com\/de\/#\/schema\/logo\/image\/\"}}]}<\/script>\n<!-- \/ Yoast SEO plugin. -->","yoast_head_json":{"title":"Grundierung f\u00fcr M\u00f6bel, innen und au\u00dfen | Nordic Chic","description":"Optimale Grundierung f\u00fcr perfekte Ergebnisse \u2713 Schaffen Sie eine glatte Oberfl\u00e4che und verbessern Sie die Haftung Ihrer Farben.","robots":{"index":"index","follow":"follow","max-snippet":"max-snippet:-1","max-image-preview":"max-image-preview:large","max-video-preview":"max-video-preview:-1"},"canonical":"https:\/\/nordicchicpaint.com\/de\/primer\/","og_locale":"de_DE","og_type":"article","og_title":"Grundierung f\u00fcr M\u00f6bel, innen und au\u00dfen | Nordic Chic","og_description":"Optimale Grundierung f\u00fcr perfekte Ergebnisse \u2713 Schaffen Sie eine glatte Oberfl\u00e4che und verbessern Sie die Haftung Ihrer Farben.","og_url":"https:\/\/nordicchicpaint.com\/de\/primer\/","og_site_name":"Nordic Chic\u00ae","article_modified_time":"2025-04-09T11:48:22+00:00","og_image":[{"width":1920,"height":1080,"url":"https:\/\/nordicchicpaint.com\/wp-content\/uploads\/2023\/06\/primer-2-e1687933505150.jpeg","type":"image\/jpeg"}],"twitter_card":"summary_large_image","twitter_misc":{"Gesch\u00e4tzte Lesezeit":"2\u00a0Minuten"},"schema":{"@context":"https:\/\/schema.org","@graph":[{"@type":"WebPage","@id":"https:\/\/nordicchicpaint.com\/de\/primer\/","url":"https:\/\/nordicchicpaint.com\/de\/primer\/","name":"Grundierung f\u00fcr M\u00f6bel, innen und au\u00dfen | Nordic Chic","isPartOf":{"@id":"https:\/\/nordicchicpaint.com\/de\/#website"},"primaryImageOfPage":{"@id":"https:\/\/nordicchicpaint.com\/de\/primer\/#primaryimage"},"image":{"@id":"https:\/\/nordicchicpaint.com\/de\/primer\/#primaryimage"},"thumbnailUrl":"https:\/\/nordicchicpaint.com\/wp-content\/uploads\/2023\/06\/primer-2-e1687933505150.jpeg","datePublished":"2022-04-13T07:04:31+00:00","dateModified":"2025-04-09T11:48:22+00:00","description":"Optimale Grundierung f\u00fcr perfekte Ergebnisse \u2713 Schaffen Sie eine glatte Oberfl\u00e4che und verbessern Sie die Haftung Ihrer Farben.","breadcrumb":{"@id":"https:\/\/nordicchicpaint.com\/de\/primer\/#breadcrumb"},"inLanguage":"de","potentialAction":[{"@type":"ReadAction","target":["https:\/\/nordicchicpaint.com\/de\/primer\/"]}]},{"@type":"ImageObject","inLanguage":"de","@id":"https:\/\/nordicchicpaint.com\/de\/primer\/#primaryimage","url":"https:\/\/nordicchicpaint.com\/wp-content\/uploads\/2023\/06\/primer-2-e1687933505150.jpeg","contentUrl":"https:\/\/nordicchicpaint.com\/wp-content\/uploads\/2023\/06\/primer-2-e1687933505150.jpeg","width":1920,"height":1080},{"@type":"BreadcrumbList","@id":"https:\/\/nordicchicpaint.com\/de\/primer\/#breadcrumb","itemListElement":[{"@type":"ListItem","position":1,"name":"Hjem","item":"https:\/\/nordicchicpaint.com\/de\/"},{"@type":"ListItem","position":2,"name":"Primer"}]},{"@type":"WebSite","@id":"https:\/\/nordicchicpaint.com\/de\/#website","url":"https:\/\/nordicchicpaint.com\/de\/","name":"Nordic Chic\u00ae","description":"Chalk paint for interior and exterior use","publisher":{"@id":"https:\/\/nordicchicpaint.com\/de\/#organization"},"potentialAction":[{"@type":"SearchAction","target":{"@type":"EntryPoint","urlTemplate":"https:\/\/nordicchicpaint.com\/de\/?s={search_term_string}"},"query-input":{"@type":"PropertyValueSpecification","valueRequired":true,"valueName":"search_term_string"}}],"inLanguage":"de"},{"@type":"Organization","@id":"https:\/\/nordicchicpaint.com\/de\/#organization","name":"Nordic Chic\u00ae","url":"https:\/\/nordicchicpaint.com\/de\/","logo":{"@type":"ImageObject","inLanguage":"de","@id":"https:\/\/nordicchicpaint.com\/de\/#\/schema\/logo\/image\/","url":"https:\/\/nordicchicpaint.com\/wp-content\/uploads\/2021\/10\/logo.svg","contentUrl":"https:\/\/nordicchicpaint.com\/wp-content\/uploads\/2021\/10\/logo.svg","width":479,"height":474,"caption":"Nordic Chic\u00ae"},"image":{"@id":"https:\/\/nordicchicpaint.com\/de\/#\/schema\/logo\/image\/"}}]}},"_links":{"self":[{"href":"https:\/\/nordicchicpaint.com\/de\/wp-json\/wp\/v2\/pages\/4363"}],"collection":[{"href":"https:\/\/nordicchicpaint.com\/de\/wp-json\/wp\/v2\/pages"}],"about":[{"href":"https:\/\/nordicchicpaint.com\/de\/wp-json\/wp\/v2\/types\/page"}],"author":[{"embeddable":true,"href":"https:\/\/nordicchicpaint.com\/de\/wp-json\/wp\/v2\/users\/1"}],"replies":[{"embeddable":true,"href":"https:\/\/nordicchicpaint.com\/de\/wp-json\/wp\/v2\/comments?post=4363"}],"version-history":[{"count":4,"href":"https:\/\/nordicchicpaint.com\/de\/wp-json\/wp\/v2\/pages\/4363\/revisions"}],"predecessor-version":[{"id":5106,"href":"https:\/\/nordicchicpaint.com\/de\/wp-json\/wp\/v2\/pages\/4363\/revisions\/5106"}],"wp:featuredmedia":[{"embeddable":true,"href":"https:\/\/nordicchicpaint.com\/de\/wp-json\/wp\/v2\/media\/5056"}],"wp:attachment":[{"href":"https:\/\/nordicchicpaint.com\/de\/wp-json\/wp\/v2\/media?parent=4363"}],"wp:term":[{"taxonomy":"category","embeddable":true,"href":"https:\/\/nordicchicpaint.com\/de\/wp-json\/wp\/v2\/categories?post=4363"}],"curies":[{"name":"wp","href":"https:\/\/api.w.org\/{rel}","templated":true}]}}