{"id":4360,"date":"2021-10-21T12:22:36","date_gmt":"2021-10-21T10:22:36","guid":{"rendered":"https:\/\/nordicchicpaint.com\/tools\/"},"modified":"2025-01-03T12:42:51","modified_gmt":"2025-01-03T11:42:51","slug":"tools","status":"publish","type":"page","link":"https:\/\/nordicchicpaint.com\/de\/tools\/","title":{"rendered":"Tools"},"content":{"rendered":"<section class=\"wpb-content-wrapper\"><p>[vc_row full_width=&#8220;stretch_row&#8220;][vc_column]<div class=\"ult-spacer spacer-6a039afabacd5\" data-id=\"6a039afabacd5\" data-height=\"90\" data-height-mobile=\"60\" data-height-tab=\"90\" data-height-tab-portrait=\"60\" data-height-mobile-landscape=\"60\" style=\"clear:both;display:block;\"><\/div>[vc_row_inner][vc_column_inner width=&#8220;1\/6&#8243;][\/vc_column_inner][vc_column_inner width=&#8220;2\/3&#8243;][vc_column_text]<\/p>\n<h2 style=\"text-align: center;\">Nordic Chic Pinsel werden in der EU hergestellt und sind sowohl zum Wachsen als auch zum Malen geeignet<\/h2>\n<p>Wir k\u00f6nnen Ihnen Pinsel in mehreren exklusiven Designs f\u00fcr unterschiedliche Zwecke anbieten.<\/p>\n<p>Eine ovale B\u00fcrste mit Synthetikfaser f\u00fcr eine glatte Oberfl\u00e4che und ein elegantes Aussehen.<\/p>\n<p>Ein Flachpinsel mit Synthetikborsten zum Malen der gro\u00dfen flachen Strecken.<\/p>\n<p>Unsere kleine Flachb\u00fcrste mit Mini-Stiel hilft Ihnen dabei, auch an die schmalen Stellen zu kommen, wo ein langer Stiel im Weg w\u00e4re.<\/p>\n<p>Dann haben wir einen abgewinkelten Sch\u00e4rpenpinsel, um sch\u00f6ne gerade Kanten zu malen, auch mit synthetischen Borsten.<\/p>\n<p>Unser Rechampir-Pinsel \u2013 rund und spitz \u2013 eignet sich hervorragend f\u00fcr alle Ornamente und Schnitzereien, die nur schwer richtig zu erreichen sind. Es wird auch mit synthetischen Borsten hergestellt.<\/p>\n<p>Unsere Schablonenpinsel gibt es in zwei Gr\u00f6\u00dfen \u2013 4 &amp; 8 \u2013 und sie sind mit Naturborsten.<\/p>\n<p>Unsere sch\u00f6ne spitze Wachsb\u00fcrste ist ideal f\u00fcr alle Oberfl\u00e4chen und hat einen gut abgerundeten Griff zum Festhalten und spitze Naturborsten.<\/p>\n<p>Unsere B\u00fcrsten werden alle am selben Ort in der EU hergestellt, um ein glattes, einheitliches Aussehen zu erzielen.<\/p>\n<p>Unsere Nordic Chic\u00ae B\u00fcrsten sind FSC-zertifiziert, damit Sie wissen, dass wir auch bei diesen Produkten auf die Umwelt achten.<\/p>\n<h3>Nordic Chic\u00ae B\u00fcrsten sind eine gute Investition und halten bei guter Pflege jahrelang.<\/h3>\n<p>Reinigen Sie sie immer entweder mit Nordic Chic Prep &amp; Clean oder lauwarmem Wasser und milder Seife und achten Sie darauf, danach mit klarem Wasser nachzusp\u00fclen, damit keine Seife oder Farbe im Pinsel zur\u00fcckbleibt. Wachspinsel k\u00f6nnen mit Spiritus oder etwas \u00e4hnlichem, das Fett entfernt, gereinigt werden.<\/p>\n<p>Alle unsere B\u00fcrsten werden mit guten Massivholzgriffen hergestellt, die alle mit unserem Logo bedruckt sind.<\/p>\n<p>Finden Sie <a href=\"\/de\/retailers-near-you\/\">hier<\/a> Ihren H\u00e4ndler oder kaufen Sie hier <a href=\"http:\/\/www.nordichic.eu\" target=\"_blank\" rel=\"noopener\">www.nordichic.eu<\/a>.[\/vc_column_text][\/vc_column_inner][vc_column_inner width=&#8220;1\/6&#8243;][\/vc_column_inner][\/vc_row_inner][vc_empty_space height=&#8220;60px&#8220;][vc_media_grid gap=&#8220;3&#8243; item=&#8220;2848&#8243; grid_id=&#8220;vc_gid:1660806838339-91bbcd89-8459-9&#8243; include=&#8220;3450,3452,3454,3455,3456,3457,3458,3459,3460,3451&#8243;]<div class=\"ult-spacer spacer-6a039afabad1e\" data-id=\"6a039afabad1e\" data-height=\"90\" data-height-mobile=\"60\" data-height-tab=\"90\" data-height-tab-portrait=\"60\" data-height-mobile-landscape=\"60\" style=\"clear:both;display:block;\"><\/div>[\/vc_column][\/vc_row]<\/p>\n<\/section>","protected":false},"excerpt":{"rendered":"<p>[vc_row full_width=&#8220;stretch_row&#8220;][vc_column][vc_row_inner][vc_column_inner width=&#8220;1\/6&#8243;][\/vc_column_inner][vc_column_inner width=&#8220;2\/3&#8243;][vc_column_text] Nordic Chic Pinsel werden in der EU hergestellt und sind sowohl zum Wachsen als auch zum Malen geeignet Wir k\u00f6nnen Ihnen Pinsel in mehreren exklusiven Designs f\u00fcr unterschiedliche Zwecke anbieten. Eine ovale B\u00fcrste mit Synthetikfaser f\u00fcr eine glatte Oberfl\u00e4che und ein elegantes Aussehen. Ein Flachpinsel mit Synthetikborsten zum Malen der gro\u00dfen &#8230; <a title=\"Tools\" class=\"read-more\" href=\"https:\/\/nordicchicpaint.com\/de\/tools\/\" aria-label=\"Mehr Informationen \u00fcber Tools\">Weiterlesen &#8230;<\/a><\/p>\n","protected":false},"author":1,"featured_media":4280,"parent":0,"menu_order":6,"comment_status":"closed","ping_status":"closed","template":"","meta":{"_acf_changed":false,"footnotes":""},"categories":[],"class_list":["post-4360","page","type-page","status-publish","has-post-thumbnail"],"acf":[],"yoast_head":"<!-- This site is optimized with the Yoast SEO plugin v23.4 - https:\/\/yoast.com\/wordpress\/plugins\/seo\/ -->\n<title>Hochwertige Malerpinsel, in der EU hergestellt | Nordic Chic<\/title>\n<meta name=\"description\" content=\"Entdecken Sie hochwertige Malerpinsel f\u00fcr pr\u00e4zises Arbeiten \u2713 Unsere Pinsel bieten langlebige Borsten und ergonomische Griffe.\" \/>\n<meta name=\"robots\" content=\"index, follow, max-snippet:-1, max-image-preview:large, max-video-preview:-1\" \/>\n<link rel=\"canonical\" href=\"https:\/\/nordicchicpaint.com\/de\/tools\/\" \/>\n<meta property=\"og:locale\" content=\"de_DE\" \/>\n<meta property=\"og:type\" content=\"article\" \/>\n<meta property=\"og:title\" content=\"Hochwertige Malerpinsel, in der EU hergestellt | Nordic Chic\" \/>\n<meta property=\"og:description\" content=\"Entdecken Sie hochwertige Malerpinsel f\u00fcr pr\u00e4zises Arbeiten \u2713 Unsere Pinsel bieten langlebige Borsten und ergonomische Griffe.\" \/>\n<meta property=\"og:url\" content=\"https:\/\/nordicchicpaint.com\/de\/tools\/\" \/>\n<meta property=\"og:site_name\" content=\"Nordic Chic\u00ae\" \/>\n<meta property=\"article:modified_time\" content=\"2025-01-03T11:42:51+00:00\" \/>\n<meta property=\"og:image\" content=\"https:\/\/nordicchicpaint.com\/wp-content\/uploads\/2022\/08\/Pensler.jpeg\" \/>\n\t<meta property=\"og:image:width\" content=\"1200\" \/>\n\t<meta property=\"og:image:height\" content=\"795\" \/>\n\t<meta property=\"og:image:type\" content=\"image\/jpeg\" \/>\n<meta name=\"twitter:card\" content=\"summary_large_image\" \/>\n<meta name=\"twitter:label1\" content=\"Gesch\u00e4tzte Lesezeit\" \/>\n\t<meta name=\"twitter:data1\" content=\"2\u00a0Minuten\" \/>\n<script type=\"application\/ld+json\" class=\"yoast-schema-graph\">{\"@context\":\"https:\/\/schema.org\",\"@graph\":[{\"@type\":\"WebPage\",\"@id\":\"https:\/\/nordicchicpaint.com\/de\/tools\/\",\"url\":\"https:\/\/nordicchicpaint.com\/de\/tools\/\",\"name\":\"Hochwertige Malerpinsel, in der EU hergestellt | Nordic Chic\",\"isPartOf\":{\"@id\":\"https:\/\/nordicchicpaint.com\/de\/#website\"},\"primaryImageOfPage\":{\"@id\":\"https:\/\/nordicchicpaint.com\/de\/tools\/#primaryimage\"},\"image\":{\"@id\":\"https:\/\/nordicchicpaint.com\/de\/tools\/#primaryimage\"},\"thumbnailUrl\":\"https:\/\/nordicchicpaint.com\/wp-content\/uploads\/2022\/08\/Pensler.jpeg\",\"datePublished\":\"2021-10-21T10:22:36+00:00\",\"dateModified\":\"2025-01-03T11:42:51+00:00\",\"description\":\"Entdecken Sie hochwertige Malerpinsel f\u00fcr pr\u00e4zises Arbeiten \u2713 Unsere Pinsel bieten langlebige Borsten und ergonomische Griffe.\",\"breadcrumb\":{\"@id\":\"https:\/\/nordicchicpaint.com\/de\/tools\/#breadcrumb\"},\"inLanguage\":\"de\",\"potentialAction\":[{\"@type\":\"ReadAction\",\"target\":[\"https:\/\/nordicchicpaint.com\/de\/tools\/\"]}]},{\"@type\":\"ImageObject\",\"inLanguage\":\"de\",\"@id\":\"https:\/\/nordicchicpaint.com\/de\/tools\/#primaryimage\",\"url\":\"https:\/\/nordicchicpaint.com\/wp-content\/uploads\/2022\/08\/Pensler.jpeg\",\"contentUrl\":\"https:\/\/nordicchicpaint.com\/wp-content\/uploads\/2022\/08\/Pensler.jpeg\",\"width\":1200,\"height\":795},{\"@type\":\"BreadcrumbList\",\"@id\":\"https:\/\/nordicchicpaint.com\/de\/tools\/#breadcrumb\",\"itemListElement\":[{\"@type\":\"ListItem\",\"position\":1,\"name\":\"Hjem\",\"item\":\"https:\/\/nordicchicpaint.com\/de\/\"},{\"@type\":\"ListItem\",\"position\":2,\"name\":\"Tools\"}]},{\"@type\":\"WebSite\",\"@id\":\"https:\/\/nordicchicpaint.com\/de\/#website\",\"url\":\"https:\/\/nordicchicpaint.com\/de\/\",\"name\":\"Nordic Chic\u00ae\",\"description\":\"Chalk paint for interior and exterior use\",\"publisher\":{\"@id\":\"https:\/\/nordicchicpaint.com\/de\/#organization\"},\"potentialAction\":[{\"@type\":\"SearchAction\",\"target\":{\"@type\":\"EntryPoint\",\"urlTemplate\":\"https:\/\/nordicchicpaint.com\/de\/?s={search_term_string}\"},\"query-input\":{\"@type\":\"PropertyValueSpecification\",\"valueRequired\":true,\"valueName\":\"search_term_string\"}}],\"inLanguage\":\"de\"},{\"@type\":\"Organization\",\"@id\":\"https:\/\/nordicchicpaint.com\/de\/#organization\",\"name\":\"Nordic Chic\u00ae\",\"url\":\"https:\/\/nordicchicpaint.com\/de\/\",\"logo\":{\"@type\":\"ImageObject\",\"inLanguage\":\"de\",\"@id\":\"https:\/\/nordicchicpaint.com\/de\/#\/schema\/logo\/image\/\",\"url\":\"https:\/\/nordicchicpaint.com\/wp-content\/uploads\/2021\/10\/logo.svg\",\"contentUrl\":\"https:\/\/nordicchicpaint.com\/wp-content\/uploads\/2021\/10\/logo.svg\",\"width\":479,\"height\":474,\"caption\":\"Nordic Chic\u00ae\"},\"image\":{\"@id\":\"https:\/\/nordicchicpaint.com\/de\/#\/schema\/logo\/image\/\"}}]}<\/script>\n<!-- \/ Yoast SEO plugin. -->","yoast_head_json":{"title":"Hochwertige Malerpinsel, in der EU hergestellt | Nordic Chic","description":"Entdecken Sie hochwertige Malerpinsel f\u00fcr pr\u00e4zises Arbeiten \u2713 Unsere Pinsel bieten langlebige Borsten und ergonomische Griffe.","robots":{"index":"index","follow":"follow","max-snippet":"max-snippet:-1","max-image-preview":"max-image-preview:large","max-video-preview":"max-video-preview:-1"},"canonical":"https:\/\/nordicchicpaint.com\/de\/tools\/","og_locale":"de_DE","og_type":"article","og_title":"Hochwertige Malerpinsel, in der EU hergestellt | Nordic Chic","og_description":"Entdecken Sie hochwertige Malerpinsel f\u00fcr pr\u00e4zises Arbeiten \u2713 Unsere Pinsel bieten langlebige Borsten und ergonomische Griffe.","og_url":"https:\/\/nordicchicpaint.com\/de\/tools\/","og_site_name":"Nordic Chic\u00ae","article_modified_time":"2025-01-03T11:42:51+00:00","og_image":[{"width":1200,"height":795,"url":"https:\/\/nordicchicpaint.com\/wp-content\/uploads\/2022\/08\/Pensler.jpeg","type":"image\/jpeg"}],"twitter_card":"summary_large_image","twitter_misc":{"Gesch\u00e4tzte Lesezeit":"2\u00a0Minuten"},"schema":{"@context":"https:\/\/schema.org","@graph":[{"@type":"WebPage","@id":"https:\/\/nordicchicpaint.com\/de\/tools\/","url":"https:\/\/nordicchicpaint.com\/de\/tools\/","name":"Hochwertige Malerpinsel, in der EU hergestellt | Nordic Chic","isPartOf":{"@id":"https:\/\/nordicchicpaint.com\/de\/#website"},"primaryImageOfPage":{"@id":"https:\/\/nordicchicpaint.com\/de\/tools\/#primaryimage"},"image":{"@id":"https:\/\/nordicchicpaint.com\/de\/tools\/#primaryimage"},"thumbnailUrl":"https:\/\/nordicchicpaint.com\/wp-content\/uploads\/2022\/08\/Pensler.jpeg","datePublished":"2021-10-21T10:22:36+00:00","dateModified":"2025-01-03T11:42:51+00:00","description":"Entdecken Sie hochwertige Malerpinsel f\u00fcr pr\u00e4zises Arbeiten \u2713 Unsere Pinsel bieten langlebige Borsten und ergonomische Griffe.","breadcrumb":{"@id":"https:\/\/nordicchicpaint.com\/de\/tools\/#breadcrumb"},"inLanguage":"de","potentialAction":[{"@type":"ReadAction","target":["https:\/\/nordicchicpaint.com\/de\/tools\/"]}]},{"@type":"ImageObject","inLanguage":"de","@id":"https:\/\/nordicchicpaint.com\/de\/tools\/#primaryimage","url":"https:\/\/nordicchicpaint.com\/wp-content\/uploads\/2022\/08\/Pensler.jpeg","contentUrl":"https:\/\/nordicchicpaint.com\/wp-content\/uploads\/2022\/08\/Pensler.jpeg","width":1200,"height":795},{"@type":"BreadcrumbList","@id":"https:\/\/nordicchicpaint.com\/de\/tools\/#breadcrumb","itemListElement":[{"@type":"ListItem","position":1,"name":"Hjem","item":"https:\/\/nordicchicpaint.com\/de\/"},{"@type":"ListItem","position":2,"name":"Tools"}]},{"@type":"WebSite","@id":"https:\/\/nordicchicpaint.com\/de\/#website","url":"https:\/\/nordicchicpaint.com\/de\/","name":"Nordic Chic\u00ae","description":"Chalk paint for interior and exterior use","publisher":{"@id":"https:\/\/nordicchicpaint.com\/de\/#organization"},"potentialAction":[{"@type":"SearchAction","target":{"@type":"EntryPoint","urlTemplate":"https:\/\/nordicchicpaint.com\/de\/?s={search_term_string}"},"query-input":{"@type":"PropertyValueSpecification","valueRequired":true,"valueName":"search_term_string"}}],"inLanguage":"de"},{"@type":"Organization","@id":"https:\/\/nordicchicpaint.com\/de\/#organization","name":"Nordic Chic\u00ae","url":"https:\/\/nordicchicpaint.com\/de\/","logo":{"@type":"ImageObject","inLanguage":"de","@id":"https:\/\/nordicchicpaint.com\/de\/#\/schema\/logo\/image\/","url":"https:\/\/nordicchicpaint.com\/wp-content\/uploads\/2021\/10\/logo.svg","contentUrl":"https:\/\/nordicchicpaint.com\/wp-content\/uploads\/2021\/10\/logo.svg","width":479,"height":474,"caption":"Nordic Chic\u00ae"},"image":{"@id":"https:\/\/nordicchicpaint.com\/de\/#\/schema\/logo\/image\/"}}]}},"_links":{"self":[{"href":"https:\/\/nordicchicpaint.com\/de\/wp-json\/wp\/v2\/pages\/4360"}],"collection":[{"href":"https:\/\/nordicchicpaint.com\/de\/wp-json\/wp\/v2\/pages"}],"about":[{"href":"https:\/\/nordicchicpaint.com\/de\/wp-json\/wp\/v2\/types\/page"}],"author":[{"embeddable":true,"href":"https:\/\/nordicchicpaint.com\/de\/wp-json\/wp\/v2\/users\/1"}],"replies":[{"embeddable":true,"href":"https:\/\/nordicchicpaint.com\/de\/wp-json\/wp\/v2\/comments?post=4360"}],"version-history":[{"count":5,"href":"https:\/\/nordicchicpaint.com\/de\/wp-json\/wp\/v2\/pages\/4360\/revisions"}],"predecessor-version":[{"id":4418,"href":"https:\/\/nordicchicpaint.com\/de\/wp-json\/wp\/v2\/pages\/4360\/revisions\/4418"}],"wp:featuredmedia":[{"embeddable":true,"href":"https:\/\/nordicchicpaint.com\/de\/wp-json\/wp\/v2\/media\/4280"}],"wp:attachment":[{"href":"https:\/\/nordicchicpaint.com\/de\/wp-json\/wp\/v2\/media?parent=4360"}],"wp:term":[{"taxonomy":"category","embeddable":true,"href":"https:\/\/nordicchicpaint.com\/de\/wp-json\/wp\/v2\/categories?post=4360"}],"curies":[{"name":"wp","href":"https:\/\/api.w.org\/{rel}","templated":true}]}}