{"id":4357,"date":"2022-05-25T15:24:59","date_gmt":"2022-05-25T13:24:59","guid":{"rendered":"https:\/\/nordicchicpaint.com\/crackle\/"},"modified":"2025-01-03T12:43:07","modified_gmt":"2025-01-03T11:43:07","slug":"crackle","status":"publish","type":"page","link":"https:\/\/nordicchicpaint.com\/de\/farbmedien\/crackle\/","title":{"rendered":"Crackle"},"content":{"rendered":"<section class=\"wpb-content-wrapper\"><p>[vc_row full_width=&#8220;stretch_row&#8220;][vc_column]<div class=\"ult-spacer spacer-69f114e38927a\" data-id=\"69f114e38927a\" data-height=\"90\" data-height-mobile=\"60\" data-height-tab=\"90\" data-height-tab-portrait=\"60\" data-height-mobile-landscape=\"60\" style=\"clear:both;display:block;\"><\/div>[vc_row_inner][vc_column_inner width=&#8220;1\/6&#8243;][\/vc_column_inner][vc_column_inner width=&#8220;2\/3&#8243;][vc_column_text]<\/p>\n<h1>Geknister mittel<\/h1>\n<p>Crackle ist ein dickfl\u00fcssiges Medium, mit dem Farben oder Putze auf Wasserbasis \u201eklobige\u201c, abgeplatzte Craquel\u00e9-Effekte erzeugen k\u00f6nnen.<\/p>\n<p>Crackle reproduziert den raffinierten, gealterten, antiken Look von verwitterter Farbe und\/oder Putz. Je nachdem, wie Sie es auftragen, zeigt sich das Knistern in unterschiedlichen Formationen. Tupfen Sie es auf, um feine Risse zu machen, oder f\u00fcgen Sie es in langen Strichen hinzu, und die Risse werden lang gestreckt.<\/p>\n<p>Experimentieren Sie mit verschiedenen Methoden, um unterschiedliche Ergebnisse zu erzielen. Crackle ist ein einfach zu verwendendes, umweltfreundliches und nicht unangenehmes Produkt.<\/p>\n<p>400 ml im leicht zu \u00f6ffnenden Schraubdeckelbeh\u00e4lter.<\/p>\n<p>Finden Sie <a href=\"\/de\/retailers-near-you\/\">hier<\/a> Ihren H\u00e4ndler oder kaufen Sie hier <a href=\"http:\/\/www.nordichic.eu\" target=\"_blank\" rel=\"noopener\">www.nordichic.eu<\/a>.[\/vc_column_text][\/vc_column_inner][vc_column_inner width=&#8220;1\/6&#8243;][\/vc_column_inner][\/vc_row_inner]<div class=\"ult-spacer spacer-69f114e3892c6\" data-id=\"69f114e3892c6\" data-height=\"90\" data-height-mobile=\"60\" data-height-tab=\"90\" data-height-tab-portrait=\"60\" data-height-mobile-landscape=\"60\" style=\"clear:both;display:block;\"><\/div>[vc_media_grid element_width=&#8220;6&#8243; grid_id=&#8220;vc_gid:1668626786970-9bc585f1-36a0-10&#8243; include=&#8220;3941,3940&#8243;]<div class=\"ult-spacer spacer-69f114e3892ef\" data-id=\"69f114e3892ef\" data-height=\"90\" data-height-mobile=\"60\" data-height-tab=\"90\" data-height-tab-portrait=\"60\" data-height-mobile-landscape=\"60\" style=\"clear:both;display:block;\"><\/div>[\/vc_column][\/vc_row]<\/p>\n<\/section>","protected":false},"excerpt":{"rendered":"<p>[vc_row full_width=&#8220;stretch_row&#8220;][vc_column][vc_row_inner][vc_column_inner width=&#8220;1\/6&#8243;][\/vc_column_inner][vc_column_inner width=&#8220;2\/3&#8243;][vc_column_text] Geknister mittel Crackle ist ein dickfl\u00fcssiges Medium, mit dem Farben oder Putze auf Wasserbasis \u201eklobige\u201c, abgeplatzte Craquel\u00e9-Effekte erzeugen k\u00f6nnen. Crackle reproduziert den raffinierten, gealterten, antiken Look von verwitterter Farbe und\/oder Putz. Je nachdem, wie Sie es auftragen, zeigt sich das Knistern in unterschiedlichen Formationen. Tupfen Sie es auf, um feine Risse &#8230; <a title=\"Crackle\" class=\"read-more\" href=\"https:\/\/nordicchicpaint.com\/de\/farbmedien\/crackle\/\" aria-label=\"Mehr Informationen \u00fcber Crackle\">Weiterlesen &#8230;<\/a><\/p>\n","protected":false},"author":1,"featured_media":5043,"parent":5930,"menu_order":18,"comment_status":"closed","ping_status":"closed","template":"","meta":{"_acf_changed":false,"footnotes":""},"categories":[],"class_list":["post-4357","page","type-page","status-publish","has-post-thumbnail"],"acf":[],"yoast_head":"<!-- This site is optimized with the Yoast SEO plugin v23.4 - https:\/\/yoast.com\/wordpress\/plugins\/seo\/ -->\n<title>Crackle Effekt Lack f\u00fcr M\u00f6bel und W\u00e4nde | Nordic Chic<\/title>\n<meta name=\"description\" content=\"Erleben Sie den faszinierenden Crackle Effekt Lack \u2713 Verleihen Sie Ihren M\u00f6beln und Dekorationen einen einzigartigen Vintage-Look.\" \/>\n<meta name=\"robots\" content=\"index, follow, max-snippet:-1, max-image-preview:large, max-video-preview:-1\" \/>\n<link rel=\"canonical\" href=\"https:\/\/nordicchicpaint.com\/de\/farbmedien\/crackle\/\" \/>\n<meta property=\"og:locale\" content=\"de_DE\" \/>\n<meta property=\"og:type\" content=\"article\" \/>\n<meta property=\"og:title\" content=\"Crackle Effekt Lack f\u00fcr M\u00f6bel und W\u00e4nde | Nordic Chic\" \/>\n<meta property=\"og:description\" content=\"Erleben Sie den faszinierenden Crackle Effekt Lack \u2713 Verleihen Sie Ihren M\u00f6beln und Dekorationen einen einzigartigen Vintage-Look.\" \/>\n<meta property=\"og:url\" content=\"https:\/\/nordicchicpaint.com\/de\/farbmedien\/crackle\/\" \/>\n<meta property=\"og:site_name\" content=\"Nordic Chic\u00ae\" \/>\n<meta property=\"article:modified_time\" content=\"2025-01-03T11:43:07+00:00\" \/>\n<meta property=\"og:image\" content=\"https:\/\/nordicchicpaint.com\/wp-content\/uploads\/2023\/06\/crackle-1-1-e1687933144439.jpeg\" \/>\n\t<meta property=\"og:image:width\" content=\"1920\" \/>\n\t<meta property=\"og:image:height\" content=\"585\" \/>\n\t<meta property=\"og:image:type\" content=\"image\/jpeg\" \/>\n<meta name=\"twitter:card\" content=\"summary_large_image\" \/>\n<meta name=\"twitter:label1\" content=\"Gesch\u00e4tzte Lesezeit\" \/>\n\t<meta name=\"twitter:data1\" content=\"1\u00a0Minute\" \/>\n<script type=\"application\/ld+json\" class=\"yoast-schema-graph\">{\"@context\":\"https:\/\/schema.org\",\"@graph\":[{\"@type\":\"WebPage\",\"@id\":\"https:\/\/nordicchicpaint.com\/de\/farbmedien\/crackle\/\",\"url\":\"https:\/\/nordicchicpaint.com\/de\/farbmedien\/crackle\/\",\"name\":\"Crackle Effekt Lack f\u00fcr M\u00f6bel und W\u00e4nde | Nordic Chic\",\"isPartOf\":{\"@id\":\"https:\/\/nordicchicpaint.com\/de\/#website\"},\"primaryImageOfPage\":{\"@id\":\"https:\/\/nordicchicpaint.com\/de\/farbmedien\/crackle\/#primaryimage\"},\"image\":{\"@id\":\"https:\/\/nordicchicpaint.com\/de\/farbmedien\/crackle\/#primaryimage\"},\"thumbnailUrl\":\"https:\/\/nordicchicpaint.com\/wp-content\/uploads\/2023\/06\/crackle-1-1-e1687933144439.jpeg\",\"datePublished\":\"2022-05-25T13:24:59+00:00\",\"dateModified\":\"2025-01-03T11:43:07+00:00\",\"description\":\"Erleben Sie den faszinierenden Crackle Effekt Lack \u2713 Verleihen Sie Ihren M\u00f6beln und Dekorationen einen einzigartigen Vintage-Look.\",\"breadcrumb\":{\"@id\":\"https:\/\/nordicchicpaint.com\/de\/farbmedien\/crackle\/#breadcrumb\"},\"inLanguage\":\"de\",\"potentialAction\":[{\"@type\":\"ReadAction\",\"target\":[\"https:\/\/nordicchicpaint.com\/de\/farbmedien\/crackle\/\"]}]},{\"@type\":\"ImageObject\",\"inLanguage\":\"de\",\"@id\":\"https:\/\/nordicchicpaint.com\/de\/farbmedien\/crackle\/#primaryimage\",\"url\":\"https:\/\/nordicchicpaint.com\/wp-content\/uploads\/2023\/06\/crackle-1-1-e1687933144439.jpeg\",\"contentUrl\":\"https:\/\/nordicchicpaint.com\/wp-content\/uploads\/2023\/06\/crackle-1-1-e1687933144439.jpeg\",\"width\":1920,\"height\":585},{\"@type\":\"BreadcrumbList\",\"@id\":\"https:\/\/nordicchicpaint.com\/de\/farbmedien\/crackle\/#breadcrumb\",\"itemListElement\":[{\"@type\":\"ListItem\",\"position\":1,\"name\":\"Hjem\",\"item\":\"https:\/\/nordicchicpaint.com\/de\/\"},{\"@type\":\"ListItem\",\"position\":2,\"name\":\"Farbmedien\",\"item\":\"https:\/\/nordicchicpaint.com\/de\/mediums\/\"},{\"@type\":\"ListItem\",\"position\":3,\"name\":\"Crackle\"}]},{\"@type\":\"WebSite\",\"@id\":\"https:\/\/nordicchicpaint.com\/de\/#website\",\"url\":\"https:\/\/nordicchicpaint.com\/de\/\",\"name\":\"Nordic Chic\u00ae\",\"description\":\"Chalk paint for interior and exterior use\",\"publisher\":{\"@id\":\"https:\/\/nordicchicpaint.com\/de\/#organization\"},\"potentialAction\":[{\"@type\":\"SearchAction\",\"target\":{\"@type\":\"EntryPoint\",\"urlTemplate\":\"https:\/\/nordicchicpaint.com\/de\/?s={search_term_string}\"},\"query-input\":{\"@type\":\"PropertyValueSpecification\",\"valueRequired\":true,\"valueName\":\"search_term_string\"}}],\"inLanguage\":\"de\"},{\"@type\":\"Organization\",\"@id\":\"https:\/\/nordicchicpaint.com\/de\/#organization\",\"name\":\"Nordic Chic\u00ae\",\"url\":\"https:\/\/nordicchicpaint.com\/de\/\",\"logo\":{\"@type\":\"ImageObject\",\"inLanguage\":\"de\",\"@id\":\"https:\/\/nordicchicpaint.com\/de\/#\/schema\/logo\/image\/\",\"url\":\"https:\/\/nordicchicpaint.com\/wp-content\/uploads\/2021\/10\/logo.svg\",\"contentUrl\":\"https:\/\/nordicchicpaint.com\/wp-content\/uploads\/2021\/10\/logo.svg\",\"width\":479,\"height\":474,\"caption\":\"Nordic Chic\u00ae\"},\"image\":{\"@id\":\"https:\/\/nordicchicpaint.com\/de\/#\/schema\/logo\/image\/\"}}]}<\/script>\n<!-- \/ Yoast SEO plugin. -->","yoast_head_json":{"title":"Crackle Effekt Lack f\u00fcr M\u00f6bel und W\u00e4nde | Nordic Chic","description":"Erleben Sie den faszinierenden Crackle Effekt Lack \u2713 Verleihen Sie Ihren M\u00f6beln und Dekorationen einen einzigartigen Vintage-Look.","robots":{"index":"index","follow":"follow","max-snippet":"max-snippet:-1","max-image-preview":"max-image-preview:large","max-video-preview":"max-video-preview:-1"},"canonical":"https:\/\/nordicchicpaint.com\/de\/farbmedien\/crackle\/","og_locale":"de_DE","og_type":"article","og_title":"Crackle Effekt Lack f\u00fcr M\u00f6bel und W\u00e4nde | Nordic Chic","og_description":"Erleben Sie den faszinierenden Crackle Effekt Lack \u2713 Verleihen Sie Ihren M\u00f6beln und Dekorationen einen einzigartigen Vintage-Look.","og_url":"https:\/\/nordicchicpaint.com\/de\/farbmedien\/crackle\/","og_site_name":"Nordic Chic\u00ae","article_modified_time":"2025-01-03T11:43:07+00:00","og_image":[{"width":1920,"height":585,"url":"https:\/\/nordicchicpaint.com\/wp-content\/uploads\/2023\/06\/crackle-1-1-e1687933144439.jpeg","type":"image\/jpeg"}],"twitter_card":"summary_large_image","twitter_misc":{"Gesch\u00e4tzte Lesezeit":"1\u00a0Minute"},"schema":{"@context":"https:\/\/schema.org","@graph":[{"@type":"WebPage","@id":"https:\/\/nordicchicpaint.com\/de\/farbmedien\/crackle\/","url":"https:\/\/nordicchicpaint.com\/de\/farbmedien\/crackle\/","name":"Crackle Effekt Lack f\u00fcr M\u00f6bel und W\u00e4nde | Nordic Chic","isPartOf":{"@id":"https:\/\/nordicchicpaint.com\/de\/#website"},"primaryImageOfPage":{"@id":"https:\/\/nordicchicpaint.com\/de\/farbmedien\/crackle\/#primaryimage"},"image":{"@id":"https:\/\/nordicchicpaint.com\/de\/farbmedien\/crackle\/#primaryimage"},"thumbnailUrl":"https:\/\/nordicchicpaint.com\/wp-content\/uploads\/2023\/06\/crackle-1-1-e1687933144439.jpeg","datePublished":"2022-05-25T13:24:59+00:00","dateModified":"2025-01-03T11:43:07+00:00","description":"Erleben Sie den faszinierenden Crackle Effekt Lack \u2713 Verleihen Sie Ihren M\u00f6beln und Dekorationen einen einzigartigen Vintage-Look.","breadcrumb":{"@id":"https:\/\/nordicchicpaint.com\/de\/farbmedien\/crackle\/#breadcrumb"},"inLanguage":"de","potentialAction":[{"@type":"ReadAction","target":["https:\/\/nordicchicpaint.com\/de\/farbmedien\/crackle\/"]}]},{"@type":"ImageObject","inLanguage":"de","@id":"https:\/\/nordicchicpaint.com\/de\/farbmedien\/crackle\/#primaryimage","url":"https:\/\/nordicchicpaint.com\/wp-content\/uploads\/2023\/06\/crackle-1-1-e1687933144439.jpeg","contentUrl":"https:\/\/nordicchicpaint.com\/wp-content\/uploads\/2023\/06\/crackle-1-1-e1687933144439.jpeg","width":1920,"height":585},{"@type":"BreadcrumbList","@id":"https:\/\/nordicchicpaint.com\/de\/farbmedien\/crackle\/#breadcrumb","itemListElement":[{"@type":"ListItem","position":1,"name":"Hjem","item":"https:\/\/nordicchicpaint.com\/de\/"},{"@type":"ListItem","position":2,"name":"Farbmedien","item":"https:\/\/nordicchicpaint.com\/de\/mediums\/"},{"@type":"ListItem","position":3,"name":"Crackle"}]},{"@type":"WebSite","@id":"https:\/\/nordicchicpaint.com\/de\/#website","url":"https:\/\/nordicchicpaint.com\/de\/","name":"Nordic Chic\u00ae","description":"Chalk paint for interior and exterior use","publisher":{"@id":"https:\/\/nordicchicpaint.com\/de\/#organization"},"potentialAction":[{"@type":"SearchAction","target":{"@type":"EntryPoint","urlTemplate":"https:\/\/nordicchicpaint.com\/de\/?s={search_term_string}"},"query-input":{"@type":"PropertyValueSpecification","valueRequired":true,"valueName":"search_term_string"}}],"inLanguage":"de"},{"@type":"Organization","@id":"https:\/\/nordicchicpaint.com\/de\/#organization","name":"Nordic Chic\u00ae","url":"https:\/\/nordicchicpaint.com\/de\/","logo":{"@type":"ImageObject","inLanguage":"de","@id":"https:\/\/nordicchicpaint.com\/de\/#\/schema\/logo\/image\/","url":"https:\/\/nordicchicpaint.com\/wp-content\/uploads\/2021\/10\/logo.svg","contentUrl":"https:\/\/nordicchicpaint.com\/wp-content\/uploads\/2021\/10\/logo.svg","width":479,"height":474,"caption":"Nordic Chic\u00ae"},"image":{"@id":"https:\/\/nordicchicpaint.com\/de\/#\/schema\/logo\/image\/"}}]}},"_links":{"self":[{"href":"https:\/\/nordicchicpaint.com\/de\/wp-json\/wp\/v2\/pages\/4357"}],"collection":[{"href":"https:\/\/nordicchicpaint.com\/de\/wp-json\/wp\/v2\/pages"}],"about":[{"href":"https:\/\/nordicchicpaint.com\/de\/wp-json\/wp\/v2\/types\/page"}],"author":[{"embeddable":true,"href":"https:\/\/nordicchicpaint.com\/de\/wp-json\/wp\/v2\/users\/1"}],"replies":[{"embeddable":true,"href":"https:\/\/nordicchicpaint.com\/de\/wp-json\/wp\/v2\/comments?post=4357"}],"version-history":[{"count":3,"href":"https:\/\/nordicchicpaint.com\/de\/wp-json\/wp\/v2\/pages\/4357\/revisions"}],"predecessor-version":[{"id":4415,"href":"https:\/\/nordicchicpaint.com\/de\/wp-json\/wp\/v2\/pages\/4357\/revisions\/4415"}],"up":[{"embeddable":true,"href":"https:\/\/nordicchicpaint.com\/de\/wp-json\/wp\/v2\/pages\/5930"}],"wp:featuredmedia":[{"embeddable":true,"href":"https:\/\/nordicchicpaint.com\/de\/wp-json\/wp\/v2\/media\/5043"}],"wp:attachment":[{"href":"https:\/\/nordicchicpaint.com\/de\/wp-json\/wp\/v2\/media?parent=4357"}],"wp:term":[{"taxonomy":"category","embeddable":true,"href":"https:\/\/nordicchicpaint.com\/de\/wp-json\/wp\/v2\/categories?post=4357"}],"curies":[{"name":"wp","href":"https:\/\/api.w.org\/{rel}","templated":true}]}}