{"id":4354,"date":"2022-05-25T15:24:59","date_gmt":"2022-05-25T13:24:59","guid":{"rendered":"https:\/\/nordicchicpaint.com\/fairydust\/"},"modified":"2023-06-28T08:20:46","modified_gmt":"2023-06-28T06:20:46","slug":"fairydust","status":"publish","type":"page","link":"https:\/\/nordicchicpaint.com\/de\/farbmedien\/fairydust\/","title":{"rendered":"Fairydust"},"content":{"rendered":"<section class=\"wpb-content-wrapper\"><p>[vc_row full_width=&#8220;stretch_row&#8220; el_class=&#8220;farver-ops\u00e6tning&#8220;][vc_column]<div class=\"ult-spacer spacer-69f4edfea5199\" data-id=\"69f4edfea5199\" data-height=\"90\" data-height-mobile=\"60\" data-height-tab=\"90\" data-height-tab-portrait=\"60\" data-height-mobile-landscape=\"60\" style=\"clear:both;display:block;\"><\/div>[vc_row_inner][vc_column_inner width=&#8220;1\/6&#8243;][\/vc_column_inner][vc_column_inner width=&#8220;2\/3&#8243;][vc_column_text]<\/p>\n<h1>Fairydust-Farben<\/h1>\n<p>Nordic Chic\u00ae Fairydust ist ein Mineralpulver, das f\u00fcr Vergoldungsprojekte verwendet werden kann.<\/p>\n<p>Sie k\u00f6nnen es Ihrem klaren Wachs hinzuf\u00fcgen und Ihr eigenes Vergoldungswachs herstellen oder Sie k\u00f6nnen es Ihrem Decklack hinzuf\u00fcgen und einen Metallic-Lack f\u00fcr Holz, Kunststoff, Metall usw. herstellen.<\/p>\n<p>Sie k\u00f6nnen das Pulver auch so wie es ist auf Ihr Projekt geben und es anschlie\u00dfend versiegeln.<\/p>\n<p>Feenstaub kann auch in Seifen verwendet werden, wenn Sie Ihre eigenen Seifen oder Badebomben herstellen<\/p>\n<p>Es ist sicher in der Anwendung, da es f\u00fcr die Verwendung in Make-up zertifiziert ist. Wir empfehlen die Verwendung einer Staubmaske, wenn Sie es verwenden, da es sich um sehr kleine Partikel handelt, die in der Luft schweben.<\/p>\n<p>Inhalt 50 gr.<\/p>\n<p>Finden Sie <a href=\"\/de\/retailers-near-you\/\">hier<\/a> Ihren H\u00e4ndler oder kaufen Sie hier <a href=\"http:\/\/www.nordichic.eu\" target=\"_blank\" rel=\"noopener\">www.nordichic.eu<\/a>.<br \/>\n[\/vc_column_text][\/vc_column_inner][vc_column_inner width=&#8220;1\/6&#8243;][\/vc_column_inner][\/vc_row_inner][vc_empty_space height=&#8220;60px&#8220;][vc_media_grid element_width=&#8220;3&#8243; gap=&#8220;20&#8243; grid_id=&#8220;vc_gid:1666690598181-0e381783-4619-4&#8243; include=&#8220;3694,3695,3696,3697,3698,3699,3700&#8243;]<div class=\"ult-spacer spacer-69f4edfea51ed\" data-id=\"69f4edfea51ed\" data-height=\"90\" data-height-mobile=\"60\" data-height-tab=\"90\" data-height-tab-portrait=\"60\" data-height-mobile-landscape=\"60\" style=\"clear:both;display:block;\"><\/div>[\/vc_column][\/vc_row]<\/p>\n<\/section>","protected":false},"excerpt":{"rendered":"<p>[vc_row full_width=&#8220;stretch_row&#8220; el_class=&#8220;farver-ops\u00e6tning&#8220;][vc_column][vc_row_inner][vc_column_inner width=&#8220;1\/6&#8243;][\/vc_column_inner][vc_column_inner width=&#8220;2\/3&#8243;][vc_column_text] Fairydust-Farben Nordic Chic\u00ae Fairydust ist ein Mineralpulver, das f\u00fcr Vergoldungsprojekte verwendet werden kann. Sie k\u00f6nnen es Ihrem klaren Wachs hinzuf\u00fcgen und Ihr eigenes Vergoldungswachs herstellen oder Sie k\u00f6nnen es Ihrem Decklack hinzuf\u00fcgen und einen Metallic-Lack f\u00fcr Holz, Kunststoff, Metall usw. herstellen. Sie k\u00f6nnen das Pulver auch so wie es ist &#8230; <a title=\"Fairydust\" class=\"read-more\" href=\"https:\/\/nordicchicpaint.com\/de\/farbmedien\/fairydust\/\" aria-label=\"Mehr Informationen \u00fcber Fairydust\">Weiterlesen &#8230;<\/a><\/p>\n","protected":false},"author":1,"featured_media":5047,"parent":5930,"menu_order":17,"comment_status":"closed","ping_status":"closed","template":"","meta":{"_acf_changed":false,"footnotes":""},"categories":[],"class_list":["post-4354","page","type-page","status-publish","has-post-thumbnail"],"acf":[],"yoast_head":"<!-- This site is optimized with the Yoast SEO plugin v23.4 - https:\/\/yoast.com\/wordpress\/plugins\/seo\/ -->\n<title>Fairydust &#183; Nordic Chic\u00ae<\/title>\n<meta name=\"robots\" content=\"index, follow, max-snippet:-1, max-image-preview:large, max-video-preview:-1\" \/>\n<link rel=\"canonical\" href=\"https:\/\/nordicchicpaint.com\/de\/farbmedien\/fairydust\/\" \/>\n<meta property=\"og:locale\" content=\"de_DE\" \/>\n<meta property=\"og:type\" content=\"article\" \/>\n<meta property=\"og:title\" content=\"Fairydust &#183; Nordic Chic\u00ae\" \/>\n<meta property=\"og:description\" content=\"[vc_row full_width=&#8220;stretch_row&#8220; el_class=&#8220;farver-ops\u00e6tning&#8220;][vc_column][vc_row_inner][vc_column_inner width=&#8220;1\/6&#8243;][\/vc_column_inner][vc_column_inner width=&#8220;2\/3&#8243;][vc_column_text] Fairydust-Farben Nordic Chic\u00ae Fairydust ist ein Mineralpulver, das f\u00fcr Vergoldungsprojekte verwendet werden kann. Sie k\u00f6nnen es Ihrem klaren Wachs hinzuf\u00fcgen und Ihr eigenes Vergoldungswachs herstellen oder Sie k\u00f6nnen es Ihrem Decklack hinzuf\u00fcgen und einen Metallic-Lack f\u00fcr Holz, Kunststoff, Metall usw. herstellen. Sie k\u00f6nnen das Pulver auch so wie es ist ... Weiterlesen ...\" \/>\n<meta property=\"og:url\" content=\"https:\/\/nordicchicpaint.com\/de\/farbmedien\/fairydust\/\" \/>\n<meta property=\"og:site_name\" content=\"Nordic Chic\u00ae\" \/>\n<meta property=\"article:modified_time\" content=\"2023-06-28T06:20:46+00:00\" \/>\n<meta property=\"og:image\" content=\"https:\/\/nordicchicpaint.com\/wp-content\/uploads\/2023\/06\/fairydust-1-e1687933209773.jpeg\" \/>\n\t<meta property=\"og:image:width\" content=\"1920\" \/>\n\t<meta property=\"og:image:height\" content=\"763\" \/>\n\t<meta property=\"og:image:type\" content=\"image\/jpeg\" \/>\n<meta name=\"twitter:card\" content=\"summary_large_image\" \/>\n<meta name=\"twitter:label1\" content=\"Gesch\u00e4tzte Lesezeit\" \/>\n\t<meta name=\"twitter:data1\" content=\"1\u00a0Minute\" \/>\n<script type=\"application\/ld+json\" class=\"yoast-schema-graph\">{\"@context\":\"https:\/\/schema.org\",\"@graph\":[{\"@type\":\"WebPage\",\"@id\":\"https:\/\/nordicchicpaint.com\/de\/farbmedien\/fairydust\/\",\"url\":\"https:\/\/nordicchicpaint.com\/de\/farbmedien\/fairydust\/\",\"name\":\"Fairydust &#183; Nordic Chic\u00ae\",\"isPartOf\":{\"@id\":\"https:\/\/nordicchicpaint.com\/de\/#website\"},\"primaryImageOfPage\":{\"@id\":\"https:\/\/nordicchicpaint.com\/de\/farbmedien\/fairydust\/#primaryimage\"},\"image\":{\"@id\":\"https:\/\/nordicchicpaint.com\/de\/farbmedien\/fairydust\/#primaryimage\"},\"thumbnailUrl\":\"https:\/\/nordicchicpaint.com\/wp-content\/uploads\/2023\/06\/fairydust-1-e1687933209773.jpeg\",\"datePublished\":\"2022-05-25T13:24:59+00:00\",\"dateModified\":\"2023-06-28T06:20:46+00:00\",\"breadcrumb\":{\"@id\":\"https:\/\/nordicchicpaint.com\/de\/farbmedien\/fairydust\/#breadcrumb\"},\"inLanguage\":\"de\",\"potentialAction\":[{\"@type\":\"ReadAction\",\"target\":[\"https:\/\/nordicchicpaint.com\/de\/farbmedien\/fairydust\/\"]}]},{\"@type\":\"ImageObject\",\"inLanguage\":\"de\",\"@id\":\"https:\/\/nordicchicpaint.com\/de\/farbmedien\/fairydust\/#primaryimage\",\"url\":\"https:\/\/nordicchicpaint.com\/wp-content\/uploads\/2023\/06\/fairydust-1-e1687933209773.jpeg\",\"contentUrl\":\"https:\/\/nordicchicpaint.com\/wp-content\/uploads\/2023\/06\/fairydust-1-e1687933209773.jpeg\",\"width\":1920,\"height\":763},{\"@type\":\"BreadcrumbList\",\"@id\":\"https:\/\/nordicchicpaint.com\/de\/farbmedien\/fairydust\/#breadcrumb\",\"itemListElement\":[{\"@type\":\"ListItem\",\"position\":1,\"name\":\"Hjem\",\"item\":\"https:\/\/nordicchicpaint.com\/de\/\"},{\"@type\":\"ListItem\",\"position\":2,\"name\":\"Fairydust\"}]},{\"@type\":\"WebSite\",\"@id\":\"https:\/\/nordicchicpaint.com\/de\/#website\",\"url\":\"https:\/\/nordicchicpaint.com\/de\/\",\"name\":\"Nordic Chic\u00ae\",\"description\":\"Chalk paint for interior and exterior use\",\"publisher\":{\"@id\":\"https:\/\/nordicchicpaint.com\/de\/#organization\"},\"potentialAction\":[{\"@type\":\"SearchAction\",\"target\":{\"@type\":\"EntryPoint\",\"urlTemplate\":\"https:\/\/nordicchicpaint.com\/de\/?s={search_term_string}\"},\"query-input\":{\"@type\":\"PropertyValueSpecification\",\"valueRequired\":true,\"valueName\":\"search_term_string\"}}],\"inLanguage\":\"de\"},{\"@type\":\"Organization\",\"@id\":\"https:\/\/nordicchicpaint.com\/de\/#organization\",\"name\":\"Nordic Chic\u00ae\",\"url\":\"https:\/\/nordicchicpaint.com\/de\/\",\"logo\":{\"@type\":\"ImageObject\",\"inLanguage\":\"de\",\"@id\":\"https:\/\/nordicchicpaint.com\/de\/#\/schema\/logo\/image\/\",\"url\":\"https:\/\/nordicchicpaint.com\/wp-content\/uploads\/2021\/10\/logo.svg\",\"contentUrl\":\"https:\/\/nordicchicpaint.com\/wp-content\/uploads\/2021\/10\/logo.svg\",\"width\":479,\"height\":474,\"caption\":\"Nordic Chic\u00ae\"},\"image\":{\"@id\":\"https:\/\/nordicchicpaint.com\/de\/#\/schema\/logo\/image\/\"}}]}<\/script>\n<!-- \/ Yoast SEO plugin. -->","yoast_head_json":{"title":"Fairydust &#183; Nordic Chic\u00ae","robots":{"index":"index","follow":"follow","max-snippet":"max-snippet:-1","max-image-preview":"max-image-preview:large","max-video-preview":"max-video-preview:-1"},"canonical":"https:\/\/nordicchicpaint.com\/de\/farbmedien\/fairydust\/","og_locale":"de_DE","og_type":"article","og_title":"Fairydust &#183; Nordic Chic\u00ae","og_description":"[vc_row full_width=&#8220;stretch_row&#8220; el_class=&#8220;farver-ops\u00e6tning&#8220;][vc_column][vc_row_inner][vc_column_inner width=&#8220;1\/6&#8243;][\/vc_column_inner][vc_column_inner width=&#8220;2\/3&#8243;][vc_column_text] Fairydust-Farben Nordic Chic\u00ae Fairydust ist ein Mineralpulver, das f\u00fcr Vergoldungsprojekte verwendet werden kann. Sie k\u00f6nnen es Ihrem klaren Wachs hinzuf\u00fcgen und Ihr eigenes Vergoldungswachs herstellen oder Sie k\u00f6nnen es Ihrem Decklack hinzuf\u00fcgen und einen Metallic-Lack f\u00fcr Holz, Kunststoff, Metall usw. herstellen. Sie k\u00f6nnen das Pulver auch so wie es ist ... Weiterlesen ...","og_url":"https:\/\/nordicchicpaint.com\/de\/farbmedien\/fairydust\/","og_site_name":"Nordic Chic\u00ae","article_modified_time":"2023-06-28T06:20:46+00:00","og_image":[{"width":1920,"height":763,"url":"https:\/\/nordicchicpaint.com\/wp-content\/uploads\/2023\/06\/fairydust-1-e1687933209773.jpeg","type":"image\/jpeg"}],"twitter_card":"summary_large_image","twitter_misc":{"Gesch\u00e4tzte Lesezeit":"1\u00a0Minute"},"schema":{"@context":"https:\/\/schema.org","@graph":[{"@type":"WebPage","@id":"https:\/\/nordicchicpaint.com\/de\/farbmedien\/fairydust\/","url":"https:\/\/nordicchicpaint.com\/de\/farbmedien\/fairydust\/","name":"Fairydust &#183; Nordic Chic\u00ae","isPartOf":{"@id":"https:\/\/nordicchicpaint.com\/de\/#website"},"primaryImageOfPage":{"@id":"https:\/\/nordicchicpaint.com\/de\/farbmedien\/fairydust\/#primaryimage"},"image":{"@id":"https:\/\/nordicchicpaint.com\/de\/farbmedien\/fairydust\/#primaryimage"},"thumbnailUrl":"https:\/\/nordicchicpaint.com\/wp-content\/uploads\/2023\/06\/fairydust-1-e1687933209773.jpeg","datePublished":"2022-05-25T13:24:59+00:00","dateModified":"2023-06-28T06:20:46+00:00","breadcrumb":{"@id":"https:\/\/nordicchicpaint.com\/de\/farbmedien\/fairydust\/#breadcrumb"},"inLanguage":"de","potentialAction":[{"@type":"ReadAction","target":["https:\/\/nordicchicpaint.com\/de\/farbmedien\/fairydust\/"]}]},{"@type":"ImageObject","inLanguage":"de","@id":"https:\/\/nordicchicpaint.com\/de\/farbmedien\/fairydust\/#primaryimage","url":"https:\/\/nordicchicpaint.com\/wp-content\/uploads\/2023\/06\/fairydust-1-e1687933209773.jpeg","contentUrl":"https:\/\/nordicchicpaint.com\/wp-content\/uploads\/2023\/06\/fairydust-1-e1687933209773.jpeg","width":1920,"height":763},{"@type":"BreadcrumbList","@id":"https:\/\/nordicchicpaint.com\/de\/farbmedien\/fairydust\/#breadcrumb","itemListElement":[{"@type":"ListItem","position":1,"name":"Hjem","item":"https:\/\/nordicchicpaint.com\/de\/"},{"@type":"ListItem","position":2,"name":"Fairydust"}]},{"@type":"WebSite","@id":"https:\/\/nordicchicpaint.com\/de\/#website","url":"https:\/\/nordicchicpaint.com\/de\/","name":"Nordic Chic\u00ae","description":"Chalk paint for interior and exterior use","publisher":{"@id":"https:\/\/nordicchicpaint.com\/de\/#organization"},"potentialAction":[{"@type":"SearchAction","target":{"@type":"EntryPoint","urlTemplate":"https:\/\/nordicchicpaint.com\/de\/?s={search_term_string}"},"query-input":{"@type":"PropertyValueSpecification","valueRequired":true,"valueName":"search_term_string"}}],"inLanguage":"de"},{"@type":"Organization","@id":"https:\/\/nordicchicpaint.com\/de\/#organization","name":"Nordic Chic\u00ae","url":"https:\/\/nordicchicpaint.com\/de\/","logo":{"@type":"ImageObject","inLanguage":"de","@id":"https:\/\/nordicchicpaint.com\/de\/#\/schema\/logo\/image\/","url":"https:\/\/nordicchicpaint.com\/wp-content\/uploads\/2021\/10\/logo.svg","contentUrl":"https:\/\/nordicchicpaint.com\/wp-content\/uploads\/2021\/10\/logo.svg","width":479,"height":474,"caption":"Nordic Chic\u00ae"},"image":{"@id":"https:\/\/nordicchicpaint.com\/de\/#\/schema\/logo\/image\/"}}]}},"_links":{"self":[{"href":"https:\/\/nordicchicpaint.com\/de\/wp-json\/wp\/v2\/pages\/4354"}],"collection":[{"href":"https:\/\/nordicchicpaint.com\/de\/wp-json\/wp\/v2\/pages"}],"about":[{"href":"https:\/\/nordicchicpaint.com\/de\/wp-json\/wp\/v2\/types\/page"}],"author":[{"embeddable":true,"href":"https:\/\/nordicchicpaint.com\/de\/wp-json\/wp\/v2\/users\/1"}],"replies":[{"embeddable":true,"href":"https:\/\/nordicchicpaint.com\/de\/wp-json\/wp\/v2\/comments?post=4354"}],"version-history":[{"count":5,"href":"https:\/\/nordicchicpaint.com\/de\/wp-json\/wp\/v2\/pages\/4354\/revisions"}],"predecessor-version":[{"id":4414,"href":"https:\/\/nordicchicpaint.com\/de\/wp-json\/wp\/v2\/pages\/4354\/revisions\/4414"}],"up":[{"embeddable":true,"href":"https:\/\/nordicchicpaint.com\/de\/wp-json\/wp\/v2\/pages\/5930"}],"wp:featuredmedia":[{"embeddable":true,"href":"https:\/\/nordicchicpaint.com\/de\/wp-json\/wp\/v2\/media\/5047"}],"wp:attachment":[{"href":"https:\/\/nordicchicpaint.com\/de\/wp-json\/wp\/v2\/media?parent=4354"}],"wp:term":[{"taxonomy":"category","embeddable":true,"href":"https:\/\/nordicchicpaint.com\/de\/wp-json\/wp\/v2\/categories?post=4354"}],"curies":[{"name":"wp","href":"https:\/\/api.w.org\/{rel}","templated":true}]}}