{"id":4351,"date":"2022-05-25T15:24:59","date_gmt":"2022-05-25T13:24:59","guid":{"rendered":"https:\/\/nordicchicpaint.com\/north-sea-texture\/"},"modified":"2025-04-09T13:48:25","modified_gmt":"2025-04-09T11:48:25","slug":"north-sea-texture","status":"publish","type":"page","link":"https:\/\/nordicchicpaint.com\/de\/farbmedien\/north-sea-texture\/","title":{"rendered":"North Sea Texture"},"content":{"rendered":"<section class=\"wpb-content-wrapper\"><p>[vc_row][vc_column]<div class=\"ult-spacer spacer-69e92c864e010\" data-id=\"69e92c864e010\" data-height=\"90\" data-height-mobile=\"60\" data-height-tab=\"90\" data-height-tab-portrait=\"60\" data-height-mobile-landscape=\"60\" style=\"clear:both;display:block;\"><\/div>[vc_column_text]<\/p>\n<h1><strong>Nordsee-Textur<\/strong><\/h1>\n<p>ist eine K\u00f6rnung, die formuliert wurde, um einer lackierten Oberfl\u00e4che eine perfekte wettergegerbte Textur zu verleihen, die sich abgenutzt und rustikal anf\u00fchlt. North Sea Texture kann auch f\u00fcr Reliefschablonen, sch\u00f6ne Betonoptik und alte Patina auf Ihren M\u00f6beln verwendet werden.<br \/>\nJe nach Mischung und Art der Anwendung k\u00f6nnen Sie unterschiedliche Ergebnisse erzielen:<br \/>\n\u2013 Flaches, mattes, kreidiges Finish<br \/>\n\u2013 Ozean gefegt<br \/>\n\u2013 Patina der Alten Welt<br \/>\n\u2013 Starke Cracked-Textur<\/p>\n<p><strong>Nordic Chic\u00ae North Sea Texture ist 100 % nat\u00fcrlich und enth\u00e4lt keine VOCs.<\/strong><\/p>\n<p>Vorgehensweise: Die Oberfl\u00e4che sollte sauber, trocken und fettfrei sein. Sie sollten North Sea Texture in Ihre Nordic Chic\u00ae Kreidefarbe mischen, gr\u00fcndlich umr\u00fchren und auf Ihre Oberfl\u00e4che tupfen oder malen.<\/p>\n<p>Nach dem Trocknen \u00fcbermalen Sie entweder mit der gleichen Farbe oder mit einer anderen Farbkreidefarbe.<\/p>\n<p>Wenn dies vollst\u00e4ndig trocken ist, k\u00f6nnen Sie mit dem Schleifen beginnen. Dadurch wird die Oberfl\u00e4che gegl\u00e4ttet und die Farbe, die Sie mit der Nordseestruktur gemischt haben, wird in einem verwitterten Look sichtbar.<\/p>\n<p>Sie entscheiden, wie rau die Textur sein soll, indem Sie Ihrer Farbe mehr oder weniger Nordic Chic\u00ae North Sea Texture hinzuf\u00fcgen.<\/p>\n<ul>\n<li><strong>Werkzeuge<\/strong>: Sie k\u00f6nnen Pinsel, Spachtel oder Rolle verwenden, je nachdem, welchen Look Sie erzielen m\u00f6chten<\/li>\n<li><strong>Ergiebigkeit<\/strong>: 0,1 kg Texture bis 0,41 kg Nordic Chic\u00ae Kreidefarbe f\u00fcr ca. 5 m2 \u2013 je nach gew\u00fcnschter Optik \u2013 Mischen Sie nur die ben\u00f6tigte Menge.<\/li>\n<li><strong>Reinigung<\/strong>: Pinsel und Rollen mit warmem Seifenwasser auswaschen<\/li>\n<li><strong>Sicherheit<\/strong>: Dieses Produkt kann beim Mischen Staub erzeugen, achten Sie darauf, eine Maske zu tragen, um nicht einzuatmen. Au\u00dferhalb der Reichweite von Kindern aufbewahren<\/li>\n<li><strong>Lagerung<\/strong>: An einem k\u00fchlen, trockenen Ort aufbewahren<\/li>\n<\/ul>\n<p>Inhalt: 300gr[\/vc_column_text]<div class=\"ult-spacer spacer-69e92c864e062\" data-id=\"69e92c864e062\" data-height=\"90\" data-height-mobile=\"60\" data-height-tab=\"90\" data-height-tab-portrait=\"60\" data-height-mobile-landscape=\"60\" style=\"clear:both;display:block;\"><\/div>[\/vc_column][\/vc_row]<\/p>\n<\/section>","protected":false},"excerpt":{"rendered":"<p>[vc_row][vc_column][vc_column_text] Nordsee-Textur ist eine K\u00f6rnung, die formuliert wurde, um einer lackierten Oberfl\u00e4che eine perfekte wettergegerbte Textur zu verleihen, die sich abgenutzt und rustikal anf\u00fchlt. North Sea Texture kann auch f\u00fcr Reliefschablonen, sch\u00f6ne Betonoptik und alte Patina auf Ihren M\u00f6beln verwendet werden. Je nach Mischung und Art der Anwendung k\u00f6nnen Sie unterschiedliche Ergebnisse erzielen: \u2013 Flaches, &#8230; <a title=\"North Sea Texture\" class=\"read-more\" href=\"https:\/\/nordicchicpaint.com\/de\/farbmedien\/north-sea-texture\/\" aria-label=\"Mehr Informationen \u00fcber North Sea Texture\">Weiterlesen &#8230;<\/a><\/p>\n","protected":false},"author":1,"featured_media":4302,"parent":5930,"menu_order":16,"comment_status":"closed","ping_status":"closed","template":"","meta":{"_acf_changed":false,"footnotes":""},"categories":[],"class_list":["post-4351","page","type-page","status-publish","has-post-thumbnail"],"acf":[],"yoast_head":"<!-- This site is optimized with the Yoast SEO plugin v23.4 - https:\/\/yoast.com\/wordpress\/plugins\/seo\/ -->\n<title>Betonoptik f\u00fcr M\u00f6bel, innen und au\u00dfen | Nordic Chic<\/title>\n<meta name=\"description\" content=\"Verleihen Sie Ihrem Raum eine moderne Betonoptik \u2713 Entdecken Sie vielseitige Gestaltungsm\u00f6glichkeiten, die robust und stilvoll zugleich sind.\" \/>\n<meta name=\"robots\" content=\"index, follow, max-snippet:-1, max-image-preview:large, max-video-preview:-1\" \/>\n<link rel=\"canonical\" href=\"https:\/\/nordicchicpaint.com\/de\/farbmedien\/north-sea-texture\/\" \/>\n<meta property=\"og:locale\" content=\"de_DE\" \/>\n<meta property=\"og:type\" content=\"article\" \/>\n<meta property=\"og:title\" content=\"Betonoptik f\u00fcr M\u00f6bel, innen und au\u00dfen | Nordic Chic\" \/>\n<meta property=\"og:description\" content=\"Verleihen Sie Ihrem Raum eine moderne Betonoptik \u2713 Entdecken Sie vielseitige Gestaltungsm\u00f6glichkeiten, die robust und stilvoll zugleich sind.\" \/>\n<meta property=\"og:url\" content=\"https:\/\/nordicchicpaint.com\/de\/farbmedien\/north-sea-texture\/\" \/>\n<meta property=\"og:site_name\" content=\"Nordic Chic\u00ae\" \/>\n<meta property=\"article:modified_time\" content=\"2025-04-09T11:48:25+00:00\" \/>\n<meta property=\"og:image\" content=\"https:\/\/nordicchicpaint.com\/wp-content\/uploads\/2022\/08\/northseatexture-e1662445050703.jpeg\" \/>\n\t<meta property=\"og:image:width\" content=\"1920\" \/>\n\t<meta property=\"og:image:height\" content=\"969\" \/>\n\t<meta property=\"og:image:type\" content=\"image\/jpeg\" \/>\n<meta name=\"twitter:card\" content=\"summary_large_image\" \/>\n<meta name=\"twitter:label1\" content=\"Gesch\u00e4tzte Lesezeit\" \/>\n\t<meta name=\"twitter:data1\" content=\"2\u00a0Minuten\" \/>\n<script type=\"application\/ld+json\" class=\"yoast-schema-graph\">{\"@context\":\"https:\/\/schema.org\",\"@graph\":[{\"@type\":\"WebPage\",\"@id\":\"https:\/\/nordicchicpaint.com\/de\/farbmedien\/north-sea-texture\/\",\"url\":\"https:\/\/nordicchicpaint.com\/de\/farbmedien\/north-sea-texture\/\",\"name\":\"Betonoptik f\u00fcr M\u00f6bel, innen und au\u00dfen | Nordic Chic\",\"isPartOf\":{\"@id\":\"https:\/\/nordicchicpaint.com\/de\/#website\"},\"primaryImageOfPage\":{\"@id\":\"https:\/\/nordicchicpaint.com\/de\/farbmedien\/north-sea-texture\/#primaryimage\"},\"image\":{\"@id\":\"https:\/\/nordicchicpaint.com\/de\/farbmedien\/north-sea-texture\/#primaryimage\"},\"thumbnailUrl\":\"https:\/\/nordicchicpaint.com\/wp-content\/uploads\/2022\/08\/northseatexture-e1662445050703.jpeg\",\"datePublished\":\"2022-05-25T13:24:59+00:00\",\"dateModified\":\"2025-04-09T11:48:25+00:00\",\"description\":\"Verleihen Sie Ihrem Raum eine moderne Betonoptik \u2713 Entdecken Sie vielseitige Gestaltungsm\u00f6glichkeiten, die robust und stilvoll zugleich sind.\",\"breadcrumb\":{\"@id\":\"https:\/\/nordicchicpaint.com\/de\/farbmedien\/north-sea-texture\/#breadcrumb\"},\"inLanguage\":\"de\",\"potentialAction\":[{\"@type\":\"ReadAction\",\"target\":[\"https:\/\/nordicchicpaint.com\/de\/farbmedien\/north-sea-texture\/\"]}]},{\"@type\":\"ImageObject\",\"inLanguage\":\"de\",\"@id\":\"https:\/\/nordicchicpaint.com\/de\/farbmedien\/north-sea-texture\/#primaryimage\",\"url\":\"https:\/\/nordicchicpaint.com\/wp-content\/uploads\/2022\/08\/northseatexture-e1662445050703.jpeg\",\"contentUrl\":\"https:\/\/nordicchicpaint.com\/wp-content\/uploads\/2022\/08\/northseatexture-e1662445050703.jpeg\",\"width\":1920,\"height\":969},{\"@type\":\"BreadcrumbList\",\"@id\":\"https:\/\/nordicchicpaint.com\/de\/farbmedien\/north-sea-texture\/#breadcrumb\",\"itemListElement\":[{\"@type\":\"ListItem\",\"position\":1,\"name\":\"Hjem\",\"item\":\"https:\/\/nordicchicpaint.com\/de\/\"},{\"@type\":\"ListItem\",\"position\":2,\"name\":\"Farbmedien\",\"item\":\"https:\/\/nordicchicpaint.com\/de\/mediums\/\"},{\"@type\":\"ListItem\",\"position\":3,\"name\":\"North Sea Texture\"}]},{\"@type\":\"WebSite\",\"@id\":\"https:\/\/nordicchicpaint.com\/de\/#website\",\"url\":\"https:\/\/nordicchicpaint.com\/de\/\",\"name\":\"Nordic Chic\u00ae\",\"description\":\"Chalk paint for interior and exterior use\",\"publisher\":{\"@id\":\"https:\/\/nordicchicpaint.com\/de\/#organization\"},\"potentialAction\":[{\"@type\":\"SearchAction\",\"target\":{\"@type\":\"EntryPoint\",\"urlTemplate\":\"https:\/\/nordicchicpaint.com\/de\/?s={search_term_string}\"},\"query-input\":{\"@type\":\"PropertyValueSpecification\",\"valueRequired\":true,\"valueName\":\"search_term_string\"}}],\"inLanguage\":\"de\"},{\"@type\":\"Organization\",\"@id\":\"https:\/\/nordicchicpaint.com\/de\/#organization\",\"name\":\"Nordic Chic\u00ae\",\"url\":\"https:\/\/nordicchicpaint.com\/de\/\",\"logo\":{\"@type\":\"ImageObject\",\"inLanguage\":\"de\",\"@id\":\"https:\/\/nordicchicpaint.com\/de\/#\/schema\/logo\/image\/\",\"url\":\"https:\/\/nordicchicpaint.com\/wp-content\/uploads\/2021\/10\/logo.svg\",\"contentUrl\":\"https:\/\/nordicchicpaint.com\/wp-content\/uploads\/2021\/10\/logo.svg\",\"width\":479,\"height\":474,\"caption\":\"Nordic Chic\u00ae\"},\"image\":{\"@id\":\"https:\/\/nordicchicpaint.com\/de\/#\/schema\/logo\/image\/\"}}]}<\/script>\n<!-- \/ Yoast SEO plugin. -->","yoast_head_json":{"title":"Betonoptik f\u00fcr M\u00f6bel, innen und au\u00dfen | Nordic Chic","description":"Verleihen Sie Ihrem Raum eine moderne Betonoptik \u2713 Entdecken Sie vielseitige Gestaltungsm\u00f6glichkeiten, die robust und stilvoll zugleich sind.","robots":{"index":"index","follow":"follow","max-snippet":"max-snippet:-1","max-image-preview":"max-image-preview:large","max-video-preview":"max-video-preview:-1"},"canonical":"https:\/\/nordicchicpaint.com\/de\/farbmedien\/north-sea-texture\/","og_locale":"de_DE","og_type":"article","og_title":"Betonoptik f\u00fcr M\u00f6bel, innen und au\u00dfen | Nordic Chic","og_description":"Verleihen Sie Ihrem Raum eine moderne Betonoptik \u2713 Entdecken Sie vielseitige Gestaltungsm\u00f6glichkeiten, die robust und stilvoll zugleich sind.","og_url":"https:\/\/nordicchicpaint.com\/de\/farbmedien\/north-sea-texture\/","og_site_name":"Nordic Chic\u00ae","article_modified_time":"2025-04-09T11:48:25+00:00","og_image":[{"width":1920,"height":969,"url":"https:\/\/nordicchicpaint.com\/wp-content\/uploads\/2022\/08\/northseatexture-e1662445050703.jpeg","type":"image\/jpeg"}],"twitter_card":"summary_large_image","twitter_misc":{"Gesch\u00e4tzte Lesezeit":"2\u00a0Minuten"},"schema":{"@context":"https:\/\/schema.org","@graph":[{"@type":"WebPage","@id":"https:\/\/nordicchicpaint.com\/de\/farbmedien\/north-sea-texture\/","url":"https:\/\/nordicchicpaint.com\/de\/farbmedien\/north-sea-texture\/","name":"Betonoptik f\u00fcr M\u00f6bel, innen und au\u00dfen | Nordic Chic","isPartOf":{"@id":"https:\/\/nordicchicpaint.com\/de\/#website"},"primaryImageOfPage":{"@id":"https:\/\/nordicchicpaint.com\/de\/farbmedien\/north-sea-texture\/#primaryimage"},"image":{"@id":"https:\/\/nordicchicpaint.com\/de\/farbmedien\/north-sea-texture\/#primaryimage"},"thumbnailUrl":"https:\/\/nordicchicpaint.com\/wp-content\/uploads\/2022\/08\/northseatexture-e1662445050703.jpeg","datePublished":"2022-05-25T13:24:59+00:00","dateModified":"2025-04-09T11:48:25+00:00","description":"Verleihen Sie Ihrem Raum eine moderne Betonoptik \u2713 Entdecken Sie vielseitige Gestaltungsm\u00f6glichkeiten, die robust und stilvoll zugleich sind.","breadcrumb":{"@id":"https:\/\/nordicchicpaint.com\/de\/farbmedien\/north-sea-texture\/#breadcrumb"},"inLanguage":"de","potentialAction":[{"@type":"ReadAction","target":["https:\/\/nordicchicpaint.com\/de\/farbmedien\/north-sea-texture\/"]}]},{"@type":"ImageObject","inLanguage":"de","@id":"https:\/\/nordicchicpaint.com\/de\/farbmedien\/north-sea-texture\/#primaryimage","url":"https:\/\/nordicchicpaint.com\/wp-content\/uploads\/2022\/08\/northseatexture-e1662445050703.jpeg","contentUrl":"https:\/\/nordicchicpaint.com\/wp-content\/uploads\/2022\/08\/northseatexture-e1662445050703.jpeg","width":1920,"height":969},{"@type":"BreadcrumbList","@id":"https:\/\/nordicchicpaint.com\/de\/farbmedien\/north-sea-texture\/#breadcrumb","itemListElement":[{"@type":"ListItem","position":1,"name":"Hjem","item":"https:\/\/nordicchicpaint.com\/de\/"},{"@type":"ListItem","position":2,"name":"Farbmedien","item":"https:\/\/nordicchicpaint.com\/de\/mediums\/"},{"@type":"ListItem","position":3,"name":"North Sea Texture"}]},{"@type":"WebSite","@id":"https:\/\/nordicchicpaint.com\/de\/#website","url":"https:\/\/nordicchicpaint.com\/de\/","name":"Nordic Chic\u00ae","description":"Chalk paint for interior and exterior use","publisher":{"@id":"https:\/\/nordicchicpaint.com\/de\/#organization"},"potentialAction":[{"@type":"SearchAction","target":{"@type":"EntryPoint","urlTemplate":"https:\/\/nordicchicpaint.com\/de\/?s={search_term_string}"},"query-input":{"@type":"PropertyValueSpecification","valueRequired":true,"valueName":"search_term_string"}}],"inLanguage":"de"},{"@type":"Organization","@id":"https:\/\/nordicchicpaint.com\/de\/#organization","name":"Nordic Chic\u00ae","url":"https:\/\/nordicchicpaint.com\/de\/","logo":{"@type":"ImageObject","inLanguage":"de","@id":"https:\/\/nordicchicpaint.com\/de\/#\/schema\/logo\/image\/","url":"https:\/\/nordicchicpaint.com\/wp-content\/uploads\/2021\/10\/logo.svg","contentUrl":"https:\/\/nordicchicpaint.com\/wp-content\/uploads\/2021\/10\/logo.svg","width":479,"height":474,"caption":"Nordic Chic\u00ae"},"image":{"@id":"https:\/\/nordicchicpaint.com\/de\/#\/schema\/logo\/image\/"}}]}},"_links":{"self":[{"href":"https:\/\/nordicchicpaint.com\/de\/wp-json\/wp\/v2\/pages\/4351"}],"collection":[{"href":"https:\/\/nordicchicpaint.com\/de\/wp-json\/wp\/v2\/pages"}],"about":[{"href":"https:\/\/nordicchicpaint.com\/de\/wp-json\/wp\/v2\/types\/page"}],"author":[{"embeddable":true,"href":"https:\/\/nordicchicpaint.com\/de\/wp-json\/wp\/v2\/users\/1"}],"replies":[{"embeddable":true,"href":"https:\/\/nordicchicpaint.com\/de\/wp-json\/wp\/v2\/comments?post=4351"}],"version-history":[{"count":4,"href":"https:\/\/nordicchicpaint.com\/de\/wp-json\/wp\/v2\/pages\/4351\/revisions"}],"predecessor-version":[{"id":4436,"href":"https:\/\/nordicchicpaint.com\/de\/wp-json\/wp\/v2\/pages\/4351\/revisions\/4436"}],"up":[{"embeddable":true,"href":"https:\/\/nordicchicpaint.com\/de\/wp-json\/wp\/v2\/pages\/5930"}],"wp:featuredmedia":[{"embeddable":true,"href":"https:\/\/nordicchicpaint.com\/de\/wp-json\/wp\/v2\/media\/4302"}],"wp:attachment":[{"href":"https:\/\/nordicchicpaint.com\/de\/wp-json\/wp\/v2\/media?parent=4351"}],"wp:term":[{"taxonomy":"category","embeddable":true,"href":"https:\/\/nordicchicpaint.com\/de\/wp-json\/wp\/v2\/categories?post=4351"}],"curies":[{"name":"wp","href":"https:\/\/api.w.org\/{rel}","templated":true}]}}