{"id":4348,"date":"2022-05-25T15:24:59","date_gmt":"2022-05-25T13:24:59","guid":{"rendered":"https:\/\/nordicchicpaint.com\/nordic-chic-glaze\/"},"modified":"2025-04-09T13:48:43","modified_gmt":"2025-04-09T11:48:43","slug":"nordic-chic-glaze","status":"publish","type":"page","link":"https:\/\/nordicchicpaint.com\/de\/farbmedien\/nordic-chic-glaze\/","title":{"rendered":"Nordic Chic Glaze"},"content":{"rendered":"<section class=\"wpb-content-wrapper\"><p>[vc_row][vc_column]<div class=\"ult-spacer spacer-6a03fc04341eb\" data-id=\"6a03fc04341eb\" data-height=\"90\" data-height-mobile=\"60\" data-height-tab=\"90\" data-height-tab-portrait=\"60\" data-height-mobile-landscape=\"60\" style=\"clear:both;display:block;\"><\/div>[vc_column_text]<\/p>\n<h1>Nordic Chic\u00ae Glaze ist in zwei Versionen erh\u00e4ltlich.<\/h1>\n<p>Die Pearlescent-Version verleiht Ihren M\u00f6beln das gewisse Extra an Bling. Es kann verwendet werden, um unbeschichtete Holzoberfl\u00e4chen zu bereichern, sowie als veredelndes Finish f\u00fcr Nordic Chic\u00ae M\u00f6belfarbe oder Nordic Chic Woody Beizen.<\/p>\n<p>Die klare Version wird gemischt mit Nordic Chic M\u00f6belfarbe und Wasser verwendet. Dadurch entsteht eine d\u00fcnne Glasur, die auf lackierte Oberfl\u00e4chen aufgetragen werden kann, um Details zus\u00e4tzlichen Akzent zu verleihen. Die Glasur ist f\u00fcr den Innenbereich konzipiert \u2013 wenn Sie sie im Au\u00dfenbereich verwenden m\u00f6chten, muss sie mit Nordic Chic\u00ae Topcoat versiegelt werden. Es ist l\u00f6semittelfrei, VOC-frei und geruchsneutral, um ein angenehmes Arbeitsklima zu gew\u00e4hrleisten.<\/p>\n<h3><strong>Wie man<\/strong><\/h3>\n<p><strong>Klare Glasur:<\/strong><\/p>\n<p>Stellen Sie sicher, dass die Oberfl\u00e4che sauber, trocken und frei von Fett und eindringenden Substanzen ist. Lose alte Farb- oder Lackschichten vorher entfernen. Produkt vor Gebrauch gr\u00fcndlich sch\u00fctteln oder aufr\u00fchren.<\/p>\n<p><strong>Perlglasur:<\/strong><\/p>\n<p>Malen Sie eine Schicht; Wischen Sie die noch feuchte Oberfl\u00e4che dann mit einem weichen Tuch ab, um eine transparente Oberfl\u00e4che zu erhalten. Um ein deckenderes Aussehen zu erhalten, lassen Sie es stattdessen 3-6 Stunden trocknen. Um eine tiefere Pearlescent-Farbe zu erzeugen, tragen Sie eine zweite Schicht Pearl Glaze auf, nachdem die erste zumindest ber\u00fchrungstrocken ist.<\/p>\n<p><strong>Farbige Glasur:<\/strong><\/p>\n<p>Mischen Sie 1 Teil Nordic Chic\u00ae-Farbe mit 5 Teilen Clear Glaze und Wasser, je nachdem, wie d\u00fcnn Sie Ihre farbige Glasur haben m\u00f6chten. Malen Sie eine Schicht; Wischen Sie die Oberfl\u00e4che dann mit einem weichen Tuch ab, wenn sie noch feucht ist, um herausragende Details zu erzielen.<\/p>\n<p>Um die Haltbarkeit zu erh\u00f6hen, kann eine Deckschicht aus Nordic Chic\u00ae M\u00f6belwachs oder Decklack aufgetragen werden, nachdem das Produkt vollst\u00e4ndig getrocknet ist.<\/p>\n<ul>\n<li><strong>Trockenzeit<\/strong>: Staubtrocken nach ca. 1-2 Stunden, durchgetrocknet nach ca. 24 Stunden.<\/li>\n<li><strong>Ergiebigkeit<\/strong>: 3-4 m\u00b2\/Liter ca.<\/li>\n<li><strong>Reinigung<\/strong>: Die Pinsel werden mit warmem Seifenwasser gereinigt.<\/li>\n<li><strong>Lagerung<\/strong>: Deckel dicht halten und k\u00fchl, aber frostfrei und au\u00dferhalb der Reichweite von Kindern lagern.<\/li>\n<li><strong>Inhaltsstoffe<\/strong>: Wasser, Wei\u00dfleim, Mineralpigment, Konservierungsmittel.<\/li>\n<\/ul>\n<p>Inhalt 400ml[\/vc_column_text]<div class=\"ult-spacer spacer-6a03fc043423c\" data-id=\"6a03fc043423c\" data-height=\"90\" data-height-mobile=\"60\" data-height-tab=\"90\" data-height-tab-portrait=\"60\" data-height-mobile-landscape=\"60\" style=\"clear:both;display:block;\"><\/div>[\/vc_column][\/vc_row]<\/p>\n<\/section>","protected":false},"excerpt":{"rendered":"<p>[vc_row][vc_column][vc_column_text] Nordic Chic\u00ae Glaze ist in zwei Versionen erh\u00e4ltlich. Die Pearlescent-Version verleiht Ihren M\u00f6beln das gewisse Extra an Bling. Es kann verwendet werden, um unbeschichtete Holzoberfl\u00e4chen zu bereichern, sowie als veredelndes Finish f\u00fcr Nordic Chic\u00ae M\u00f6belfarbe oder Nordic Chic Woody Beizen. Die klare Version wird gemischt mit Nordic Chic M\u00f6belfarbe und Wasser verwendet. Dadurch entsteht &#8230; <a title=\"Nordic Chic Glaze\" class=\"read-more\" href=\"https:\/\/nordicchicpaint.com\/de\/farbmedien\/nordic-chic-glaze\/\" aria-label=\"Mehr Informationen \u00fcber Nordic Chic Glaze\">Weiterlesen &#8230;<\/a><\/p>\n","protected":false},"author":1,"featured_media":5039,"parent":5930,"menu_order":15,"comment_status":"closed","ping_status":"closed","template":"","meta":{"_acf_changed":false,"footnotes":""},"categories":[],"class_list":["post-4348","page","type-page","status-publish","has-post-thumbnail"],"acf":[],"yoast_head":"<!-- This site is optimized with the Yoast SEO plugin v23.4 - https:\/\/yoast.com\/wordpress\/plugins\/seo\/ -->\n<title>M\u00f6bel Lasur f\u00fcr innen und au\u00dfen | Nordic Chic<\/title>\n<meta name=\"description\" content=\"Sch\u00fctzen Sie Ihre M\u00f6bel mit hochwertiger M\u00f6bel Lasur \u2713 Verl\u00e4ngern Sie die Lebensdauer und erhalten Sie die nat\u00fcrliche Sch\u00f6nheit des Holzes.\" \/>\n<meta name=\"robots\" content=\"index, follow, max-snippet:-1, max-image-preview:large, max-video-preview:-1\" \/>\n<link rel=\"canonical\" href=\"https:\/\/nordicchicpaint.com\/de\/farbmedien\/nordic-chic-glaze\/\" \/>\n<meta property=\"og:locale\" content=\"de_DE\" \/>\n<meta property=\"og:type\" content=\"article\" \/>\n<meta property=\"og:title\" content=\"M\u00f6bel Lasur f\u00fcr innen und au\u00dfen | Nordic Chic\" \/>\n<meta property=\"og:description\" content=\"Sch\u00fctzen Sie Ihre M\u00f6bel mit hochwertiger M\u00f6bel Lasur \u2713 Verl\u00e4ngern Sie die Lebensdauer und erhalten Sie die nat\u00fcrliche Sch\u00f6nheit des Holzes.\" \/>\n<meta property=\"og:url\" content=\"https:\/\/nordicchicpaint.com\/de\/farbmedien\/nordic-chic-glaze\/\" \/>\n<meta property=\"og:site_name\" content=\"Nordic Chic\u00ae\" \/>\n<meta property=\"article:modified_time\" content=\"2025-04-09T11:48:43+00:00\" \/>\n<meta property=\"og:image\" content=\"https:\/\/nordicchicpaint.com\/wp-content\/uploads\/2023\/06\/glaze-1-e1687932891243.jpeg\" \/>\n\t<meta property=\"og:image:width\" content=\"1920\" \/>\n\t<meta property=\"og:image:height\" content=\"705\" \/>\n\t<meta property=\"og:image:type\" content=\"image\/jpeg\" \/>\n<meta name=\"twitter:card\" content=\"summary_large_image\" \/>\n<meta name=\"twitter:label1\" content=\"Gesch\u00e4tzte Lesezeit\" \/>\n\t<meta name=\"twitter:data1\" content=\"2\u00a0Minuten\" \/>\n<script type=\"application\/ld+json\" class=\"yoast-schema-graph\">{\"@context\":\"https:\/\/schema.org\",\"@graph\":[{\"@type\":\"WebPage\",\"@id\":\"https:\/\/nordicchicpaint.com\/de\/farbmedien\/nordic-chic-glaze\/\",\"url\":\"https:\/\/nordicchicpaint.com\/de\/farbmedien\/nordic-chic-glaze\/\",\"name\":\"M\u00f6bel Lasur f\u00fcr innen und au\u00dfen | Nordic Chic\",\"isPartOf\":{\"@id\":\"https:\/\/nordicchicpaint.com\/de\/#website\"},\"primaryImageOfPage\":{\"@id\":\"https:\/\/nordicchicpaint.com\/de\/farbmedien\/nordic-chic-glaze\/#primaryimage\"},\"image\":{\"@id\":\"https:\/\/nordicchicpaint.com\/de\/farbmedien\/nordic-chic-glaze\/#primaryimage\"},\"thumbnailUrl\":\"https:\/\/nordicchicpaint.com\/wp-content\/uploads\/2023\/06\/glaze-1-e1687932891243.jpeg\",\"datePublished\":\"2022-05-25T13:24:59+00:00\",\"dateModified\":\"2025-04-09T11:48:43+00:00\",\"description\":\"Sch\u00fctzen Sie Ihre M\u00f6bel mit hochwertiger M\u00f6bel Lasur \u2713 Verl\u00e4ngern Sie die Lebensdauer und erhalten Sie die nat\u00fcrliche Sch\u00f6nheit des Holzes.\",\"breadcrumb\":{\"@id\":\"https:\/\/nordicchicpaint.com\/de\/farbmedien\/nordic-chic-glaze\/#breadcrumb\"},\"inLanguage\":\"de\",\"potentialAction\":[{\"@type\":\"ReadAction\",\"target\":[\"https:\/\/nordicchicpaint.com\/de\/farbmedien\/nordic-chic-glaze\/\"]}]},{\"@type\":\"ImageObject\",\"inLanguage\":\"de\",\"@id\":\"https:\/\/nordicchicpaint.com\/de\/farbmedien\/nordic-chic-glaze\/#primaryimage\",\"url\":\"https:\/\/nordicchicpaint.com\/wp-content\/uploads\/2023\/06\/glaze-1-e1687932891243.jpeg\",\"contentUrl\":\"https:\/\/nordicchicpaint.com\/wp-content\/uploads\/2023\/06\/glaze-1-e1687932891243.jpeg\",\"width\":1920,\"height\":705},{\"@type\":\"BreadcrumbList\",\"@id\":\"https:\/\/nordicchicpaint.com\/de\/farbmedien\/nordic-chic-glaze\/#breadcrumb\",\"itemListElement\":[{\"@type\":\"ListItem\",\"position\":1,\"name\":\"Hjem\",\"item\":\"https:\/\/nordicchicpaint.com\/de\/\"},{\"@type\":\"ListItem\",\"position\":2,\"name\":\"Farbmedien\",\"item\":\"https:\/\/nordicchicpaint.com\/de\/mediums\/\"},{\"@type\":\"ListItem\",\"position\":3,\"name\":\"Nordic Chic Glaze\"}]},{\"@type\":\"WebSite\",\"@id\":\"https:\/\/nordicchicpaint.com\/de\/#website\",\"url\":\"https:\/\/nordicchicpaint.com\/de\/\",\"name\":\"Nordic Chic\u00ae\",\"description\":\"Chalk paint for interior and exterior use\",\"publisher\":{\"@id\":\"https:\/\/nordicchicpaint.com\/de\/#organization\"},\"potentialAction\":[{\"@type\":\"SearchAction\",\"target\":{\"@type\":\"EntryPoint\",\"urlTemplate\":\"https:\/\/nordicchicpaint.com\/de\/?s={search_term_string}\"},\"query-input\":{\"@type\":\"PropertyValueSpecification\",\"valueRequired\":true,\"valueName\":\"search_term_string\"}}],\"inLanguage\":\"de\"},{\"@type\":\"Organization\",\"@id\":\"https:\/\/nordicchicpaint.com\/de\/#organization\",\"name\":\"Nordic Chic\u00ae\",\"url\":\"https:\/\/nordicchicpaint.com\/de\/\",\"logo\":{\"@type\":\"ImageObject\",\"inLanguage\":\"de\",\"@id\":\"https:\/\/nordicchicpaint.com\/de\/#\/schema\/logo\/image\/\",\"url\":\"https:\/\/nordicchicpaint.com\/wp-content\/uploads\/2021\/10\/logo.svg\",\"contentUrl\":\"https:\/\/nordicchicpaint.com\/wp-content\/uploads\/2021\/10\/logo.svg\",\"width\":479,\"height\":474,\"caption\":\"Nordic Chic\u00ae\"},\"image\":{\"@id\":\"https:\/\/nordicchicpaint.com\/de\/#\/schema\/logo\/image\/\"}}]}<\/script>\n<!-- \/ Yoast SEO plugin. -->","yoast_head_json":{"title":"M\u00f6bel Lasur f\u00fcr innen und au\u00dfen | Nordic Chic","description":"Sch\u00fctzen Sie Ihre M\u00f6bel mit hochwertiger M\u00f6bel Lasur \u2713 Verl\u00e4ngern Sie die Lebensdauer und erhalten Sie die nat\u00fcrliche Sch\u00f6nheit des Holzes.","robots":{"index":"index","follow":"follow","max-snippet":"max-snippet:-1","max-image-preview":"max-image-preview:large","max-video-preview":"max-video-preview:-1"},"canonical":"https:\/\/nordicchicpaint.com\/de\/farbmedien\/nordic-chic-glaze\/","og_locale":"de_DE","og_type":"article","og_title":"M\u00f6bel Lasur f\u00fcr innen und au\u00dfen | Nordic Chic","og_description":"Sch\u00fctzen Sie Ihre M\u00f6bel mit hochwertiger M\u00f6bel Lasur \u2713 Verl\u00e4ngern Sie die Lebensdauer und erhalten Sie die nat\u00fcrliche Sch\u00f6nheit des Holzes.","og_url":"https:\/\/nordicchicpaint.com\/de\/farbmedien\/nordic-chic-glaze\/","og_site_name":"Nordic Chic\u00ae","article_modified_time":"2025-04-09T11:48:43+00:00","og_image":[{"width":1920,"height":705,"url":"https:\/\/nordicchicpaint.com\/wp-content\/uploads\/2023\/06\/glaze-1-e1687932891243.jpeg","type":"image\/jpeg"}],"twitter_card":"summary_large_image","twitter_misc":{"Gesch\u00e4tzte Lesezeit":"2\u00a0Minuten"},"schema":{"@context":"https:\/\/schema.org","@graph":[{"@type":"WebPage","@id":"https:\/\/nordicchicpaint.com\/de\/farbmedien\/nordic-chic-glaze\/","url":"https:\/\/nordicchicpaint.com\/de\/farbmedien\/nordic-chic-glaze\/","name":"M\u00f6bel Lasur f\u00fcr innen und au\u00dfen | Nordic Chic","isPartOf":{"@id":"https:\/\/nordicchicpaint.com\/de\/#website"},"primaryImageOfPage":{"@id":"https:\/\/nordicchicpaint.com\/de\/farbmedien\/nordic-chic-glaze\/#primaryimage"},"image":{"@id":"https:\/\/nordicchicpaint.com\/de\/farbmedien\/nordic-chic-glaze\/#primaryimage"},"thumbnailUrl":"https:\/\/nordicchicpaint.com\/wp-content\/uploads\/2023\/06\/glaze-1-e1687932891243.jpeg","datePublished":"2022-05-25T13:24:59+00:00","dateModified":"2025-04-09T11:48:43+00:00","description":"Sch\u00fctzen Sie Ihre M\u00f6bel mit hochwertiger M\u00f6bel Lasur \u2713 Verl\u00e4ngern Sie die Lebensdauer und erhalten Sie die nat\u00fcrliche Sch\u00f6nheit des Holzes.","breadcrumb":{"@id":"https:\/\/nordicchicpaint.com\/de\/farbmedien\/nordic-chic-glaze\/#breadcrumb"},"inLanguage":"de","potentialAction":[{"@type":"ReadAction","target":["https:\/\/nordicchicpaint.com\/de\/farbmedien\/nordic-chic-glaze\/"]}]},{"@type":"ImageObject","inLanguage":"de","@id":"https:\/\/nordicchicpaint.com\/de\/farbmedien\/nordic-chic-glaze\/#primaryimage","url":"https:\/\/nordicchicpaint.com\/wp-content\/uploads\/2023\/06\/glaze-1-e1687932891243.jpeg","contentUrl":"https:\/\/nordicchicpaint.com\/wp-content\/uploads\/2023\/06\/glaze-1-e1687932891243.jpeg","width":1920,"height":705},{"@type":"BreadcrumbList","@id":"https:\/\/nordicchicpaint.com\/de\/farbmedien\/nordic-chic-glaze\/#breadcrumb","itemListElement":[{"@type":"ListItem","position":1,"name":"Hjem","item":"https:\/\/nordicchicpaint.com\/de\/"},{"@type":"ListItem","position":2,"name":"Farbmedien","item":"https:\/\/nordicchicpaint.com\/de\/mediums\/"},{"@type":"ListItem","position":3,"name":"Nordic Chic Glaze"}]},{"@type":"WebSite","@id":"https:\/\/nordicchicpaint.com\/de\/#website","url":"https:\/\/nordicchicpaint.com\/de\/","name":"Nordic Chic\u00ae","description":"Chalk paint for interior and exterior use","publisher":{"@id":"https:\/\/nordicchicpaint.com\/de\/#organization"},"potentialAction":[{"@type":"SearchAction","target":{"@type":"EntryPoint","urlTemplate":"https:\/\/nordicchicpaint.com\/de\/?s={search_term_string}"},"query-input":{"@type":"PropertyValueSpecification","valueRequired":true,"valueName":"search_term_string"}}],"inLanguage":"de"},{"@type":"Organization","@id":"https:\/\/nordicchicpaint.com\/de\/#organization","name":"Nordic Chic\u00ae","url":"https:\/\/nordicchicpaint.com\/de\/","logo":{"@type":"ImageObject","inLanguage":"de","@id":"https:\/\/nordicchicpaint.com\/de\/#\/schema\/logo\/image\/","url":"https:\/\/nordicchicpaint.com\/wp-content\/uploads\/2021\/10\/logo.svg","contentUrl":"https:\/\/nordicchicpaint.com\/wp-content\/uploads\/2021\/10\/logo.svg","width":479,"height":474,"caption":"Nordic Chic\u00ae"},"image":{"@id":"https:\/\/nordicchicpaint.com\/de\/#\/schema\/logo\/image\/"}}]}},"_links":{"self":[{"href":"https:\/\/nordicchicpaint.com\/de\/wp-json\/wp\/v2\/pages\/4348"}],"collection":[{"href":"https:\/\/nordicchicpaint.com\/de\/wp-json\/wp\/v2\/pages"}],"about":[{"href":"https:\/\/nordicchicpaint.com\/de\/wp-json\/wp\/v2\/types\/page"}],"author":[{"embeddable":true,"href":"https:\/\/nordicchicpaint.com\/de\/wp-json\/wp\/v2\/users\/1"}],"replies":[{"embeddable":true,"href":"https:\/\/nordicchicpaint.com\/de\/wp-json\/wp\/v2\/comments?post=4348"}],"version-history":[{"count":4,"href":"https:\/\/nordicchicpaint.com\/de\/wp-json\/wp\/v2\/pages\/4348\/revisions"}],"predecessor-version":[{"id":4435,"href":"https:\/\/nordicchicpaint.com\/de\/wp-json\/wp\/v2\/pages\/4348\/revisions\/4435"}],"up":[{"embeddable":true,"href":"https:\/\/nordicchicpaint.com\/de\/wp-json\/wp\/v2\/pages\/5930"}],"wp:featuredmedia":[{"embeddable":true,"href":"https:\/\/nordicchicpaint.com\/de\/wp-json\/wp\/v2\/media\/5039"}],"wp:attachment":[{"href":"https:\/\/nordicchicpaint.com\/de\/wp-json\/wp\/v2\/media?parent=4348"}],"wp:term":[{"taxonomy":"category","embeddable":true,"href":"https:\/\/nordicchicpaint.com\/de\/wp-json\/wp\/v2\/categories?post=4348"}],"curies":[{"name":"wp","href":"https:\/\/api.w.org\/{rel}","templated":true}]}}