{"id":4345,"date":"2022-02-22T14:54:34","date_gmt":"2022-02-22T13:54:34","guid":{"rendered":"https:\/\/nordicchicpaint.com\/stains\/"},"modified":"2024-05-22T22:17:16","modified_gmt":"2024-05-22T20:17:16","slug":"stains","status":"publish","type":"page","link":"https:\/\/nordicchicpaint.com\/de\/stains\/","title":{"rendered":"Stains"},"content":{"rendered":"<section class=\"wpb-content-wrapper\"><p>[vc_row full_width=&#8220;stretch_row&#8220; el_class=&#8220;farver-ops\u00e6tning&#8220;][vc_column]<div class=\"ult-spacer spacer-6a03ff73efaf4\" data-id=\"6a03ff73efaf4\" data-height=\"90\" data-height-mobile=\"60\" data-height-tab=\"90\" data-height-tab-portrait=\"60\" data-height-mobile-landscape=\"60\" style=\"clear:both;display:block;\"><\/div>[vc_row_inner][vc_column_inner width=&#8220;1\/6&#8243;][\/vc_column_inner][vc_column_inner width=&#8220;2\/3&#8243;][vc_column_text]<\/p>\n<h2>Beize f\u00fcr den Innen- und Au\u00dfenbereich<\/h2>\n<p>Woody ist eine umweltfreundliche, biologisch abbaubare Beize f\u00fcr den Innen- und Au\u00dfenbereich.<\/p>\n<p>Verwenden Sie es auf Ihren Gartenm\u00f6beln oder machen Sie sch\u00f6ne gebeizte Holzplatten auf Kommoden usw.<\/p>\n<p>Woody ist in 4 Farben erh\u00e4ltlich: Schwarz, Wei\u00df, Dunkel und Walnuss.<\/p>\n<p>Wenn Sie sowohl das Schwarze als auch das Wei\u00dfe verwenden, k\u00f6nnen Sie wunderbare Driftwood-Looks und graue Farben kreieren.<\/p>\n<p>Bei Verwendung im Au\u00dfenbereich sollten Sie es mit unserem Nordic Chic Topcoat versiegeln. Im Innenbereich k\u00f6nnen Sie es so lassen, wie es ist, oder mit Topcoat oder Wachs versiegeln.<\/p>\n<p>Woody ist ein einfach zu verwendendes, umweltfreundliches Produkt ohne Sch\u00e4dlinge.<\/p>\n<p>400 ml im leicht zu \u00f6ffnenden Schraubdeckelbeh\u00e4lter.<\/p>\n<p>Finden Sie <a href=\"\/de\/retailers-near-you\/\">hier<\/a> Ihren H\u00e4ndler oder kaufen Sie hier <a href=\"http:\/\/www.nordichic.eu\" target=\"_blank\" rel=\"noopener\">www.nordichic.eu<\/a>.[\/vc_column_text][\/vc_column_inner][vc_column_inner width=&#8220;1\/6&#8243;][\/vc_column_inner][\/vc_row_inner][vc_empty_space height=&#8220;60px&#8220;][vc_media_grid gap=&#8220;20&#8243; grid_id=&#8220;vc_gid:1668626388877-75752402-7a89-4&#8243; include=&#8220;3677,3678,3679&#8243;]<div class=\"ult-spacer spacer-6a03ff73efb3d\" data-id=\"6a03ff73efb3d\" data-height=\"90\" data-height-mobile=\"60\" data-height-tab=\"90\" data-height-tab-portrait=\"60\" data-height-mobile-landscape=\"60\" style=\"clear:both;display:block;\"><\/div>[\/vc_column][\/vc_row]<\/p>\n<\/section>","protected":false},"excerpt":{"rendered":"<p>[vc_row full_width=&#8220;stretch_row&#8220; el_class=&#8220;farver-ops\u00e6tning&#8220;][vc_column][vc_row_inner][vc_column_inner width=&#8220;1\/6&#8243;][\/vc_column_inner][vc_column_inner width=&#8220;2\/3&#8243;][vc_column_text] Beize f\u00fcr den Innen- und Au\u00dfenbereich Woody ist eine umweltfreundliche, biologisch abbaubare Beize f\u00fcr den Innen- und Au\u00dfenbereich. Verwenden Sie es auf Ihren Gartenm\u00f6beln oder machen Sie sch\u00f6ne gebeizte Holzplatten auf Kommoden usw. Woody ist in 4 Farben erh\u00e4ltlich: Schwarz, Wei\u00df, Dunkel und Walnuss. Wenn Sie sowohl das Schwarze als &#8230; <a title=\"Stains\" class=\"read-more\" href=\"https:\/\/nordicchicpaint.com\/de\/stains\/\" aria-label=\"Mehr Informationen \u00fcber Stains\">Weiterlesen &#8230;<\/a><\/p>\n","protected":false},"author":1,"featured_media":4310,"parent":0,"menu_order":0,"comment_status":"closed","ping_status":"closed","template":"","meta":{"_acf_changed":false,"footnotes":""},"categories":[],"class_list":["post-4345","page","type-page","status-publish","has-post-thumbnail"],"acf":[],"yoast_head":"<!-- This site is optimized with the Yoast SEO plugin v23.4 - https:\/\/yoast.com\/wordpress\/plugins\/seo\/ -->\n<title>Hochwertige Beize f\u00fcr Innen- und Au\u00dfenbereich | Nordic Chic<\/title>\n<meta name=\"robots\" content=\"index, follow, max-snippet:-1, max-image-preview:large, max-video-preview:-1\" \/>\n<link rel=\"canonical\" href=\"https:\/\/nordicchicpaint.com\/de\/stains\/\" \/>\n<meta property=\"og:locale\" content=\"de_DE\" \/>\n<meta property=\"og:type\" content=\"article\" \/>\n<meta property=\"og:title\" content=\"Hochwertige Beize f\u00fcr Innen- und Au\u00dfenbereich | Nordic Chic\" \/>\n<meta property=\"og:description\" content=\"[vc_row full_width=&#8220;stretch_row&#8220; el_class=&#8220;farver-ops\u00e6tning&#8220;][vc_column][vc_row_inner][vc_column_inner width=&#8220;1\/6&#8243;][\/vc_column_inner][vc_column_inner width=&#8220;2\/3&#8243;][vc_column_text] Beize f\u00fcr den Innen- und Au\u00dfenbereich Woody ist eine umweltfreundliche, biologisch abbaubare Beize f\u00fcr den Innen- und Au\u00dfenbereich. Verwenden Sie es auf Ihren Gartenm\u00f6beln oder machen Sie sch\u00f6ne gebeizte Holzplatten auf Kommoden usw. Woody ist in 4 Farben erh\u00e4ltlich: Schwarz, Wei\u00df, Dunkel und Walnuss. Wenn Sie sowohl das Schwarze als ... Weiterlesen ...\" \/>\n<meta property=\"og:url\" content=\"https:\/\/nordicchicpaint.com\/de\/stains\/\" \/>\n<meta property=\"og:site_name\" content=\"Nordic Chic\u00ae\" \/>\n<meta property=\"article:modified_time\" content=\"2024-05-22T20:17:16+00:00\" \/>\n<meta property=\"og:image\" content=\"https:\/\/nordicchicpaint.com\/wp-content\/uploads\/2022\/09\/woody-Banner.jpeg\" \/>\n\t<meta property=\"og:image:width\" content=\"1920\" \/>\n\t<meta property=\"og:image:height\" content=\"1080\" \/>\n\t<meta property=\"og:image:type\" content=\"image\/jpeg\" \/>\n<meta name=\"twitter:card\" content=\"summary_large_image\" \/>\n<meta name=\"twitter:label1\" content=\"Gesch\u00e4tzte Lesezeit\" \/>\n\t<meta name=\"twitter:data1\" content=\"1\u00a0Minute\" \/>\n<script type=\"application\/ld+json\" class=\"yoast-schema-graph\">{\"@context\":\"https:\/\/schema.org\",\"@graph\":[{\"@type\":\"WebPage\",\"@id\":\"https:\/\/nordicchicpaint.com\/de\/stains\/\",\"url\":\"https:\/\/nordicchicpaint.com\/de\/stains\/\",\"name\":\"Hochwertige Beize f\u00fcr Innen- und Au\u00dfenbereich | Nordic Chic\",\"isPartOf\":{\"@id\":\"https:\/\/nordicchicpaint.com\/de\/#website\"},\"primaryImageOfPage\":{\"@id\":\"https:\/\/nordicchicpaint.com\/de\/stains\/#primaryimage\"},\"image\":{\"@id\":\"https:\/\/nordicchicpaint.com\/de\/stains\/#primaryimage\"},\"thumbnailUrl\":\"https:\/\/nordicchicpaint.com\/wp-content\/uploads\/2022\/09\/woody-Banner.jpeg\",\"datePublished\":\"2022-02-22T13:54:34+00:00\",\"dateModified\":\"2024-05-22T20:17:16+00:00\",\"breadcrumb\":{\"@id\":\"https:\/\/nordicchicpaint.com\/de\/stains\/#breadcrumb\"},\"inLanguage\":\"de\",\"potentialAction\":[{\"@type\":\"ReadAction\",\"target\":[\"https:\/\/nordicchicpaint.com\/de\/stains\/\"]}]},{\"@type\":\"ImageObject\",\"inLanguage\":\"de\",\"@id\":\"https:\/\/nordicchicpaint.com\/de\/stains\/#primaryimage\",\"url\":\"https:\/\/nordicchicpaint.com\/wp-content\/uploads\/2022\/09\/woody-Banner.jpeg\",\"contentUrl\":\"https:\/\/nordicchicpaint.com\/wp-content\/uploads\/2022\/09\/woody-Banner.jpeg\",\"width\":1920,\"height\":1080},{\"@type\":\"BreadcrumbList\",\"@id\":\"https:\/\/nordicchicpaint.com\/de\/stains\/#breadcrumb\",\"itemListElement\":[{\"@type\":\"ListItem\",\"position\":1,\"name\":\"Hjem\",\"item\":\"https:\/\/nordicchicpaint.com\/de\/\"},{\"@type\":\"ListItem\",\"position\":2,\"name\":\"Stains\"}]},{\"@type\":\"WebSite\",\"@id\":\"https:\/\/nordicchicpaint.com\/de\/#website\",\"url\":\"https:\/\/nordicchicpaint.com\/de\/\",\"name\":\"Nordic Chic\u00ae\",\"description\":\"Chalk paint for interior and exterior use\",\"publisher\":{\"@id\":\"https:\/\/nordicchicpaint.com\/de\/#organization\"},\"potentialAction\":[{\"@type\":\"SearchAction\",\"target\":{\"@type\":\"EntryPoint\",\"urlTemplate\":\"https:\/\/nordicchicpaint.com\/de\/?s={search_term_string}\"},\"query-input\":{\"@type\":\"PropertyValueSpecification\",\"valueRequired\":true,\"valueName\":\"search_term_string\"}}],\"inLanguage\":\"de\"},{\"@type\":\"Organization\",\"@id\":\"https:\/\/nordicchicpaint.com\/de\/#organization\",\"name\":\"Nordic Chic\u00ae\",\"url\":\"https:\/\/nordicchicpaint.com\/de\/\",\"logo\":{\"@type\":\"ImageObject\",\"inLanguage\":\"de\",\"@id\":\"https:\/\/nordicchicpaint.com\/de\/#\/schema\/logo\/image\/\",\"url\":\"https:\/\/nordicchicpaint.com\/wp-content\/uploads\/2021\/10\/logo.svg\",\"contentUrl\":\"https:\/\/nordicchicpaint.com\/wp-content\/uploads\/2021\/10\/logo.svg\",\"width\":479,\"height\":474,\"caption\":\"Nordic Chic\u00ae\"},\"image\":{\"@id\":\"https:\/\/nordicchicpaint.com\/de\/#\/schema\/logo\/image\/\"}}]}<\/script>\n<!-- \/ Yoast SEO plugin. -->","yoast_head_json":{"title":"Hochwertige Beize f\u00fcr Innen- und Au\u00dfenbereich | Nordic Chic","robots":{"index":"index","follow":"follow","max-snippet":"max-snippet:-1","max-image-preview":"max-image-preview:large","max-video-preview":"max-video-preview:-1"},"canonical":"https:\/\/nordicchicpaint.com\/de\/stains\/","og_locale":"de_DE","og_type":"article","og_title":"Hochwertige Beize f\u00fcr Innen- und Au\u00dfenbereich | Nordic Chic","og_description":"[vc_row full_width=&#8220;stretch_row&#8220; el_class=&#8220;farver-ops\u00e6tning&#8220;][vc_column][vc_row_inner][vc_column_inner width=&#8220;1\/6&#8243;][\/vc_column_inner][vc_column_inner width=&#8220;2\/3&#8243;][vc_column_text] Beize f\u00fcr den Innen- und Au\u00dfenbereich Woody ist eine umweltfreundliche, biologisch abbaubare Beize f\u00fcr den Innen- und Au\u00dfenbereich. Verwenden Sie es auf Ihren Gartenm\u00f6beln oder machen Sie sch\u00f6ne gebeizte Holzplatten auf Kommoden usw. Woody ist in 4 Farben erh\u00e4ltlich: Schwarz, Wei\u00df, Dunkel und Walnuss. Wenn Sie sowohl das Schwarze als ... Weiterlesen ...","og_url":"https:\/\/nordicchicpaint.com\/de\/stains\/","og_site_name":"Nordic Chic\u00ae","article_modified_time":"2024-05-22T20:17:16+00:00","og_image":[{"width":1920,"height":1080,"url":"https:\/\/nordicchicpaint.com\/wp-content\/uploads\/2022\/09\/woody-Banner.jpeg","type":"image\/jpeg"}],"twitter_card":"summary_large_image","twitter_misc":{"Gesch\u00e4tzte Lesezeit":"1\u00a0Minute"},"schema":{"@context":"https:\/\/schema.org","@graph":[{"@type":"WebPage","@id":"https:\/\/nordicchicpaint.com\/de\/stains\/","url":"https:\/\/nordicchicpaint.com\/de\/stains\/","name":"Hochwertige Beize f\u00fcr Innen- und Au\u00dfenbereich | Nordic Chic","isPartOf":{"@id":"https:\/\/nordicchicpaint.com\/de\/#website"},"primaryImageOfPage":{"@id":"https:\/\/nordicchicpaint.com\/de\/stains\/#primaryimage"},"image":{"@id":"https:\/\/nordicchicpaint.com\/de\/stains\/#primaryimage"},"thumbnailUrl":"https:\/\/nordicchicpaint.com\/wp-content\/uploads\/2022\/09\/woody-Banner.jpeg","datePublished":"2022-02-22T13:54:34+00:00","dateModified":"2024-05-22T20:17:16+00:00","breadcrumb":{"@id":"https:\/\/nordicchicpaint.com\/de\/stains\/#breadcrumb"},"inLanguage":"de","potentialAction":[{"@type":"ReadAction","target":["https:\/\/nordicchicpaint.com\/de\/stains\/"]}]},{"@type":"ImageObject","inLanguage":"de","@id":"https:\/\/nordicchicpaint.com\/de\/stains\/#primaryimage","url":"https:\/\/nordicchicpaint.com\/wp-content\/uploads\/2022\/09\/woody-Banner.jpeg","contentUrl":"https:\/\/nordicchicpaint.com\/wp-content\/uploads\/2022\/09\/woody-Banner.jpeg","width":1920,"height":1080},{"@type":"BreadcrumbList","@id":"https:\/\/nordicchicpaint.com\/de\/stains\/#breadcrumb","itemListElement":[{"@type":"ListItem","position":1,"name":"Hjem","item":"https:\/\/nordicchicpaint.com\/de\/"},{"@type":"ListItem","position":2,"name":"Stains"}]},{"@type":"WebSite","@id":"https:\/\/nordicchicpaint.com\/de\/#website","url":"https:\/\/nordicchicpaint.com\/de\/","name":"Nordic Chic\u00ae","description":"Chalk paint for interior and exterior use","publisher":{"@id":"https:\/\/nordicchicpaint.com\/de\/#organization"},"potentialAction":[{"@type":"SearchAction","target":{"@type":"EntryPoint","urlTemplate":"https:\/\/nordicchicpaint.com\/de\/?s={search_term_string}"},"query-input":{"@type":"PropertyValueSpecification","valueRequired":true,"valueName":"search_term_string"}}],"inLanguage":"de"},{"@type":"Organization","@id":"https:\/\/nordicchicpaint.com\/de\/#organization","name":"Nordic Chic\u00ae","url":"https:\/\/nordicchicpaint.com\/de\/","logo":{"@type":"ImageObject","inLanguage":"de","@id":"https:\/\/nordicchicpaint.com\/de\/#\/schema\/logo\/image\/","url":"https:\/\/nordicchicpaint.com\/wp-content\/uploads\/2021\/10\/logo.svg","contentUrl":"https:\/\/nordicchicpaint.com\/wp-content\/uploads\/2021\/10\/logo.svg","width":479,"height":474,"caption":"Nordic Chic\u00ae"},"image":{"@id":"https:\/\/nordicchicpaint.com\/de\/#\/schema\/logo\/image\/"}}]}},"_links":{"self":[{"href":"https:\/\/nordicchicpaint.com\/de\/wp-json\/wp\/v2\/pages\/4345"}],"collection":[{"href":"https:\/\/nordicchicpaint.com\/de\/wp-json\/wp\/v2\/pages"}],"about":[{"href":"https:\/\/nordicchicpaint.com\/de\/wp-json\/wp\/v2\/types\/page"}],"author":[{"embeddable":true,"href":"https:\/\/nordicchicpaint.com\/de\/wp-json\/wp\/v2\/users\/1"}],"replies":[{"embeddable":true,"href":"https:\/\/nordicchicpaint.com\/de\/wp-json\/wp\/v2\/comments?post=4345"}],"version-history":[{"count":3,"href":"https:\/\/nordicchicpaint.com\/de\/wp-json\/wp\/v2\/pages\/4345\/revisions"}],"predecessor-version":[{"id":4407,"href":"https:\/\/nordicchicpaint.com\/de\/wp-json\/wp\/v2\/pages\/4345\/revisions\/4407"}],"wp:featuredmedia":[{"embeddable":true,"href":"https:\/\/nordicchicpaint.com\/de\/wp-json\/wp\/v2\/media\/4310"}],"wp:attachment":[{"href":"https:\/\/nordicchicpaint.com\/de\/wp-json\/wp\/v2\/media?parent=4345"}],"wp:term":[{"taxonomy":"category","embeddable":true,"href":"https:\/\/nordicchicpaint.com\/de\/wp-json\/wp\/v2\/categories?post=4345"}],"curies":[{"name":"wp","href":"https:\/\/api.w.org\/{rel}","templated":true}]}}