{"id":4342,"date":"2022-02-22T15:01:33","date_gmt":"2022-02-22T14:01:33","guid":{"rendered":"https:\/\/nordicchicpaint.com\/nordic-chic-topcoat\/"},"modified":"2025-04-09T13:49:20","modified_gmt":"2025-04-09T11:49:20","slug":"nordic-chic-topcoat","status":"publish","type":"page","link":"https:\/\/nordicchicpaint.com\/de\/nordic-chic-topcoat\/","title":{"rendered":"Nordic Chic Topcoat"},"content":{"rendered":"<section class=\"wpb-content-wrapper\"><p>[vc_row full_width=&#8220;stretch_row&#8220; el_class=&#8220;farver-ops\u00e6tning&#8220;][vc_column]<div class=\"ult-spacer spacer-69f328b9dd854\" data-id=\"69f328b9dd854\" data-height=\"90\" data-height-mobile=\"60\" data-height-tab=\"90\" data-height-tab-portrait=\"60\" data-height-mobile-landscape=\"60\" style=\"clear:both;display:block;\"><\/div>[vc_row_inner][vc_column_inner width=&#8220;1\/6&#8243;][\/vc_column_inner][vc_column_inner width=&#8220;2\/3&#8243;][vc_column_text]<\/p>\n<h1><strong>Nordic Chic\u00ae Decklack<\/strong><\/h1>\n<p>ist eine klare Emaillefarbe zum Auftragen auf Holz, das mit Nordic Chic M\u00f6belfarbe behandelt wurde.<\/p>\n<p>Ein VOC-freier, l\u00f6sungsmittelfreier, umweltfreundlicher Decklack zum Aufstreichen, der a<br \/>\nsch\u00f6ne seidige oberfl\u00e4che, die man mit einem feuchten tuch abwischen kann. Es wird sch\u00fctzen<br \/>\ndie Oberfl\u00e4che und erfordert nicht die gleiche Pflege wie das Wachs.<\/p>\n<p><strong>Ergiebigkeit:<\/strong> Ungef\u00e4hr 70-90 Milliliter pro Quadratmeter. Ein halber Liter<br \/>\nreicht f\u00fcr 6-8 Quadratmeter \u2013 je nach Beschaffenheit der Fl\u00e4che<br \/>\nauftauchen.<\/p>\n<p>Unser NEW FORMULA Topcoat kann sowohl im Innen- als auch im Au\u00dfenbereich verwendet werden.<\/p>\n<p><strong>Farbe:<\/strong> Klar<br \/>\n<strong>Verd\u00fcnnung:<\/strong> n\/a \u2013 Produkt ist gebrauchsfertig.<br \/>\n<strong>Trockenzeit:<\/strong> Abh\u00e4ngig von Raumtemperatur und relativer Luftfeuchtigkeit, das Produkt ist normalerweise nach 15-30 Minuten ber\u00fchrungstrocken und gebrauchsfertig Abschleifen nach 45 Minuten. Die Oberfl\u00e4che kann mit dem zweiten Anstrich versehen werden<br \/>\nnach ca. 2 Stunden.<\/p>\n<p><strong>ANWENDUNGSINSTRUKTIONEN<\/strong><br \/>\n<strong>Vorbereitung<\/strong>: Der Untergrund sollte trocken, saugf\u00e4hig und fettfrei sein und ohne Staub.<br \/>\n<strong>Anwendung<\/strong>: Nordic Chic Top Coat unverd\u00fcnnt in zwei Schichten auftragen. Nach dem Trocknen der ersten Schicht ist ein leichtes Anschleifen ratsam (K\u00f6rnung 180 \u2013 240). Nordic Chic Top Coat d\u00fcnn auftragen.<br \/>\n<strong>Werkzeuge<\/strong>: Pinsel, Rolle oder ein geeignetes Spritzger\u00e4t (z. B. Airless oder Aircoat). Sparsam auftragen. Verwenden Sie zum Reinigen der Werkzeuge Seifenlauge.<br \/>\n<strong>Lagerung<\/strong>: Gebinde dicht verschlossen k\u00fchl, aber frostfrei lagern.<br \/>\n<strong>Inhaltsstoffe<\/strong>: Wasser, Erdpigmente, Tenside, mineralische F\u00fcllstoffe,<br \/>\nEssigester, 0,1 % synthetisches Konservierungsmittel (MIT \/ BIT)<br \/>\n<strong>Sicherheit<\/strong>: Auch wenn es ungiftig ist, au\u00dferhalb der Reichweite von Kindern aufbewahren.<br \/>\n<strong>Entsorgung<\/strong>: Unbenutzte Lackfarbe trocknen lassen. Werde die Reste los nach den geltenden \u00f6rtlichen Vorschriften. Nicht in den Abfluss werfen.<br \/>\n<strong>VOC-Verordnung<\/strong>: VOC-Gehalt (g\/l): 0,01<\/p>\n<p>Inhalt: 500 ml in einer Flasche.<\/p>\n<p>Finden Sie <a href=\"\/de\/retailers-near-you\/\">hier<\/a> Ihren H\u00e4ndler oder kaufen Sie hier <a href=\"http:\/\/www.nordichic.eu\" target=\"_blank\" rel=\"noopener\">www.nordichic.eu<\/a>.[\/vc_column_text][\/vc_column_inner][vc_column_inner width=&#8220;1\/6&#8243;][\/vc_column_inner][\/vc_row_inner]<div class=\"ult-spacer spacer-69f328b9dd89e\" data-id=\"69f328b9dd89e\" data-height=\"90\" data-height-mobile=\"60\" data-height-tab=\"90\" data-height-tab-portrait=\"60\" data-height-mobile-landscape=\"60\" style=\"clear:both;display:block;\"><\/div>[\/vc_column][\/vc_row]<\/p>\n<\/section>","protected":false},"excerpt":{"rendered":"<p>[vc_row full_width=&#8220;stretch_row&#8220; el_class=&#8220;farver-ops\u00e6tning&#8220;][vc_column][vc_row_inner][vc_column_inner width=&#8220;1\/6&#8243;][\/vc_column_inner][vc_column_inner width=&#8220;2\/3&#8243;][vc_column_text] Nordic Chic\u00ae Decklack ist eine klare Emaillefarbe zum Auftragen auf Holz, das mit Nordic Chic M\u00f6belfarbe behandelt wurde. Ein VOC-freier, l\u00f6sungsmittelfreier, umweltfreundlicher Decklack zum Aufstreichen, der a sch\u00f6ne seidige oberfl\u00e4che, die man mit einem feuchten tuch abwischen kann. Es wird sch\u00fctzen die Oberfl\u00e4che und erfordert nicht die gleiche Pflege wie &#8230; <a title=\"Nordic Chic Topcoat\" class=\"read-more\" href=\"https:\/\/nordicchicpaint.com\/de\/nordic-chic-topcoat\/\" aria-label=\"Mehr Informationen \u00fcber Nordic Chic Topcoat\">Weiterlesen &#8230;<\/a><\/p>\n","protected":false},"author":1,"featured_media":5050,"parent":0,"menu_order":0,"comment_status":"closed","ping_status":"closed","template":"","meta":{"_acf_changed":false,"footnotes":""},"categories":[],"class_list":["post-4342","page","type-page","status-publish","has-post-thumbnail"],"acf":[],"yoast_head":"<!-- This site is optimized with the Yoast SEO plugin v23.4 - https:\/\/yoast.com\/wordpress\/plugins\/seo\/ -->\n<title>Decklack f\u00fcr Holzm\u00f6bel -&gt; Oberfl\u00e4chenschutz | Nordic Chic<\/title>\n<meta name=\"description\" content=\"Hochwertiger Decklack f\u00fcr langanhaltenden Schutz \u2713 Erleben Sie brillante Farben und eine widerstandsf\u00e4hige Oberfl\u00e4che.\" \/>\n<meta name=\"robots\" content=\"index, follow, max-snippet:-1, max-image-preview:large, max-video-preview:-1\" \/>\n<link rel=\"canonical\" href=\"https:\/\/nordicchicpaint.com\/de\/nordic-chic-topcoat\/\" \/>\n<meta property=\"og:locale\" content=\"de_DE\" \/>\n<meta property=\"og:type\" content=\"article\" \/>\n<meta property=\"og:title\" content=\"Decklack f\u00fcr Holzm\u00f6bel -&gt; Oberfl\u00e4chenschutz | Nordic Chic\" \/>\n<meta property=\"og:description\" content=\"Hochwertiger Decklack f\u00fcr langanhaltenden Schutz \u2713 Erleben Sie brillante Farben und eine widerstandsf\u00e4hige Oberfl\u00e4che.\" \/>\n<meta property=\"og:url\" content=\"https:\/\/nordicchicpaint.com\/de\/nordic-chic-topcoat\/\" \/>\n<meta property=\"og:site_name\" content=\"Nordic Chic\u00ae\" \/>\n<meta property=\"article:modified_time\" content=\"2025-04-09T11:49:20+00:00\" \/>\n<meta property=\"og:image\" content=\"https:\/\/nordicchicpaint.com\/wp-content\/uploads\/2023\/06\/Topcoat-1-1-e1687933313386.jpeg\" \/>\n\t<meta property=\"og:image:width\" content=\"1920\" \/>\n\t<meta property=\"og:image:height\" content=\"652\" \/>\n\t<meta property=\"og:image:type\" content=\"image\/jpeg\" \/>\n<meta name=\"twitter:card\" content=\"summary_large_image\" \/>\n<meta name=\"twitter:label1\" content=\"Gesch\u00e4tzte Lesezeit\" \/>\n\t<meta name=\"twitter:data1\" content=\"2\u00a0Minuten\" \/>\n<script type=\"application\/ld+json\" class=\"yoast-schema-graph\">{\"@context\":\"https:\/\/schema.org\",\"@graph\":[{\"@type\":\"WebPage\",\"@id\":\"https:\/\/nordicchicpaint.com\/de\/nordic-chic-topcoat\/\",\"url\":\"https:\/\/nordicchicpaint.com\/de\/nordic-chic-topcoat\/\",\"name\":\"Decklack f\u00fcr Holzm\u00f6bel -> Oberfl\u00e4chenschutz | Nordic Chic\",\"isPartOf\":{\"@id\":\"https:\/\/nordicchicpaint.com\/de\/#website\"},\"primaryImageOfPage\":{\"@id\":\"https:\/\/nordicchicpaint.com\/de\/nordic-chic-topcoat\/#primaryimage\"},\"image\":{\"@id\":\"https:\/\/nordicchicpaint.com\/de\/nordic-chic-topcoat\/#primaryimage\"},\"thumbnailUrl\":\"https:\/\/nordicchicpaint.com\/wp-content\/uploads\/2023\/06\/Topcoat-1-1-e1687933313386.jpeg\",\"datePublished\":\"2022-02-22T14:01:33+00:00\",\"dateModified\":\"2025-04-09T11:49:20+00:00\",\"description\":\"Hochwertiger Decklack f\u00fcr langanhaltenden Schutz \u2713 Erleben Sie brillante Farben und eine widerstandsf\u00e4hige Oberfl\u00e4che.\",\"breadcrumb\":{\"@id\":\"https:\/\/nordicchicpaint.com\/de\/nordic-chic-topcoat\/#breadcrumb\"},\"inLanguage\":\"de\",\"potentialAction\":[{\"@type\":\"ReadAction\",\"target\":[\"https:\/\/nordicchicpaint.com\/de\/nordic-chic-topcoat\/\"]}]},{\"@type\":\"ImageObject\",\"inLanguage\":\"de\",\"@id\":\"https:\/\/nordicchicpaint.com\/de\/nordic-chic-topcoat\/#primaryimage\",\"url\":\"https:\/\/nordicchicpaint.com\/wp-content\/uploads\/2023\/06\/Topcoat-1-1-e1687933313386.jpeg\",\"contentUrl\":\"https:\/\/nordicchicpaint.com\/wp-content\/uploads\/2023\/06\/Topcoat-1-1-e1687933313386.jpeg\",\"width\":1920,\"height\":652},{\"@type\":\"BreadcrumbList\",\"@id\":\"https:\/\/nordicchicpaint.com\/de\/nordic-chic-topcoat\/#breadcrumb\",\"itemListElement\":[{\"@type\":\"ListItem\",\"position\":1,\"name\":\"Hjem\",\"item\":\"https:\/\/nordicchicpaint.com\/de\/\"},{\"@type\":\"ListItem\",\"position\":2,\"name\":\"Nordic Chic Topcoat\"}]},{\"@type\":\"WebSite\",\"@id\":\"https:\/\/nordicchicpaint.com\/de\/#website\",\"url\":\"https:\/\/nordicchicpaint.com\/de\/\",\"name\":\"Nordic Chic\u00ae\",\"description\":\"Chalk paint for interior and exterior use\",\"publisher\":{\"@id\":\"https:\/\/nordicchicpaint.com\/de\/#organization\"},\"potentialAction\":[{\"@type\":\"SearchAction\",\"target\":{\"@type\":\"EntryPoint\",\"urlTemplate\":\"https:\/\/nordicchicpaint.com\/de\/?s={search_term_string}\"},\"query-input\":{\"@type\":\"PropertyValueSpecification\",\"valueRequired\":true,\"valueName\":\"search_term_string\"}}],\"inLanguage\":\"de\"},{\"@type\":\"Organization\",\"@id\":\"https:\/\/nordicchicpaint.com\/de\/#organization\",\"name\":\"Nordic Chic\u00ae\",\"url\":\"https:\/\/nordicchicpaint.com\/de\/\",\"logo\":{\"@type\":\"ImageObject\",\"inLanguage\":\"de\",\"@id\":\"https:\/\/nordicchicpaint.com\/de\/#\/schema\/logo\/image\/\",\"url\":\"https:\/\/nordicchicpaint.com\/wp-content\/uploads\/2021\/10\/logo.svg\",\"contentUrl\":\"https:\/\/nordicchicpaint.com\/wp-content\/uploads\/2021\/10\/logo.svg\",\"width\":479,\"height\":474,\"caption\":\"Nordic Chic\u00ae\"},\"image\":{\"@id\":\"https:\/\/nordicchicpaint.com\/de\/#\/schema\/logo\/image\/\"}}]}<\/script>\n<!-- \/ Yoast SEO plugin. -->","yoast_head_json":{"title":"Decklack f\u00fcr Holzm\u00f6bel -> Oberfl\u00e4chenschutz | Nordic Chic","description":"Hochwertiger Decklack f\u00fcr langanhaltenden Schutz \u2713 Erleben Sie brillante Farben und eine widerstandsf\u00e4hige Oberfl\u00e4che.","robots":{"index":"index","follow":"follow","max-snippet":"max-snippet:-1","max-image-preview":"max-image-preview:large","max-video-preview":"max-video-preview:-1"},"canonical":"https:\/\/nordicchicpaint.com\/de\/nordic-chic-topcoat\/","og_locale":"de_DE","og_type":"article","og_title":"Decklack f\u00fcr Holzm\u00f6bel -> Oberfl\u00e4chenschutz | Nordic Chic","og_description":"Hochwertiger Decklack f\u00fcr langanhaltenden Schutz \u2713 Erleben Sie brillante Farben und eine widerstandsf\u00e4hige Oberfl\u00e4che.","og_url":"https:\/\/nordicchicpaint.com\/de\/nordic-chic-topcoat\/","og_site_name":"Nordic Chic\u00ae","article_modified_time":"2025-04-09T11:49:20+00:00","og_image":[{"width":1920,"height":652,"url":"https:\/\/nordicchicpaint.com\/wp-content\/uploads\/2023\/06\/Topcoat-1-1-e1687933313386.jpeg","type":"image\/jpeg"}],"twitter_card":"summary_large_image","twitter_misc":{"Gesch\u00e4tzte Lesezeit":"2\u00a0Minuten"},"schema":{"@context":"https:\/\/schema.org","@graph":[{"@type":"WebPage","@id":"https:\/\/nordicchicpaint.com\/de\/nordic-chic-topcoat\/","url":"https:\/\/nordicchicpaint.com\/de\/nordic-chic-topcoat\/","name":"Decklack f\u00fcr Holzm\u00f6bel -> Oberfl\u00e4chenschutz | Nordic Chic","isPartOf":{"@id":"https:\/\/nordicchicpaint.com\/de\/#website"},"primaryImageOfPage":{"@id":"https:\/\/nordicchicpaint.com\/de\/nordic-chic-topcoat\/#primaryimage"},"image":{"@id":"https:\/\/nordicchicpaint.com\/de\/nordic-chic-topcoat\/#primaryimage"},"thumbnailUrl":"https:\/\/nordicchicpaint.com\/wp-content\/uploads\/2023\/06\/Topcoat-1-1-e1687933313386.jpeg","datePublished":"2022-02-22T14:01:33+00:00","dateModified":"2025-04-09T11:49:20+00:00","description":"Hochwertiger Decklack f\u00fcr langanhaltenden Schutz \u2713 Erleben Sie brillante Farben und eine widerstandsf\u00e4hige Oberfl\u00e4che.","breadcrumb":{"@id":"https:\/\/nordicchicpaint.com\/de\/nordic-chic-topcoat\/#breadcrumb"},"inLanguage":"de","potentialAction":[{"@type":"ReadAction","target":["https:\/\/nordicchicpaint.com\/de\/nordic-chic-topcoat\/"]}]},{"@type":"ImageObject","inLanguage":"de","@id":"https:\/\/nordicchicpaint.com\/de\/nordic-chic-topcoat\/#primaryimage","url":"https:\/\/nordicchicpaint.com\/wp-content\/uploads\/2023\/06\/Topcoat-1-1-e1687933313386.jpeg","contentUrl":"https:\/\/nordicchicpaint.com\/wp-content\/uploads\/2023\/06\/Topcoat-1-1-e1687933313386.jpeg","width":1920,"height":652},{"@type":"BreadcrumbList","@id":"https:\/\/nordicchicpaint.com\/de\/nordic-chic-topcoat\/#breadcrumb","itemListElement":[{"@type":"ListItem","position":1,"name":"Hjem","item":"https:\/\/nordicchicpaint.com\/de\/"},{"@type":"ListItem","position":2,"name":"Nordic Chic Topcoat"}]},{"@type":"WebSite","@id":"https:\/\/nordicchicpaint.com\/de\/#website","url":"https:\/\/nordicchicpaint.com\/de\/","name":"Nordic Chic\u00ae","description":"Chalk paint for interior and exterior use","publisher":{"@id":"https:\/\/nordicchicpaint.com\/de\/#organization"},"potentialAction":[{"@type":"SearchAction","target":{"@type":"EntryPoint","urlTemplate":"https:\/\/nordicchicpaint.com\/de\/?s={search_term_string}"},"query-input":{"@type":"PropertyValueSpecification","valueRequired":true,"valueName":"search_term_string"}}],"inLanguage":"de"},{"@type":"Organization","@id":"https:\/\/nordicchicpaint.com\/de\/#organization","name":"Nordic Chic\u00ae","url":"https:\/\/nordicchicpaint.com\/de\/","logo":{"@type":"ImageObject","inLanguage":"de","@id":"https:\/\/nordicchicpaint.com\/de\/#\/schema\/logo\/image\/","url":"https:\/\/nordicchicpaint.com\/wp-content\/uploads\/2021\/10\/logo.svg","contentUrl":"https:\/\/nordicchicpaint.com\/wp-content\/uploads\/2021\/10\/logo.svg","width":479,"height":474,"caption":"Nordic Chic\u00ae"},"image":{"@id":"https:\/\/nordicchicpaint.com\/de\/#\/schema\/logo\/image\/"}}]}},"_links":{"self":[{"href":"https:\/\/nordicchicpaint.com\/de\/wp-json\/wp\/v2\/pages\/4342"}],"collection":[{"href":"https:\/\/nordicchicpaint.com\/de\/wp-json\/wp\/v2\/pages"}],"about":[{"href":"https:\/\/nordicchicpaint.com\/de\/wp-json\/wp\/v2\/types\/page"}],"author":[{"embeddable":true,"href":"https:\/\/nordicchicpaint.com\/de\/wp-json\/wp\/v2\/users\/1"}],"replies":[{"embeddable":true,"href":"https:\/\/nordicchicpaint.com\/de\/wp-json\/wp\/v2\/comments?post=4342"}],"version-history":[{"count":6,"href":"https:\/\/nordicchicpaint.com\/de\/wp-json\/wp\/v2\/pages\/4342\/revisions"}],"predecessor-version":[{"id":4434,"href":"https:\/\/nordicchicpaint.com\/de\/wp-json\/wp\/v2\/pages\/4342\/revisions\/4434"}],"wp:featuredmedia":[{"embeddable":true,"href":"https:\/\/nordicchicpaint.com\/de\/wp-json\/wp\/v2\/media\/5050"}],"wp:attachment":[{"href":"https:\/\/nordicchicpaint.com\/de\/wp-json\/wp\/v2\/media?parent=4342"}],"wp:term":[{"taxonomy":"category","embeddable":true,"href":"https:\/\/nordicchicpaint.com\/de\/wp-json\/wp\/v2\/categories?post=4342"}],"curies":[{"name":"wp","href":"https:\/\/api.w.org\/{rel}","templated":true}]}}