{"id":4339,"date":"2022-02-22T14:57:16","date_gmt":"2022-02-22T13:57:16","guid":{"rendered":"https:\/\/nordicchicpaint.com\/nordic-chic-furniture-wax\/"},"modified":"2025-01-03T12:41:33","modified_gmt":"2025-01-03T11:41:33","slug":"nordic-chic-furniture-wax","status":"publish","type":"page","link":"https:\/\/nordicchicpaint.com\/de\/nordic-chic-furniture-wax\/","title":{"rendered":"Nordic Chic Furniture Wax"},"content":{"rendered":"<section class=\"wpb-content-wrapper\"><p>[vc_row full_width=&#8220;stretch_row&#8220; el_class=&#8220;farver-ops\u00e6tning&#8220;][vc_column]<div class=\"ult-spacer spacer-69e9933672499\" data-id=\"69e9933672499\" data-height=\"90\" data-height-mobile=\"60\" data-height-tab=\"90\" data-height-tab-portrait=\"60\" data-height-mobile-landscape=\"60\" style=\"clear:both;display:block;\"><\/div>[vc_row_inner][vc_column_inner width=&#8220;1\/6&#8243;][\/vc_column_inner][vc_column_inner width=&#8220;2\/3&#8243;][vc_column_text]<\/p>\n<h3>Nordic Chic M\u00f6belwachs<\/h3>\n<p>Spezielles Finish Wachs zum wasserabweisenden Schutz von M\u00f6beln, die mit Nordic Furniture Paint gestrichen wurden. Es ist 100 % weniger geruchsneutral und ungiftig.<\/p>\n<p>Es umfasst ca. mit 10-20 ml pro m\u00b2 und in mehreren Farben erh\u00e4ltlich: Transparent, Schwarz, Grau und Dunkel. Es gibt 400 ml Klarwachs in einer Dose und 200 ml farbiges Wachs.<\/p>\n<p>Finden Sie <a href=\"\/de\/retailers-near-you\/\">hier<\/a> Ihren H\u00e4ndler oder kaufen Sie hier <a href=\"http:\/\/www.nordichic.eu\" target=\"_blank\" rel=\"noopener\">www.nordichic.eu<\/a>.[\/vc_column_text][\/vc_column_inner][vc_column_inner width=&#8220;1\/6&#8243;][\/vc_column_inner][\/vc_row_inner][vc_empty_space height=&#8220;60px&#8220;][vc_single_image image=&#8220;3672&#8243; img_size=&#8220;full&#8220; alignment=&#8220;center&#8220;]<div class=\"ult-spacer spacer-69e99336724e9\" data-id=\"69e99336724e9\" data-height=\"90\" data-height-mobile=\"60\" data-height-tab=\"90\" data-height-tab-portrait=\"60\" data-height-mobile-landscape=\"60\" style=\"clear:both;display:block;\"><\/div>[\/vc_column][\/vc_row]<\/p>\n<\/section>","protected":false},"excerpt":{"rendered":"<p>[vc_row full_width=&#8220;stretch_row&#8220; el_class=&#8220;farver-ops\u00e6tning&#8220;][vc_column][vc_row_inner][vc_column_inner width=&#8220;1\/6&#8243;][\/vc_column_inner][vc_column_inner width=&#8220;2\/3&#8243;][vc_column_text] Nordic Chic M\u00f6belwachs Spezielles Finish Wachs zum wasserabweisenden Schutz von M\u00f6beln, die mit Nordic Furniture Paint gestrichen wurden. Es ist 100 % weniger geruchsneutral und ungiftig. Es umfasst ca. mit 10-20 ml pro m\u00b2 und in mehreren Farben erh\u00e4ltlich: Transparent, Schwarz, Grau und Dunkel. Es gibt 400 ml Klarwachs in &#8230; <a title=\"Nordic Chic Furniture Wax\" class=\"read-more\" href=\"https:\/\/nordicchicpaint.com\/de\/nordic-chic-furniture-wax\/\" aria-label=\"Mehr Informationen \u00fcber Nordic Chic Furniture Wax\">Weiterlesen &#8230;<\/a><\/p>\n","protected":false},"author":1,"featured_media":4282,"parent":0,"menu_order":0,"comment_status":"closed","ping_status":"closed","template":"","meta":{"_acf_changed":false,"footnotes":""},"categories":[],"class_list":["post-4339","page","type-page","status-publish","has-post-thumbnail"],"acf":[],"yoast_head":"<!-- This site is optimized with the Yoast SEO plugin v23.4 - https:\/\/yoast.com\/wordpress\/plugins\/seo\/ -->\n<title>M\u00f6belwachs, wasserabweisender Schutz | Nordic Chic<\/title>\n<meta name=\"description\" content=\"Sch\u00fctzen und pflegen Sie Ihre M\u00f6bel mit hochwertigem M\u00f6belwachs \u2713 Verl\u00e4ngern Sie die Lebensdauer Ihrer Holzm\u00f6bel und bewahren Sie ihren nat\u00fcrlichen Glanz.\" \/>\n<meta name=\"robots\" content=\"index, follow, max-snippet:-1, max-image-preview:large, max-video-preview:-1\" \/>\n<link rel=\"canonical\" href=\"https:\/\/nordicchicpaint.com\/de\/nordic-chic-furniture-wax\/\" \/>\n<meta property=\"og:locale\" content=\"de_DE\" \/>\n<meta property=\"og:type\" content=\"article\" \/>\n<meta property=\"og:title\" content=\"M\u00f6belwachs, wasserabweisender Schutz | Nordic Chic\" \/>\n<meta property=\"og:description\" content=\"Sch\u00fctzen und pflegen Sie Ihre M\u00f6bel mit hochwertigem M\u00f6belwachs \u2713 Verl\u00e4ngern Sie die Lebensdauer Ihrer Holzm\u00f6bel und bewahren Sie ihren nat\u00fcrlichen Glanz.\" \/>\n<meta property=\"og:url\" content=\"https:\/\/nordicchicpaint.com\/de\/nordic-chic-furniture-wax\/\" \/>\n<meta property=\"og:site_name\" content=\"Nordic Chic\u00ae\" \/>\n<meta property=\"article:modified_time\" content=\"2025-01-03T11:41:33+00:00\" \/>\n<meta property=\"og:image\" content=\"https:\/\/nordicchicpaint.com\/wp-content\/uploads\/2022\/08\/wax.jpeg\" \/>\n\t<meta property=\"og:image:width\" content=\"2000\" \/>\n\t<meta property=\"og:image:height\" content=\"805\" \/>\n\t<meta property=\"og:image:type\" content=\"image\/jpeg\" \/>\n<meta name=\"twitter:card\" content=\"summary_large_image\" \/>\n<meta name=\"twitter:label1\" content=\"Gesch\u00e4tzte Lesezeit\" \/>\n\t<meta name=\"twitter:data1\" content=\"1\u00a0Minute\" \/>\n<script type=\"application\/ld+json\" class=\"yoast-schema-graph\">{\"@context\":\"https:\/\/schema.org\",\"@graph\":[{\"@type\":\"WebPage\",\"@id\":\"https:\/\/nordicchicpaint.com\/de\/nordic-chic-furniture-wax\/\",\"url\":\"https:\/\/nordicchicpaint.com\/de\/nordic-chic-furniture-wax\/\",\"name\":\"M\u00f6belwachs, wasserabweisender Schutz | Nordic Chic\",\"isPartOf\":{\"@id\":\"https:\/\/nordicchicpaint.com\/de\/#website\"},\"primaryImageOfPage\":{\"@id\":\"https:\/\/nordicchicpaint.com\/de\/nordic-chic-furniture-wax\/#primaryimage\"},\"image\":{\"@id\":\"https:\/\/nordicchicpaint.com\/de\/nordic-chic-furniture-wax\/#primaryimage\"},\"thumbnailUrl\":\"https:\/\/nordicchicpaint.com\/wp-content\/uploads\/2022\/08\/wax.jpeg\",\"datePublished\":\"2022-02-22T13:57:16+00:00\",\"dateModified\":\"2025-01-03T11:41:33+00:00\",\"description\":\"Sch\u00fctzen und pflegen Sie Ihre M\u00f6bel mit hochwertigem M\u00f6belwachs \u2713 Verl\u00e4ngern Sie die Lebensdauer Ihrer Holzm\u00f6bel und bewahren Sie ihren nat\u00fcrlichen Glanz.\",\"breadcrumb\":{\"@id\":\"https:\/\/nordicchicpaint.com\/de\/nordic-chic-furniture-wax\/#breadcrumb\"},\"inLanguage\":\"de\",\"potentialAction\":[{\"@type\":\"ReadAction\",\"target\":[\"https:\/\/nordicchicpaint.com\/de\/nordic-chic-furniture-wax\/\"]}]},{\"@type\":\"ImageObject\",\"inLanguage\":\"de\",\"@id\":\"https:\/\/nordicchicpaint.com\/de\/nordic-chic-furniture-wax\/#primaryimage\",\"url\":\"https:\/\/nordicchicpaint.com\/wp-content\/uploads\/2022\/08\/wax.jpeg\",\"contentUrl\":\"https:\/\/nordicchicpaint.com\/wp-content\/uploads\/2022\/08\/wax.jpeg\",\"width\":2000,\"height\":805},{\"@type\":\"BreadcrumbList\",\"@id\":\"https:\/\/nordicchicpaint.com\/de\/nordic-chic-furniture-wax\/#breadcrumb\",\"itemListElement\":[{\"@type\":\"ListItem\",\"position\":1,\"name\":\"Hjem\",\"item\":\"https:\/\/nordicchicpaint.com\/de\/\"},{\"@type\":\"ListItem\",\"position\":2,\"name\":\"Nordic Chic Furniture Wax\"}]},{\"@type\":\"WebSite\",\"@id\":\"https:\/\/nordicchicpaint.com\/de\/#website\",\"url\":\"https:\/\/nordicchicpaint.com\/de\/\",\"name\":\"Nordic Chic\u00ae\",\"description\":\"Chalk paint for interior and exterior use\",\"publisher\":{\"@id\":\"https:\/\/nordicchicpaint.com\/de\/#organization\"},\"potentialAction\":[{\"@type\":\"SearchAction\",\"target\":{\"@type\":\"EntryPoint\",\"urlTemplate\":\"https:\/\/nordicchicpaint.com\/de\/?s={search_term_string}\"},\"query-input\":{\"@type\":\"PropertyValueSpecification\",\"valueRequired\":true,\"valueName\":\"search_term_string\"}}],\"inLanguage\":\"de\"},{\"@type\":\"Organization\",\"@id\":\"https:\/\/nordicchicpaint.com\/de\/#organization\",\"name\":\"Nordic Chic\u00ae\",\"url\":\"https:\/\/nordicchicpaint.com\/de\/\",\"logo\":{\"@type\":\"ImageObject\",\"inLanguage\":\"de\",\"@id\":\"https:\/\/nordicchicpaint.com\/de\/#\/schema\/logo\/image\/\",\"url\":\"https:\/\/nordicchicpaint.com\/wp-content\/uploads\/2021\/10\/logo.svg\",\"contentUrl\":\"https:\/\/nordicchicpaint.com\/wp-content\/uploads\/2021\/10\/logo.svg\",\"width\":479,\"height\":474,\"caption\":\"Nordic Chic\u00ae\"},\"image\":{\"@id\":\"https:\/\/nordicchicpaint.com\/de\/#\/schema\/logo\/image\/\"}}]}<\/script>\n<!-- \/ Yoast SEO plugin. -->","yoast_head_json":{"title":"M\u00f6belwachs, wasserabweisender Schutz | Nordic Chic","description":"Sch\u00fctzen und pflegen Sie Ihre M\u00f6bel mit hochwertigem M\u00f6belwachs \u2713 Verl\u00e4ngern Sie die Lebensdauer Ihrer Holzm\u00f6bel und bewahren Sie ihren nat\u00fcrlichen Glanz.","robots":{"index":"index","follow":"follow","max-snippet":"max-snippet:-1","max-image-preview":"max-image-preview:large","max-video-preview":"max-video-preview:-1"},"canonical":"https:\/\/nordicchicpaint.com\/de\/nordic-chic-furniture-wax\/","og_locale":"de_DE","og_type":"article","og_title":"M\u00f6belwachs, wasserabweisender Schutz | Nordic Chic","og_description":"Sch\u00fctzen und pflegen Sie Ihre M\u00f6bel mit hochwertigem M\u00f6belwachs \u2713 Verl\u00e4ngern Sie die Lebensdauer Ihrer Holzm\u00f6bel und bewahren Sie ihren nat\u00fcrlichen Glanz.","og_url":"https:\/\/nordicchicpaint.com\/de\/nordic-chic-furniture-wax\/","og_site_name":"Nordic Chic\u00ae","article_modified_time":"2025-01-03T11:41:33+00:00","og_image":[{"width":2000,"height":805,"url":"https:\/\/nordicchicpaint.com\/wp-content\/uploads\/2022\/08\/wax.jpeg","type":"image\/jpeg"}],"twitter_card":"summary_large_image","twitter_misc":{"Gesch\u00e4tzte Lesezeit":"1\u00a0Minute"},"schema":{"@context":"https:\/\/schema.org","@graph":[{"@type":"WebPage","@id":"https:\/\/nordicchicpaint.com\/de\/nordic-chic-furniture-wax\/","url":"https:\/\/nordicchicpaint.com\/de\/nordic-chic-furniture-wax\/","name":"M\u00f6belwachs, wasserabweisender Schutz | Nordic Chic","isPartOf":{"@id":"https:\/\/nordicchicpaint.com\/de\/#website"},"primaryImageOfPage":{"@id":"https:\/\/nordicchicpaint.com\/de\/nordic-chic-furniture-wax\/#primaryimage"},"image":{"@id":"https:\/\/nordicchicpaint.com\/de\/nordic-chic-furniture-wax\/#primaryimage"},"thumbnailUrl":"https:\/\/nordicchicpaint.com\/wp-content\/uploads\/2022\/08\/wax.jpeg","datePublished":"2022-02-22T13:57:16+00:00","dateModified":"2025-01-03T11:41:33+00:00","description":"Sch\u00fctzen und pflegen Sie Ihre M\u00f6bel mit hochwertigem M\u00f6belwachs \u2713 Verl\u00e4ngern Sie die Lebensdauer Ihrer Holzm\u00f6bel und bewahren Sie ihren nat\u00fcrlichen Glanz.","breadcrumb":{"@id":"https:\/\/nordicchicpaint.com\/de\/nordic-chic-furniture-wax\/#breadcrumb"},"inLanguage":"de","potentialAction":[{"@type":"ReadAction","target":["https:\/\/nordicchicpaint.com\/de\/nordic-chic-furniture-wax\/"]}]},{"@type":"ImageObject","inLanguage":"de","@id":"https:\/\/nordicchicpaint.com\/de\/nordic-chic-furniture-wax\/#primaryimage","url":"https:\/\/nordicchicpaint.com\/wp-content\/uploads\/2022\/08\/wax.jpeg","contentUrl":"https:\/\/nordicchicpaint.com\/wp-content\/uploads\/2022\/08\/wax.jpeg","width":2000,"height":805},{"@type":"BreadcrumbList","@id":"https:\/\/nordicchicpaint.com\/de\/nordic-chic-furniture-wax\/#breadcrumb","itemListElement":[{"@type":"ListItem","position":1,"name":"Hjem","item":"https:\/\/nordicchicpaint.com\/de\/"},{"@type":"ListItem","position":2,"name":"Nordic Chic Furniture Wax"}]},{"@type":"WebSite","@id":"https:\/\/nordicchicpaint.com\/de\/#website","url":"https:\/\/nordicchicpaint.com\/de\/","name":"Nordic Chic\u00ae","description":"Chalk paint for interior and exterior use","publisher":{"@id":"https:\/\/nordicchicpaint.com\/de\/#organization"},"potentialAction":[{"@type":"SearchAction","target":{"@type":"EntryPoint","urlTemplate":"https:\/\/nordicchicpaint.com\/de\/?s={search_term_string}"},"query-input":{"@type":"PropertyValueSpecification","valueRequired":true,"valueName":"search_term_string"}}],"inLanguage":"de"},{"@type":"Organization","@id":"https:\/\/nordicchicpaint.com\/de\/#organization","name":"Nordic Chic\u00ae","url":"https:\/\/nordicchicpaint.com\/de\/","logo":{"@type":"ImageObject","inLanguage":"de","@id":"https:\/\/nordicchicpaint.com\/de\/#\/schema\/logo\/image\/","url":"https:\/\/nordicchicpaint.com\/wp-content\/uploads\/2021\/10\/logo.svg","contentUrl":"https:\/\/nordicchicpaint.com\/wp-content\/uploads\/2021\/10\/logo.svg","width":479,"height":474,"caption":"Nordic Chic\u00ae"},"image":{"@id":"https:\/\/nordicchicpaint.com\/de\/#\/schema\/logo\/image\/"}}]}},"_links":{"self":[{"href":"https:\/\/nordicchicpaint.com\/de\/wp-json\/wp\/v2\/pages\/4339"}],"collection":[{"href":"https:\/\/nordicchicpaint.com\/de\/wp-json\/wp\/v2\/pages"}],"about":[{"href":"https:\/\/nordicchicpaint.com\/de\/wp-json\/wp\/v2\/types\/page"}],"author":[{"embeddable":true,"href":"https:\/\/nordicchicpaint.com\/de\/wp-json\/wp\/v2\/users\/1"}],"replies":[{"embeddable":true,"href":"https:\/\/nordicchicpaint.com\/de\/wp-json\/wp\/v2\/comments?post=4339"}],"version-history":[{"count":12,"href":"https:\/\/nordicchicpaint.com\/de\/wp-json\/wp\/v2\/pages\/4339\/revisions"}],"predecessor-version":[{"id":5103,"href":"https:\/\/nordicchicpaint.com\/de\/wp-json\/wp\/v2\/pages\/4339\/revisions\/5103"}],"wp:featuredmedia":[{"embeddable":true,"href":"https:\/\/nordicchicpaint.com\/de\/wp-json\/wp\/v2\/media\/4282"}],"wp:attachment":[{"href":"https:\/\/nordicchicpaint.com\/de\/wp-json\/wp\/v2\/media?parent=4339"}],"wp:term":[{"taxonomy":"category","embeddable":true,"href":"https:\/\/nordicchicpaint.com\/de\/wp-json\/wp\/v2\/categories?post=4339"}],"curies":[{"name":"wp","href":"https:\/\/api.w.org\/{rel}","templated":true}]}}