{"id":4336,"date":"2021-10-21T12:22:36","date_gmt":"2021-10-21T10:22:36","guid":{"rendered":"https:\/\/nordicchicpaint.com\/wall-clay-chalk-paint\/"},"modified":"2024-05-22T22:17:40","modified_gmt":"2024-05-22T20:17:40","slug":"wall-clay-chalk-paint","status":"publish","type":"page","link":"https:\/\/nordicchicpaint.com\/de\/wall-clay-chalk-paint\/","title":{"rendered":"WALL Clay &#038; Chalk Paint"},"content":{"rendered":"<section class=\"wpb-content-wrapper\"><p>[vc_row full_width=&#8220;stretch_row&#8220;][vc_column]<div class=\"ult-spacer spacer-69f0f68e0d6f0\" data-id=\"69f0f68e0d6f0\" data-height=\"90\" data-height-mobile=\"60\" data-height-tab=\"90\" data-height-tab-portrait=\"60\" data-height-mobile-landscape=\"60\" style=\"clear:both;display:block;\"><\/div>[vc_row_inner][vc_column_inner width=&#8220;1\/6&#8243;][\/vc_column_inner][vc_column_inner width=&#8220;2\/3&#8243;][vc_column_text]<\/p>\n<h2>Sie w\u00fcnschen sich atmungsaktive, feuchtigkeitsregulierende und antistatische W\u00e4nde in Ihrem Zuhause?<\/h2>\n<p>Dann suchen Sie nicht weiter \u2013 Nordic Chic\u00ae stellt unsere neue Wandfarbe \u201eWall\u201c vor. Diese neue Farbe basiert haupts\u00e4chlich auf Ton, was bedeutet, dass sie ein guter Feuchtigkeitsregulator im Haus ist. Die Farbe nimmt bei Bedarf Feuchtigkeit auf und gibt sie wieder ab. Gleichzeitig werden anstelle von sch\u00e4dlichen L\u00f6sungsmitteln Mineralien aus dem Lehm gel\u00f6st, wodurch Sie ein sehr gesundes Raumklima erhalten.<\/p>\n<p>Innenwandfarbe auf Tonbasis ist einfach aufzutragen, langlebig und deckt fantastisch!<\/p>\n<p>Nordic Chic\u00ae Wall ist wie unsere M\u00f6belmalerei mit dem EU Umweltzeichen gekennzeichnet. Es ist v\u00f6llig frei von VOC (fl\u00fcchtige organische Verbindungen) und giftigen Ausgasungen und es gibt absolut keinen unangenehmen Geruch beim Lackieren.<\/p>\n<p>Wenn Sie ja sagen k\u00f6nnen, Sie wollen ein gesundes Raumklima, dann ist Nordic Chic\u00ae Wall genau die richtige Wandfarbe f\u00fcr Sie.<\/p>\n<p><strong>Warum Innenwandfarbe auf Lehmbasis w\u00e4hlen?<\/strong><\/p>\n<ul>\n<li>Lehmfarbe ist atmungsaktiv und diffusionsoffen \u2013 im Gegensatz zu Acryl- oder Kunststofffarbe, die wie eine verschlossene Plastikt\u00fcte wirkt und keinen Feuchtigkeitsaustausch bietet.<\/li>\n<li>Lehmfarbe kann Feuchtigkeit aufnehmen und bei Bedarf wieder abgeben<\/li>\n<li>Ton ist ein uraltes Material und wird in allem verwendet, von Gesichtsmasken bis hin zu Baumaterialien<\/li>\n<li>Ton enth\u00e4lt viele negative Ionen, die als Antioxidantien wirken<\/li>\n<li>Ton absorbiert zum Beispiel Strahlung von Mobiltelefonen und Mikrowellenherden. In der Kultur der alten Indianer war Lehm als Heilmittel anerkannt.<\/li>\n<li>Es gibt also viele gute Gr\u00fcnde, sich f\u00fcr Nordic Chic\u00ae Wandfarbe zu entscheiden \u2013 auf Lehmbasis.<\/li>\n<li>Mit Nordic Chic\u00ae Wall erhalten Sie zudem sch\u00f6ne matte Oberfl\u00e4chen mit viel Farbtiefe.<\/li>\n<\/ul>\n<p>Nordic Chic\u00ae Wall wird in einem 2,5-Liter-Beh\u00e4lter geliefert. Wie die M\u00f6belfarbe k\u00f6nnen die Farben nach Ihrer pers\u00f6nlichen Edition gemischt und abget\u00f6nt werden. Die Deckkraft ist fantastisch, einige Oberfl\u00e4chen ben\u00f6tigen nur einen Anstrich. 6-8 m2 pro Liter.<\/p>\n<p>Finden Sie hier Ihren H\u00e4ndler oder kaufen Sie hier <a href=\"http:\/\/www.nordichic.eu\" target=\"_blank\" rel=\"noopener\">www.nordichic.eu<\/a>.[\/vc_column_text][vc_empty_space height=&#8220;30px&#8220;][vc_single_image image=&#8220;3719&#8243; alignment=&#8220;center&#8220; el_class=&#8220;custom-ecolabel&#8220;][\/vc_column_inner][vc_column_inner width=&#8220;1\/6&#8243;][\/vc_column_inner][\/vc_row_inner][vc_empty_space height=&#8220;60px&#8220;][vc_row_inner equal_height=&#8220;yes&#8220; el_class=&#8220;swatches&#8220;][vc_column_inner width=&#8220;1\/3&#8243; offset=&#8220;vc_col-lg-2 vc_col-md-2 vc_col-xs-6&#8243;][vc_single_image image=&#8220;3237&#8243; img_size=&#8220;large&#8220; el_class=&#8220;whippedcream&#8220;][\/vc_column_inner][vc_column_inner width=&#8220;1\/3&#8243; offset=&#8220;vc_col-lg-2 vc_col-md-2 vc_col-xs-6&#8243;][vc_single_image image=&#8220;3237&#8243; img_size=&#8220;large&#8220; el_class=&#8220;blushingbride&#8220;][\/vc_column_inner][vc_column_inner width=&#8220;1\/3&#8243; offset=&#8220;vc_col-lg-2 vc_col-md-2 vc_col-xs-6&#8243;][vc_single_image image=&#8220;3237&#8243; img_size=&#8220;large&#8220; el_class=&#8220;concretejungle&#8220;][\/vc_column_inner][vc_column_inner width=&#8220;1\/3&#8243; offset=&#8220;vc_col-lg-2 vc_col-md-2 vc_col-xs-6&#8243;][vc_single_image image=&#8220;3237&#8243; img_size=&#8220;large&#8220; el_class=&#8220;slate&#8220;][\/vc_column_inner][vc_column_inner width=&#8220;1\/3&#8243; offset=&#8220;vc_col-lg-2 vc_col-md-2 vc_col-xs-6&#8243;][vc_single_image image=&#8220;3237&#8243; img_size=&#8220;large&#8220; el_class=&#8220;lovelyduckling&#8220;][\/vc_column_inner][vc_column_inner width=&#8220;1\/3&#8243; offset=&#8220;vc_col-lg-2 vc_col-md-2 vc_col-xs-6&#8243;][vc_single_image image=&#8220;3237&#8243; img_size=&#8220;large&#8220; el_class=&#8220;dustygreen&#8220;][\/vc_column_inner][\/vc_row_inner]<div class=\"ult-spacer spacer-69f0f68e0d73d\" data-id=\"69f0f68e0d73d\" data-height=\"90\" data-height-mobile=\"60\" data-height-tab=\"90\" data-height-tab-portrait=\"60\" data-height-mobile-landscape=\"60\" style=\"clear:both;display:block;\"><\/div>[vc_raw_html]PHN0eWxlPg0KLyoqIEZBUlZFUiBUSUwgTllFIFBPUCBVUFMgKiovDQp9DQoNCi5kdXN0eWdyZWVuIGltZyB7DQoJYmFja2dyb3VuZC1jb2xvcjogcmdiYSgxNTcsIDE1MSwgMTM1LCAxKTsNCn0NCg0KLndoaXBwZWRjcmVhbSBpbWcgew0KCWJhY2tncm91bmQtY29sb3I6IHJnYmEoMjU1LCAyMjksIDIxOSwgMSk7DQp9DQoNCi5sb3ZlbHlkdWNrbGluZyBpbWcgew0KCWJhY2tncm91bmQtY29sb3I6IHJnYmEoMjIxLCAyMTIsIDIwNiwgMSk7DQp9DQoNCi5jb25jcmV0ZWp1bmdsZSBpbWcgew0KCWJhY2tncm91bmQtY29sb3I6IHJnYmEoMTkxLCAxNzQsIDE3MiwgMSk7DQoNCn0NCg0KLnNsYXRlIGltZyB7DQoJYmFja2dyb3VuZC1jb2xvcjogcmdiYSgxMDIsIDkzLCA5MiwgMSk7DQp9DQoNCi5ibHVzaGluZ2JyaWRlIGltZyB7DQoJYmFja2dyb3VuZC1jb2xvcjogcmdiYSgyMzYsIDE5MCwgMTc3LCAxKTsNCn0NCg0KPC9zdHlsZT4=[\/vc_raw_html][\/vc_column][\/vc_row]<\/p>\n<\/section>","protected":false},"excerpt":{"rendered":"<p>[vc_row full_width=&#8220;stretch_row&#8220;][vc_column][vc_row_inner][vc_column_inner width=&#8220;1\/6&#8243;][\/vc_column_inner][vc_column_inner width=&#8220;2\/3&#8243;][vc_column_text] Sie w\u00fcnschen sich atmungsaktive, feuchtigkeitsregulierende und antistatische W\u00e4nde in Ihrem Zuhause? Dann suchen Sie nicht weiter \u2013 Nordic Chic\u00ae stellt unsere neue Wandfarbe \u201eWall\u201c vor. Diese neue Farbe basiert haupts\u00e4chlich auf Ton, was bedeutet, dass sie ein guter Feuchtigkeitsregulator im Haus ist. Die Farbe nimmt bei Bedarf Feuchtigkeit auf und gibt &#8230; <a title=\"WALL Clay &#038; Chalk Paint\" class=\"read-more\" href=\"https:\/\/nordicchicpaint.com\/de\/wall-clay-chalk-paint\/\" aria-label=\"Mehr Informationen \u00fcber WALL Clay &#038; Chalk Paint\">Weiterlesen &#8230;<\/a><\/p>\n","protected":false},"author":1,"featured_media":4226,"parent":0,"menu_order":3,"comment_status":"closed","ping_status":"closed","template":"","meta":{"_acf_changed":false,"footnotes":""},"categories":[],"class_list":["post-4336","page","type-page","status-publish","has-post-thumbnail"],"acf":[],"yoast_head":"<!-- This site is optimized with the Yoast SEO plugin v23.4 - https:\/\/yoast.com\/wordpress\/plugins\/seo\/ -->\n<title>Langlebige, deckende Lehm Wandfarbe f\u00fcr innen | Nordic Chic<\/title>\n<meta name=\"robots\" content=\"index, follow, max-snippet:-1, max-image-preview:large, max-video-preview:-1\" \/>\n<link rel=\"canonical\" href=\"https:\/\/nordicchicpaint.com\/de\/wall-clay-chalk-paint\/\" \/>\n<meta property=\"og:locale\" content=\"de_DE\" \/>\n<meta property=\"og:type\" content=\"article\" \/>\n<meta property=\"og:title\" content=\"Langlebige, deckende Lehm Wandfarbe f\u00fcr innen | Nordic Chic\" \/>\n<meta property=\"og:description\" content=\"[vc_row full_width=&#8220;stretch_row&#8220;][vc_column][vc_row_inner][vc_column_inner width=&#8220;1\/6&#8243;][\/vc_column_inner][vc_column_inner width=&#8220;2\/3&#8243;][vc_column_text] Sie w\u00fcnschen sich atmungsaktive, feuchtigkeitsregulierende und antistatische W\u00e4nde in Ihrem Zuhause? Dann suchen Sie nicht weiter \u2013 Nordic Chic\u00ae stellt unsere neue Wandfarbe \u201eWall\u201c vor. Diese neue Farbe basiert haupts\u00e4chlich auf Ton, was bedeutet, dass sie ein guter Feuchtigkeitsregulator im Haus ist. Die Farbe nimmt bei Bedarf Feuchtigkeit auf und gibt ... Weiterlesen ...\" \/>\n<meta property=\"og:url\" content=\"https:\/\/nordicchicpaint.com\/de\/wall-clay-chalk-paint\/\" \/>\n<meta property=\"og:site_name\" content=\"Nordic Chic\u00ae\" \/>\n<meta property=\"article:modified_time\" content=\"2024-05-22T20:17:40+00:00\" \/>\n<meta property=\"og:image\" content=\"https:\/\/nordicchicpaint.com\/wp-content\/uploads\/2022\/05\/Wall-clay-and-chalk-paint-scaled-e1662444793464.jpg\" \/>\n\t<meta property=\"og:image:width\" content=\"2048\" \/>\n\t<meta property=\"og:image:height\" content=\"952\" \/>\n\t<meta property=\"og:image:type\" content=\"image\/jpeg\" \/>\n<meta name=\"twitter:card\" content=\"summary_large_image\" \/>\n<meta name=\"twitter:label1\" content=\"Gesch\u00e4tzte Lesezeit\" \/>\n\t<meta name=\"twitter:data1\" content=\"2\u00a0Minuten\" \/>\n<script type=\"application\/ld+json\" class=\"yoast-schema-graph\">{\"@context\":\"https:\/\/schema.org\",\"@graph\":[{\"@type\":\"WebPage\",\"@id\":\"https:\/\/nordicchicpaint.com\/de\/wall-clay-chalk-paint\/\",\"url\":\"https:\/\/nordicchicpaint.com\/de\/wall-clay-chalk-paint\/\",\"name\":\"Langlebige, deckende Lehm Wandfarbe f\u00fcr innen | Nordic Chic\",\"isPartOf\":{\"@id\":\"https:\/\/nordicchicpaint.com\/de\/#website\"},\"primaryImageOfPage\":{\"@id\":\"https:\/\/nordicchicpaint.com\/de\/wall-clay-chalk-paint\/#primaryimage\"},\"image\":{\"@id\":\"https:\/\/nordicchicpaint.com\/de\/wall-clay-chalk-paint\/#primaryimage\"},\"thumbnailUrl\":\"https:\/\/nordicchicpaint.com\/wp-content\/uploads\/2022\/05\/Wall-clay-and-chalk-paint-scaled-e1662444793464.jpg\",\"datePublished\":\"2021-10-21T10:22:36+00:00\",\"dateModified\":\"2024-05-22T20:17:40+00:00\",\"breadcrumb\":{\"@id\":\"https:\/\/nordicchicpaint.com\/de\/wall-clay-chalk-paint\/#breadcrumb\"},\"inLanguage\":\"de\",\"potentialAction\":[{\"@type\":\"ReadAction\",\"target\":[\"https:\/\/nordicchicpaint.com\/de\/wall-clay-chalk-paint\/\"]}]},{\"@type\":\"ImageObject\",\"inLanguage\":\"de\",\"@id\":\"https:\/\/nordicchicpaint.com\/de\/wall-clay-chalk-paint\/#primaryimage\",\"url\":\"https:\/\/nordicchicpaint.com\/wp-content\/uploads\/2022\/05\/Wall-clay-and-chalk-paint-scaled-e1662444793464.jpg\",\"contentUrl\":\"https:\/\/nordicchicpaint.com\/wp-content\/uploads\/2022\/05\/Wall-clay-and-chalk-paint-scaled-e1662444793464.jpg\",\"width\":2048,\"height\":952},{\"@type\":\"BreadcrumbList\",\"@id\":\"https:\/\/nordicchicpaint.com\/de\/wall-clay-chalk-paint\/#breadcrumb\",\"itemListElement\":[{\"@type\":\"ListItem\",\"position\":1,\"name\":\"Hjem\",\"item\":\"https:\/\/nordicchicpaint.com\/de\/\"},{\"@type\":\"ListItem\",\"position\":2,\"name\":\"WALL Clay &#038; Chalk Paint\"}]},{\"@type\":\"WebSite\",\"@id\":\"https:\/\/nordicchicpaint.com\/de\/#website\",\"url\":\"https:\/\/nordicchicpaint.com\/de\/\",\"name\":\"Nordic Chic\u00ae\",\"description\":\"Chalk paint for interior and exterior use\",\"publisher\":{\"@id\":\"https:\/\/nordicchicpaint.com\/de\/#organization\"},\"potentialAction\":[{\"@type\":\"SearchAction\",\"target\":{\"@type\":\"EntryPoint\",\"urlTemplate\":\"https:\/\/nordicchicpaint.com\/de\/?s={search_term_string}\"},\"query-input\":{\"@type\":\"PropertyValueSpecification\",\"valueRequired\":true,\"valueName\":\"search_term_string\"}}],\"inLanguage\":\"de\"},{\"@type\":\"Organization\",\"@id\":\"https:\/\/nordicchicpaint.com\/de\/#organization\",\"name\":\"Nordic Chic\u00ae\",\"url\":\"https:\/\/nordicchicpaint.com\/de\/\",\"logo\":{\"@type\":\"ImageObject\",\"inLanguage\":\"de\",\"@id\":\"https:\/\/nordicchicpaint.com\/de\/#\/schema\/logo\/image\/\",\"url\":\"https:\/\/nordicchicpaint.com\/wp-content\/uploads\/2021\/10\/logo.svg\",\"contentUrl\":\"https:\/\/nordicchicpaint.com\/wp-content\/uploads\/2021\/10\/logo.svg\",\"width\":479,\"height\":474,\"caption\":\"Nordic Chic\u00ae\"},\"image\":{\"@id\":\"https:\/\/nordicchicpaint.com\/de\/#\/schema\/logo\/image\/\"}}]}<\/script>\n<!-- \/ Yoast SEO plugin. -->","yoast_head_json":{"title":"Langlebige, deckende Lehm Wandfarbe f\u00fcr innen | Nordic Chic","robots":{"index":"index","follow":"follow","max-snippet":"max-snippet:-1","max-image-preview":"max-image-preview:large","max-video-preview":"max-video-preview:-1"},"canonical":"https:\/\/nordicchicpaint.com\/de\/wall-clay-chalk-paint\/","og_locale":"de_DE","og_type":"article","og_title":"Langlebige, deckende Lehm Wandfarbe f\u00fcr innen | Nordic Chic","og_description":"[vc_row full_width=&#8220;stretch_row&#8220;][vc_column][vc_row_inner][vc_column_inner width=&#8220;1\/6&#8243;][\/vc_column_inner][vc_column_inner width=&#8220;2\/3&#8243;][vc_column_text] Sie w\u00fcnschen sich atmungsaktive, feuchtigkeitsregulierende und antistatische W\u00e4nde in Ihrem Zuhause? Dann suchen Sie nicht weiter \u2013 Nordic Chic\u00ae stellt unsere neue Wandfarbe \u201eWall\u201c vor. Diese neue Farbe basiert haupts\u00e4chlich auf Ton, was bedeutet, dass sie ein guter Feuchtigkeitsregulator im Haus ist. Die Farbe nimmt bei Bedarf Feuchtigkeit auf und gibt ... Weiterlesen ...","og_url":"https:\/\/nordicchicpaint.com\/de\/wall-clay-chalk-paint\/","og_site_name":"Nordic Chic\u00ae","article_modified_time":"2024-05-22T20:17:40+00:00","og_image":[{"width":2048,"height":952,"url":"https:\/\/nordicchicpaint.com\/wp-content\/uploads\/2022\/05\/Wall-clay-and-chalk-paint-scaled-e1662444793464.jpg","type":"image\/jpeg"}],"twitter_card":"summary_large_image","twitter_misc":{"Gesch\u00e4tzte Lesezeit":"2\u00a0Minuten"},"schema":{"@context":"https:\/\/schema.org","@graph":[{"@type":"WebPage","@id":"https:\/\/nordicchicpaint.com\/de\/wall-clay-chalk-paint\/","url":"https:\/\/nordicchicpaint.com\/de\/wall-clay-chalk-paint\/","name":"Langlebige, deckende Lehm Wandfarbe f\u00fcr innen | Nordic Chic","isPartOf":{"@id":"https:\/\/nordicchicpaint.com\/de\/#website"},"primaryImageOfPage":{"@id":"https:\/\/nordicchicpaint.com\/de\/wall-clay-chalk-paint\/#primaryimage"},"image":{"@id":"https:\/\/nordicchicpaint.com\/de\/wall-clay-chalk-paint\/#primaryimage"},"thumbnailUrl":"https:\/\/nordicchicpaint.com\/wp-content\/uploads\/2022\/05\/Wall-clay-and-chalk-paint-scaled-e1662444793464.jpg","datePublished":"2021-10-21T10:22:36+00:00","dateModified":"2024-05-22T20:17:40+00:00","breadcrumb":{"@id":"https:\/\/nordicchicpaint.com\/de\/wall-clay-chalk-paint\/#breadcrumb"},"inLanguage":"de","potentialAction":[{"@type":"ReadAction","target":["https:\/\/nordicchicpaint.com\/de\/wall-clay-chalk-paint\/"]}]},{"@type":"ImageObject","inLanguage":"de","@id":"https:\/\/nordicchicpaint.com\/de\/wall-clay-chalk-paint\/#primaryimage","url":"https:\/\/nordicchicpaint.com\/wp-content\/uploads\/2022\/05\/Wall-clay-and-chalk-paint-scaled-e1662444793464.jpg","contentUrl":"https:\/\/nordicchicpaint.com\/wp-content\/uploads\/2022\/05\/Wall-clay-and-chalk-paint-scaled-e1662444793464.jpg","width":2048,"height":952},{"@type":"BreadcrumbList","@id":"https:\/\/nordicchicpaint.com\/de\/wall-clay-chalk-paint\/#breadcrumb","itemListElement":[{"@type":"ListItem","position":1,"name":"Hjem","item":"https:\/\/nordicchicpaint.com\/de\/"},{"@type":"ListItem","position":2,"name":"WALL Clay &#038; Chalk Paint"}]},{"@type":"WebSite","@id":"https:\/\/nordicchicpaint.com\/de\/#website","url":"https:\/\/nordicchicpaint.com\/de\/","name":"Nordic Chic\u00ae","description":"Chalk paint for interior and exterior use","publisher":{"@id":"https:\/\/nordicchicpaint.com\/de\/#organization"},"potentialAction":[{"@type":"SearchAction","target":{"@type":"EntryPoint","urlTemplate":"https:\/\/nordicchicpaint.com\/de\/?s={search_term_string}"},"query-input":{"@type":"PropertyValueSpecification","valueRequired":true,"valueName":"search_term_string"}}],"inLanguage":"de"},{"@type":"Organization","@id":"https:\/\/nordicchicpaint.com\/de\/#organization","name":"Nordic Chic\u00ae","url":"https:\/\/nordicchicpaint.com\/de\/","logo":{"@type":"ImageObject","inLanguage":"de","@id":"https:\/\/nordicchicpaint.com\/de\/#\/schema\/logo\/image\/","url":"https:\/\/nordicchicpaint.com\/wp-content\/uploads\/2021\/10\/logo.svg","contentUrl":"https:\/\/nordicchicpaint.com\/wp-content\/uploads\/2021\/10\/logo.svg","width":479,"height":474,"caption":"Nordic Chic\u00ae"},"image":{"@id":"https:\/\/nordicchicpaint.com\/de\/#\/schema\/logo\/image\/"}}]}},"_links":{"self":[{"href":"https:\/\/nordicchicpaint.com\/de\/wp-json\/wp\/v2\/pages\/4336"}],"collection":[{"href":"https:\/\/nordicchicpaint.com\/de\/wp-json\/wp\/v2\/pages"}],"about":[{"href":"https:\/\/nordicchicpaint.com\/de\/wp-json\/wp\/v2\/types\/page"}],"author":[{"embeddable":true,"href":"https:\/\/nordicchicpaint.com\/de\/wp-json\/wp\/v2\/users\/1"}],"replies":[{"embeddable":true,"href":"https:\/\/nordicchicpaint.com\/de\/wp-json\/wp\/v2\/comments?post=4336"}],"version-history":[{"count":11,"href":"https:\/\/nordicchicpaint.com\/de\/wp-json\/wp\/v2\/pages\/4336\/revisions"}],"predecessor-version":[{"id":4997,"href":"https:\/\/nordicchicpaint.com\/de\/wp-json\/wp\/v2\/pages\/4336\/revisions\/4997"}],"wp:featuredmedia":[{"embeddable":true,"href":"https:\/\/nordicchicpaint.com\/de\/wp-json\/wp\/v2\/media\/4226"}],"wp:attachment":[{"href":"https:\/\/nordicchicpaint.com\/de\/wp-json\/wp\/v2\/media?parent=4336"}],"wp:term":[{"taxonomy":"category","embeddable":true,"href":"https:\/\/nordicchicpaint.com\/de\/wp-json\/wp\/v2\/categories?post=4336"}],"curies":[{"name":"wp","href":"https:\/\/api.w.org\/{rel}","templated":true}]}}