{"id":4321,"date":"2020-02-12T08:51:30","date_gmt":"2020-02-12T07:51:30","guid":{"rendered":"https:\/\/nordicchicpaint.com\/home\/"},"modified":"2025-01-28T19:08:27","modified_gmt":"2025-01-28T18:08:27","slug":"home","status":"publish","type":"page","link":"https:\/\/nordicchicpaint.com\/de\/","title":{"rendered":"Home"},"content":{"rendered":"<section class=\"wpb-content-wrapper\"><p>[vc_row full_width=&#8220;stretch_row&#8220; css=&#8220;.vc_custom_1634888937540{background-color: #f7f7f7 !important;}&#8220;][vc_column][vc_empty_space height=&#8220;60px&#8220;][vc_column_text]<\/p>\n<h1 style=\"text-align: center;\">Kreidefarbe f\u00fcr innen und au\u00dfen<\/h1>\n<p>[\/vc_column_text][vc_empty_space height=&#8220;60px&#8220;][\/vc_column][\/vc_row][vc_row full_width=&#8220;stretch_row&#8220;][vc_column]<div class=\"ult-spacer spacer-69e0ce96000ee\" data-id=\"69e0ce96000ee\" data-height=\"90\" data-height-mobile=\"60\" data-height-tab=\"90\" data-height-tab-portrait=\"60\" data-height-mobile-landscape=\"60\" style=\"clear:both;display:block;\"><\/div>[vc_column_text]<\/p>\n<h6 style=\"text-align: center;\">Ihre umweltfreundliche M\u00f6belfarbe!<\/h6>\n<p>[\/vc_column_text][vc_row_inner][vc_column_inner offset=&#8220;vc_col-md-1&#8243;][\/vc_column_inner][vc_column_inner offset=&#8220;vc_col-md-10&#8243;][vc_empty_space height=&#8220;15px&#8220;][vc_text_separator title=&#8220;Willkommen in der Welt des Nordic Chic\u00ae&#8220; color=&#8220;custom&#8220; accent_color=&#8220;#333333&#8243;][vc_empty_space height=&#8220;30px&#8220;][vc_column_text]<\/p>\n<h1>Nordic Chic\u00ae M\u00f6belfarbe<\/h1>\n<p>Erleben Sie die Essenz nordischer Eleganz mit Nordic Chic Paint. Unsere einzigartige Palette an Farben und Farbtypen erm\u00f6glicht es Ihnen, ein stilvolles und zeitloses Zuhause zu schaffen, das die skandinavische Designtradition widerspiegelt. Egal, ob Sie Ihre W\u00e4nde erneuern oder Ihren M\u00f6beln einen neuen Look verleihen m\u00f6chten, wir haben das perfekte Produkt f\u00fcr Sie. Lassen Sie sich von unserer wundersch\u00f6nen Farbpalette inspirieren und lassen Sie Ihre Kreativit\u00e4t mit Nordic Chic Paint erbl\u00fchen.<\/p>\n<p>Nordic Chic Paint hat keine versteckten Schadstoffe und ist eine reine<br \/>\nNatur-, Kreide- und Mineralfarbe, eingetragen mit<br \/>\ndem EU-Umweltzeichen. Es ist konform mit EN: 71-<br \/>\n3, was bedeutet, dass es beim Streichen von<br \/>\nKinderzimmerm\u00f6beln sicher verwendet werden<br \/>\nkann.<\/p>\n<p>Es hat all diese Eigenschaften und mehr:<\/p>\n<ul>\n<li>Es ist NULL VOC<\/li>\n<li>es ist L\u00d6SEMITTELFREI<\/li>\n<li>es hat absolut keinen unangenehmen geruch<\/li>\n<li>es ist dick, mit hervorragender Deckkraft<\/li>\n<\/ul>\n<p>Womit hast du das letzte Mal gemalt? Sind alle<br \/>\nZutaten<\/p>\n<p id=\"tw-target-text\" class=\"tw-data-text tw-text-large tw-ta\" dir=\"ltr\" data-placeholder=\"Translation\" aria-label=\"Translated text\" data-ved=\"2ahUKEwjpud-p8KiIAxVnHRAIHRboN10Q3ewLegQICBAU\"><span class=\"Y2IQFc\" lang=\"de\">Wenn Sie daran interessiert sind, Fachh\u00e4ndler zu werden oder weitere Informationen \u00fcber unsere Produkte und deren Verwendung w\u00fcnschen, k\u00f6nnen Sie sich an unseren Vertriebsh\u00e4ndler in Deutschland wenden:<\/span><\/p>\n<div id=\"bgLayers_comp-lokhrzfb\" class=\"MW5IWV\" data-hook=\"bgLayers\" data-motion-part=\"BG_LAYER\">\n<div id=\"bgMedia_comp-lokhrzfb\" class=\"VgO9Yg\" data-motion-part=\"BG_MEDIA\"><\/div>\n<\/div>\n<div class=\"\" data-mesh-id=\"comp-lokhrzfbinlineContent\" data-testid=\"inline-content\">\n<div data-mesh-id=\"comp-lokhrzfbinlineContent-gridContainer\" data-testid=\"mesh-container-content\">\n<div id=\"comp-klf7gua6\" class=\"HcOXKn SxM0TO QxJLC3 lq2cno comp-klf7gua6 wixui-rich-text\" data-testid=\"richTextElement\">\n<p class=\"font_8 wixui-rich-text__text\">Steffen Blank<br class=\"wixui-rich-text__text\" \/>Shabby AndreaM<br class=\"wixui-rich-text__text\" \/>M\u00f6wenburgstr. 21<br class=\"wixui-rich-text__text\" \/>19055 Schwerin<br class=\"wixui-rich-text__text\" \/>Deutschland<br class=\"wixui-rich-text__text\" \/><br class=\"wixui-rich-text__text\" \/>Tel.: 0173\/9172112<br class=\"wixui-rich-text__text\" \/>Fax: 0385\/5577907<br class=\"wixui-rich-text__text\" \/>E-Mail: steffenblank@web.de<\/p>\n<p><a href=\"https:\/\/www.shabby-an-dream.de\/nordic-chic\">https:\/\/www.shabby-an-dream.de\/nordic-chic<\/a><\/p>\n<\/div>\n<\/div>\n<\/div>\n<p>[\/vc_column_text][\/vc_column_inner][vc_column_inner offset=&#8220;vc_col-md-1&#8243;][\/vc_column_inner][\/vc_row_inner][vc_empty_space height=&#8220;60px&#8220;][vc_row_inner][vc_column_inner offset=&#8220;vc_col-lg-4 vc_col-md-4 vc_col-xs-12&#8243;]<div class=\"ult-new-ib ult-ib-effect-style10  ult-ib-resp ult-ib2-min-height \" data-min-width=\"768\" data-max-width=\"900\" style=\"background:#8da3a0; opacity:0; \" data-opacity=\"0.7\" data-hover-opacity=\"0.4\"  data-min-height=\"300\" ><img decoding=\"async\" class=\"ult-new-ib-img\" style=\"opacity:0.7;\" alt=\"null\" src=\"https:\/\/nordicchicpaint.com\/wp-content\/uploads\/2022\/05\/HEY5599_logo-scaled.jpg\"  data-min-height=\"300\"   \/><div id=\"interactive-banner-wrap-2930\" class=\"ult-new-ib-desc\" style=\"\"><h3 class=\"ult-new-ib-title ult-responsive\"  data-ultimate-target='#interactive-banner-wrap-2930 .ult-new-ib-title'  data-responsive-json-new='{\"font-size\":\"desktop:22px;\",\"line-height\":\"\"}'  style=\"font-weight:normal;color:#ffffff;\">Furniture &amp; Interior<\/h3><div class=\"ult-new-ib-content ult-responsive\"  data-ultimate-target='#interactive-banner-wrap-2930 .ult-new-ib-content'  data-responsive-json-new='{\"font-size\":\"desktop:14px;\",\"line-height\":\"\"}'  style=\"font-weight:200;color:rgba(255,255,255,0.7);\"><p>Nordic Chic\u00ae Kreidefarbe ist in 49 leuchtenden Farben erh\u00e4ltlich<\/p><\/div><\/div><a class=\"ult-new-ib-link\" href=\"\/furniture-interior\/\" title=\"Furniture &amp; Interior\"  ><\/a><\/div><div class=\"ult-spacer spacer-69e0ce96008ed\" data-id=\"69e0ce96008ed\" data-height=\"0\" data-height-mobile=\"30\" data-height-tab=\"0\" data-height-tab-portrait=\"30\" data-height-mobile-landscape=\"30\" style=\"clear:both;display:block;\"><\/div>[\/vc_column_inner][vc_column_inner offset=&#8220;vc_col-lg-4 vc_col-md-4 vc_col-xs-12&#8243;]<div class=\"ult-new-ib ult-ib-effect-style10  ult-ib-resp ult-ib2-min-height \" data-min-width=\"768\" data-max-width=\"900\" style=\"background:#8da3a0; opacity:0; \" data-opacity=\"0.7\" data-hover-opacity=\"0.4\"  data-min-height=\"300\" ><img decoding=\"async\" class=\"ult-new-ib-img\" style=\"opacity:0.7;\" alt=\"null\" src=\"https:\/\/nordicchicpaint.com\/wp-content\/uploads\/2022\/05\/HEY4846_logo-scaled.jpg\"  data-min-height=\"300\"   \/><div id=\"interactive-banner-wrap-3926\" class=\"ult-new-ib-desc\" style=\"\"><h3 class=\"ult-new-ib-title ult-responsive\"  data-ultimate-target='#interactive-banner-wrap-3926 .ult-new-ib-title'  data-responsive-json-new='{\"font-size\":\"desktop:22px;\",\"line-height\":\"\"}'  style=\"font-weight:normal;color:#ffffff;\">Outdoor &amp; More<\/h3><div class=\"ult-new-ib-content ult-responsive\"  data-ultimate-target='#interactive-banner-wrap-3926 .ult-new-ib-content'  data-responsive-json-new='{\"font-size\":\"desktop:14px;\",\"line-height\":\"\"}'  style=\"font-weight:200;color:rgba(255,255,255,0.7);\"><p>Eine wasserbasierte, strapazierf\u00e4hige M\u00f6belfarbe, die universell f\u00fcr den Innen- und Au\u00dfenbereich geeignet ist<\/p><\/div><\/div><a class=\"ult-new-ib-link\" href=\"\/outdoor-more\/\" title=\"Outdoor &amp; More\"  ><\/a><\/div><div class=\"ult-spacer spacer-69e0ce9600b7b\" data-id=\"69e0ce9600b7b\" data-height=\"0\" data-height-mobile=\"30\" data-height-tab=\"0\" data-height-tab-portrait=\"30\" data-height-mobile-landscape=\"30\" style=\"clear:both;display:block;\"><\/div>[\/vc_column_inner][vc_column_inner offset=&#8220;vc_col-lg-4 vc_col-md-4 vc_col-xs-12&#8243;]<div class=\"ult-new-ib ult-ib-effect-style10  ult-ib-resp ult-ib2-min-height \" data-min-width=\"768\" data-max-width=\"900\" style=\"background:#8da3a0; opacity:0; \" data-opacity=\"0.7\" data-hover-opacity=\"0.4\"  data-min-height=\"300\" ><img decoding=\"async\" class=\"ult-new-ib-img\" style=\"opacity:0.7;\" alt=\"null\" src=\"https:\/\/nordicchicpaint.com\/wp-content\/uploads\/2022\/08\/Wall-clay-and-chalk-paint-scaled-1.jpg\"  data-min-height=\"300\"   \/><div id=\"interactive-banner-wrap-2215\" class=\"ult-new-ib-desc\" style=\"\"><h3 class=\"ult-new-ib-title ult-responsive\"  data-ultimate-target='#interactive-banner-wrap-2215 .ult-new-ib-title'  data-responsive-json-new='{\"font-size\":\"desktop:22px;\",\"line-height\":\"\"}'  style=\"font-weight:normal;color:#ffffff;\">WALL Clay &amp; Chalk Paint<\/h3><div class=\"ult-new-ib-content ult-responsive\"  data-ultimate-target='#interactive-banner-wrap-2215 .ult-new-ib-content'  data-responsive-json-new='{\"font-size\":\"desktop:14px;\",\"line-height\":\"\"}'  style=\"font-weight:200;color:rgba(255,255,255,0.7);\"><p>Haupts\u00e4chlich auf Lehmbasis - ein guter Feuchtigkeitsregulator im Haushalt<\/p><\/div><\/div><a class=\"ult-new-ib-link\" href=\"\/wall-clay-chalk-paint\/\" title=\"WALL Clay &amp; Chalk Paint\"  ><\/a><\/div>[\/vc_column_inner][\/vc_row_inner]<div class=\"ult-spacer spacer-69e0ce9600dc0\" data-id=\"69e0ce9600dc0\" data-height=\"60\" data-height-mobile=\"30\" data-height-tab=\"60\" data-height-tab-portrait=\"30\" data-height-mobile-landscape=\"30\" style=\"clear:both;display:block;\"><\/div>[vc_row_inner][vc_column_inner offset=&#8220;vc_col-lg-4 vc_col-md-4 vc_col-xs-12&#8243;]<div class=\"ult-new-ib ult-ib-effect-style10  ult-ib-resp ult-ib2-min-height \" data-min-width=\"768\" data-max-width=\"900\" style=\"background:#8da3a0; opacity:0; \" data-opacity=\"0.7\" data-hover-opacity=\"0.4\"  data-min-height=\"300\" ><img decoding=\"async\" class=\"ult-new-ib-img\" style=\"opacity:0.7;\" alt=\"null\" src=\"https:\/\/nordicchicpaint.com\/wp-content\/uploads\/2022\/09\/Woody.jpeg\"  data-min-height=\"300\"   \/><div id=\"interactive-banner-wrap-5901\" class=\"ult-new-ib-desc\" style=\"\"><h3 class=\"ult-new-ib-title ult-responsive\"  data-ultimate-target='#interactive-banner-wrap-5901 .ult-new-ib-title'  data-responsive-json-new='{\"font-size\":\"desktop:22px;\",\"line-height\":\"\"}'  style=\"font-weight:normal;color:#ffffff;\">Stains<\/h3><div class=\"ult-new-ib-content ult-responsive\"  data-ultimate-target='#interactive-banner-wrap-5901 .ult-new-ib-content'  data-responsive-json-new='{\"font-size\":\"desktop:14px;\",\"line-height\":\"\"}'  style=\"font-weight:200;color:rgba(255,255,255,0.7);\"><p>100 % geruchlos und ungiftig<\/p><\/div><\/div><a class=\"ult-new-ib-link\" href=\"\/stains\/\" title=\"Finishes\"  ><\/a><\/div><div class=\"ult-spacer spacer-69e0ce9600fe7\" data-id=\"69e0ce9600fe7\" data-height=\"0\" data-height-mobile=\"30\" data-height-tab=\"0\" data-height-tab-portrait=\"30\" data-height-mobile-landscape=\"30\" style=\"clear:both;display:block;\"><\/div>[\/vc_column_inner][vc_column_inner offset=&#8220;vc_col-lg-4 vc_col-md-4 vc_col-xs-12&#8243;]<div class=\"ult-new-ib ult-ib-effect-style10  ult-ib-resp ult-ib2-min-height \" data-min-width=\"768\" data-max-width=\"900\" style=\"background:#8da3a0; opacity:0; \" data-opacity=\"0.7\" data-hover-opacity=\"0.4\"  data-min-height=\"300\" ><img decoding=\"async\" class=\"ult-new-ib-img\" style=\"opacity:0.7;\" alt=\"null\" src=\"https:\/\/nordicchicpaint.com\/wp-content\/uploads\/2022\/07\/Clear-Finish-Grouped-WB-e1662455235298.webp\"  data-min-height=\"300\"   \/><div id=\"interactive-banner-wrap-8721\" class=\"ult-new-ib-desc\" style=\"\"><h3 class=\"ult-new-ib-title ult-responsive\"  data-ultimate-target='#interactive-banner-wrap-8721 .ult-new-ib-title'  data-responsive-json-new='{\"font-size\":\"desktop:22px;\",\"line-height\":\"\"}'  style=\"font-weight:normal;color:#ffffff;\">Artisan Enhancements<\/h3><div class=\"ult-new-ib-content ult-responsive\"  data-ultimate-target='#interactive-banner-wrap-8721 .ult-new-ib-content'  data-responsive-json-new='{\"font-size\":\"desktop:14px;\",\"line-height\":\"\"}'  style=\"font-weight:200;color:rgba(255,255,255,0.7);\"><p>Erschwinglich, vielseitig, einfach zu bedienen und umweltfreundlich<\/p><\/div><\/div><a class=\"ult-new-ib-link\" href=\"\/what-is-artisan-enhancement\/\" title=\"Artisan Enhancements\"  ><\/a><\/div><div class=\"ult-spacer spacer-69e0ce96011eb\" data-id=\"69e0ce96011eb\" data-height=\"0\" data-height-mobile=\"30\" data-height-tab=\"0\" data-height-tab-portrait=\"30\" data-height-mobile-landscape=\"30\" style=\"clear:both;display:block;\"><\/div>[\/vc_column_inner][vc_column_inner offset=&#8220;vc_col-lg-4 vc_col-md-4 vc_col-xs-12&#8243;]<div class=\"ult-new-ib ult-ib-effect-style10  ult-ib-resp ult-ib2-min-height \" data-min-width=\"768\" data-max-width=\"900\" style=\"background:#8da3a0; opacity:0; \" data-opacity=\"0.7\" data-hover-opacity=\"0.4\"  data-min-height=\"300\" ><img decoding=\"async\" class=\"ult-new-ib-img\" style=\"opacity:0.7;\" alt=\"null\" src=\"https:\/\/nordicchicpaint.com\/wp-content\/uploads\/2022\/08\/Pensler.jpeg\"  data-min-height=\"300\"   \/><div id=\"interactive-banner-wrap-4958\" class=\"ult-new-ib-desc\" style=\"\"><h3 class=\"ult-new-ib-title ult-responsive\"  data-ultimate-target='#interactive-banner-wrap-4958 .ult-new-ib-title'  data-responsive-json-new='{\"font-size\":\"desktop:22px;\",\"line-height\":\"\"}'  style=\"font-weight:normal;color:#ffffff;\">Tools<\/h3><div class=\"ult-new-ib-content ult-responsive\"  data-ultimate-target='#interactive-banner-wrap-4958 .ult-new-ib-content'  data-responsive-json-new='{\"font-size\":\"desktop:14px;\",\"line-height\":\"\"}'  style=\"font-weight:200;color:rgba(255,255,255,0.7);\"><p> Pinsel in mehreren exklusiven Designs f\u00fcr unterschiedliche Zwecke<\/p><\/div><\/div><a class=\"ult-new-ib-link\" href=\"\/tools\/\" title=\"Paint &amp; Wax Brushes\"  ><\/a><\/div>[\/vc_column_inner][\/vc_row_inner]<div class=\"ult-spacer spacer-69e0ce960140f\" data-id=\"69e0ce960140f\" data-height=\"90\" data-height-mobile=\"60\" data-height-tab=\"90\" data-height-tab-portrait=\"60\" data-height-mobile-landscape=\"60\" style=\"clear:both;display:block;\"><\/div>[\/vc_column][\/vc_row][vc_row full_width=&#8220;stretch_row&#8220; css=&#8220;.vc_custom_1634900718244{background-color: #f7f7f7 !important;}&#8220;][vc_column]<div class=\"ult-spacer spacer-69e0ce9601435\" data-id=\"69e0ce9601435\" data-height=\"90\" data-height-mobile=\"60\" data-height-tab=\"90\" data-height-tab-portrait=\"60\" data-height-mobile-landscape=\"60\" style=\"clear:both;display:block;\"><\/div>[vc_text_separator title=&#8220; Brauchen Sie Inspiration?&#8220; color=&#8220;custom&#8220; accent_color=&#8220;#333333&#8243;][vc_empty_space height=&#8220;15px&#8220;][vc_column_text]Wenn Sie Fragen zu Techniken oder anderen Angelegenheiten haben, k\u00f6nnen Sie sich jederzeit gerne an uns wenden. Vergiss nicht, dass du auch mehr Inspiration auf <a href=\"https:\/\/www.pinterest.dk\/nordiccp\/_created\/\" target=\"_blank\" rel=\"noopener\">Pinterest<\/a>, <a href=\"https:\/\/www.instagram.com\/nordic_chic_chalkpaint\/\" target=\"_blank\" rel=\"noopener\">Instagram<\/a> und unserer Facebook-Gruppe <a href=\"https:\/\/www.facebook.com\/nordicchicpaint\" target=\"_blank\" rel=\"noopener\">Nordic Chic<\/a> finden kannst.[\/vc_column_text][vc_empty_space height=&#8220;30px&#8220;][vc_raw_html]W2luc3RhZ3JhbS1mZWVkIGZlZWQ9MV0=[\/vc_raw_html]<div class=\"ult-spacer spacer-69e0ce9601455\" data-id=\"69e0ce9601455\" data-height=\"90\" data-height-mobile=\"60\" data-height-tab=\"90\" data-height-tab-portrait=\"60\" data-height-mobile-landscape=\"60\" style=\"clear:both;display:block;\"><\/div>[\/vc_column][\/vc_row][vc_row full_width=&#8220;stretch_row&#8220;][vc_column]<div class=\"ult-spacer spacer-69e0ce9601473\" data-id=\"69e0ce9601473\" data-height=\"90\" data-height-mobile=\"60\" data-height-tab=\"90\" data-height-tab-portrait=\"60\" data-height-mobile-landscape=\"60\" style=\"clear:both;display:block;\"><\/div>[vc_text_separator title=&#8220;Become a retailer&#8220; color=&#8220;custom&#8220; accent_color=&#8220;#333333&#8243;][vc_empty_space height=&#8220;15px&#8220;][vc_row_inner][vc_column_inner width=&#8220;1\/6&#8243;][\/vc_column_inner][vc_column_inner width=&#8220;2\/3&#8243;][vc_column_text]<\/p>\n<h1>Wir sind immer auf der Suche nach neuen Mitgliedern f\u00fcr die wachsende Familie von Nordic Chic\u00ae<\/h1>\n<p>Ein Einzelh\u00e4ndler f\u00fcr Produkte von Nordic Chic Furniture Paint und\/oder Artisan Enhancements zu werden, kann ein sehr profitabler Teil Ihres Gesch\u00e4fts sein. Wir bieten dem Markt ein EU-Ecolabel, kinderzertifizierte EN-71-3, VOC-freie, umweltfreundliche Kreidefarbe.<br \/>\n[\/vc_column_text][\/vc_column_inner][vc_column_inner width=&#8220;1\/6&#8243;][\/vc_column_inner][\/vc_row_inner][vc_empty_space height=&#8220;30px&#8220;][vc_row_inner][vc_column_inner][vc_raw_html el_class=&#8220;center&#8220;]W2Zvcm1pbmF0b3JfZm9ybSBpZD0iMzk2NSJd[\/vc_raw_html][\/vc_column_inner][\/vc_row_inner]<div class=\"ult-spacer spacer-69e0ce9601490\" data-id=\"69e0ce9601490\" data-height=\"90\" data-height-mobile=\"60\" data-height-tab=\"90\" data-height-tab-portrait=\"60\" data-height-mobile-landscape=\"60\" style=\"clear:both;display:block;\"><\/div>[\/vc_column][\/vc_row]<\/p>\n<\/section>","protected":false},"excerpt":{"rendered":"<p>[vc_row full_width=&#8220;stretch_row&#8220; css=&#8220;.vc_custom_1634888937540{background-color: #f7f7f7 !important;}&#8220;][vc_column][vc_empty_space height=&#8220;60px&#8220;][vc_column_text] Kreidefarbe f\u00fcr innen und au\u00dfen [\/vc_column_text][vc_empty_space height=&#8220;60px&#8220;][\/vc_column][\/vc_row][vc_row full_width=&#8220;stretch_row&#8220;][vc_column][vc_column_text] Ihre umweltfreundliche M\u00f6belfarbe! [\/vc_column_text][vc_row_inner][vc_column_inner offset=&#8220;vc_col-md-1&#8243;][\/vc_column_inner][vc_column_inner offset=&#8220;vc_col-md-10&#8243;][vc_empty_space height=&#8220;15px&#8220;][vc_text_separator title=&#8220;Willkommen in der Welt des Nordic Chic\u00ae&#8220; color=&#8220;custom&#8220; accent_color=&#8220;#333333&#8243;][vc_empty_space height=&#8220;30px&#8220;][vc_column_text] Nordic Chic\u00ae M\u00f6belfarbe Erleben Sie die Essenz nordischer Eleganz mit Nordic Chic Paint. Unsere einzigartige Palette an Farben und Farbtypen erm\u00f6glicht es Ihnen, ein &#8230; <a title=\"Home\" class=\"read-more\" href=\"https:\/\/nordicchicpaint.com\/de\/\" aria-label=\"Mehr Informationen \u00fcber Home\">Weiterlesen &#8230;<\/a><\/p>\n","protected":false},"author":1,"featured_media":0,"parent":0,"menu_order":0,"comment_status":"closed","ping_status":"closed","template":"","meta":{"_acf_changed":false,"footnotes":""},"categories":[],"class_list":["post-4321","page","type-page","status-publish"],"acf":[],"yoast_head":"<!-- This site is optimized with the Yoast SEO plugin v23.4 - https:\/\/yoast.com\/wordpress\/plugins\/seo\/ -->\n<title>Nordic Chic \u00bb Erleben Sie den zeitlosen Stil mit minimalistischem Design<\/title>\n<meta name=\"description\" content=\"Entdecken Sie den eleganten Stil mit Nordic Chic \u2713 Unsere einzigartige Auswahl an M\u00f6beln und Inneneinrichtungen schafft eine warme und einladende Atmosph\u00e4re, perfekt f\u00fcr jedes Zuhause.\" \/>\n<meta name=\"robots\" content=\"index, follow, max-snippet:-1, max-image-preview:large, max-video-preview:-1\" \/>\n<link rel=\"canonical\" href=\"https:\/\/nordicchicpaint.com\/de\/\" \/>\n<meta property=\"og:locale\" content=\"de_DE\" \/>\n<meta property=\"og:type\" content=\"article\" \/>\n<meta property=\"og:title\" content=\"Nordic Chic \u00bb Erleben Sie den zeitlosen Stil mit minimalistischem Design\" \/>\n<meta property=\"og:description\" content=\"Entdecken Sie den eleganten Stil mit Nordic Chic \u2713 Unsere einzigartige Auswahl an M\u00f6beln und Inneneinrichtungen schafft eine warme und einladende Atmosph\u00e4re, perfekt f\u00fcr jedes Zuhause.\" \/>\n<meta property=\"og:url\" content=\"https:\/\/nordicchicpaint.com\/de\/\" \/>\n<meta property=\"og:site_name\" content=\"Nordic Chic\u00ae\" \/>\n<meta property=\"article:modified_time\" content=\"2025-01-28T18:08:27+00:00\" \/>\n<meta name=\"twitter:card\" content=\"summary_large_image\" \/>\n<meta name=\"twitter:label1\" content=\"Gesch\u00e4tzte Lesezeit\" \/>\n\t<meta name=\"twitter:data1\" content=\"3\u00a0Minuten\" \/>\n<script type=\"application\/ld+json\" class=\"yoast-schema-graph\">{\"@context\":\"https:\/\/schema.org\",\"@graph\":[{\"@type\":\"WebPage\",\"@id\":\"https:\/\/nordicchicpaint.com\/de\/\",\"url\":\"https:\/\/nordicchicpaint.com\/de\/\",\"name\":\"Nordic Chic \u00bb Erleben Sie den zeitlosen Stil mit minimalistischem Design\",\"isPartOf\":{\"@id\":\"https:\/\/nordicchicpaint.com\/de\/#website\"},\"datePublished\":\"2020-02-12T07:51:30+00:00\",\"dateModified\":\"2025-01-28T18:08:27+00:00\",\"description\":\"Entdecken Sie den eleganten Stil mit Nordic Chic \u2713 Unsere einzigartige Auswahl an M\u00f6beln und Inneneinrichtungen schafft eine warme und einladende Atmosph\u00e4re, perfekt f\u00fcr jedes Zuhause.\",\"breadcrumb\":{\"@id\":\"https:\/\/nordicchicpaint.com\/de\/#breadcrumb\"},\"inLanguage\":\"de\",\"potentialAction\":[{\"@type\":\"ReadAction\",\"target\":[\"https:\/\/nordicchicpaint.com\/de\/\"]}]},{\"@type\":\"BreadcrumbList\",\"@id\":\"https:\/\/nordicchicpaint.com\/de\/#breadcrumb\",\"itemListElement\":[{\"@type\":\"ListItem\",\"position\":1,\"name\":\"Hjem\",\"item\":\"https:\/\/nordicchicpaint.com\/de\/\"},{\"@type\":\"ListItem\",\"position\":2,\"name\":\"Home\"}]},{\"@type\":\"WebSite\",\"@id\":\"https:\/\/nordicchicpaint.com\/de\/#website\",\"url\":\"https:\/\/nordicchicpaint.com\/de\/\",\"name\":\"Nordic Chic\u00ae\",\"description\":\"Chalk paint for interior and exterior use\",\"publisher\":{\"@id\":\"https:\/\/nordicchicpaint.com\/de\/#organization\"},\"potentialAction\":[{\"@type\":\"SearchAction\",\"target\":{\"@type\":\"EntryPoint\",\"urlTemplate\":\"https:\/\/nordicchicpaint.com\/de\/?s={search_term_string}\"},\"query-input\":{\"@type\":\"PropertyValueSpecification\",\"valueRequired\":true,\"valueName\":\"search_term_string\"}}],\"inLanguage\":\"de\"},{\"@type\":\"Organization\",\"@id\":\"https:\/\/nordicchicpaint.com\/de\/#organization\",\"name\":\"Nordic Chic\u00ae\",\"url\":\"https:\/\/nordicchicpaint.com\/de\/\",\"logo\":{\"@type\":\"ImageObject\",\"inLanguage\":\"de\",\"@id\":\"https:\/\/nordicchicpaint.com\/de\/#\/schema\/logo\/image\/\",\"url\":\"https:\/\/nordicchicpaint.com\/wp-content\/uploads\/2021\/10\/logo.svg\",\"contentUrl\":\"https:\/\/nordicchicpaint.com\/wp-content\/uploads\/2021\/10\/logo.svg\",\"width\":479,\"height\":474,\"caption\":\"Nordic Chic\u00ae\"},\"image\":{\"@id\":\"https:\/\/nordicchicpaint.com\/de\/#\/schema\/logo\/image\/\"}}]}<\/script>\n<!-- \/ Yoast SEO plugin. -->","yoast_head_json":{"title":"Nordic Chic \u00bb Erleben Sie den zeitlosen Stil mit minimalistischem Design","description":"Entdecken Sie den eleganten Stil mit Nordic Chic \u2713 Unsere einzigartige Auswahl an M\u00f6beln und Inneneinrichtungen schafft eine warme und einladende Atmosph\u00e4re, perfekt f\u00fcr jedes Zuhause.","robots":{"index":"index","follow":"follow","max-snippet":"max-snippet:-1","max-image-preview":"max-image-preview:large","max-video-preview":"max-video-preview:-1"},"canonical":"https:\/\/nordicchicpaint.com\/de\/","og_locale":"de_DE","og_type":"article","og_title":"Nordic Chic \u00bb Erleben Sie den zeitlosen Stil mit minimalistischem Design","og_description":"Entdecken Sie den eleganten Stil mit Nordic Chic \u2713 Unsere einzigartige Auswahl an M\u00f6beln und Inneneinrichtungen schafft eine warme und einladende Atmosph\u00e4re, perfekt f\u00fcr jedes Zuhause.","og_url":"https:\/\/nordicchicpaint.com\/de\/","og_site_name":"Nordic Chic\u00ae","article_modified_time":"2025-01-28T18:08:27+00:00","twitter_card":"summary_large_image","twitter_misc":{"Gesch\u00e4tzte Lesezeit":"3\u00a0Minuten"},"schema":{"@context":"https:\/\/schema.org","@graph":[{"@type":"WebPage","@id":"https:\/\/nordicchicpaint.com\/de\/","url":"https:\/\/nordicchicpaint.com\/de\/","name":"Nordic Chic \u00bb Erleben Sie den zeitlosen Stil mit minimalistischem Design","isPartOf":{"@id":"https:\/\/nordicchicpaint.com\/de\/#website"},"datePublished":"2020-02-12T07:51:30+00:00","dateModified":"2025-01-28T18:08:27+00:00","description":"Entdecken Sie den eleganten Stil mit Nordic Chic \u2713 Unsere einzigartige Auswahl an M\u00f6beln und Inneneinrichtungen schafft eine warme und einladende Atmosph\u00e4re, perfekt f\u00fcr jedes Zuhause.","breadcrumb":{"@id":"https:\/\/nordicchicpaint.com\/de\/#breadcrumb"},"inLanguage":"de","potentialAction":[{"@type":"ReadAction","target":["https:\/\/nordicchicpaint.com\/de\/"]}]},{"@type":"BreadcrumbList","@id":"https:\/\/nordicchicpaint.com\/de\/#breadcrumb","itemListElement":[{"@type":"ListItem","position":1,"name":"Hjem","item":"https:\/\/nordicchicpaint.com\/de\/"},{"@type":"ListItem","position":2,"name":"Home"}]},{"@type":"WebSite","@id":"https:\/\/nordicchicpaint.com\/de\/#website","url":"https:\/\/nordicchicpaint.com\/de\/","name":"Nordic Chic\u00ae","description":"Chalk paint for interior and exterior use","publisher":{"@id":"https:\/\/nordicchicpaint.com\/de\/#organization"},"potentialAction":[{"@type":"SearchAction","target":{"@type":"EntryPoint","urlTemplate":"https:\/\/nordicchicpaint.com\/de\/?s={search_term_string}"},"query-input":{"@type":"PropertyValueSpecification","valueRequired":true,"valueName":"search_term_string"}}],"inLanguage":"de"},{"@type":"Organization","@id":"https:\/\/nordicchicpaint.com\/de\/#organization","name":"Nordic Chic\u00ae","url":"https:\/\/nordicchicpaint.com\/de\/","logo":{"@type":"ImageObject","inLanguage":"de","@id":"https:\/\/nordicchicpaint.com\/de\/#\/schema\/logo\/image\/","url":"https:\/\/nordicchicpaint.com\/wp-content\/uploads\/2021\/10\/logo.svg","contentUrl":"https:\/\/nordicchicpaint.com\/wp-content\/uploads\/2021\/10\/logo.svg","width":479,"height":474,"caption":"Nordic Chic\u00ae"},"image":{"@id":"https:\/\/nordicchicpaint.com\/de\/#\/schema\/logo\/image\/"}}]}},"_links":{"self":[{"href":"https:\/\/nordicchicpaint.com\/de\/wp-json\/wp\/v2\/pages\/4321"}],"collection":[{"href":"https:\/\/nordicchicpaint.com\/de\/wp-json\/wp\/v2\/pages"}],"about":[{"href":"https:\/\/nordicchicpaint.com\/de\/wp-json\/wp\/v2\/types\/page"}],"author":[{"embeddable":true,"href":"https:\/\/nordicchicpaint.com\/de\/wp-json\/wp\/v2\/users\/1"}],"replies":[{"embeddable":true,"href":"https:\/\/nordicchicpaint.com\/de\/wp-json\/wp\/v2\/comments?post=4321"}],"version-history":[{"count":24,"href":"https:\/\/nordicchicpaint.com\/de\/wp-json\/wp\/v2\/pages\/4321\/revisions"}],"predecessor-version":[{"id":6385,"href":"https:\/\/nordicchicpaint.com\/de\/wp-json\/wp\/v2\/pages\/4321\/revisions\/6385"}],"wp:attachment":[{"href":"https:\/\/nordicchicpaint.com\/de\/wp-json\/wp\/v2\/media?parent=4321"}],"wp:term":[{"taxonomy":"category","embeddable":true,"href":"https:\/\/nordicchicpaint.com\/de\/wp-json\/wp\/v2\/categories?post=4321"}],"curies":[{"name":"wp","href":"https:\/\/api.w.org\/{rel}","templated":true}]}}