{"id":3688,"date":"2022-05-25T15:24:59","date_gmt":"2022-05-25T13:24:59","guid":{"rendered":"https:\/\/nordicchicpaint.com\/mediums\/fairydust\/"},"modified":"2025-05-20T16:16:24","modified_gmt":"2025-05-20T14:16:24","slug":"fairydust","status":"publish","type":"page","link":"https:\/\/nordicchicpaint.com\/da\/mediums\/fairydust\/","title":{"rendered":"Fairydust"},"content":{"rendered":"<section class=\"wpb-content-wrapper\"><p>[vc_row full_width=&#8221;stretch_row&#8221; el_class=&#8221;farver-ops\u00e6tning&#8221;][vc_column]<div class=\"ult-spacer spacer-69e95fe8a5189\" data-id=\"69e95fe8a5189\" data-height=\"90\" data-height-mobile=\"60\" data-height-tab=\"90\" data-height-tab-portrait=\"60\" data-height-mobile-landscape=\"60\" style=\"clear:both;display:block;\"><\/div>[vc_row_inner][vc_column_inner width=&#8221;1\/6&#8243;][\/vc_column_inner][vc_column_inner width=&#8221;2\/3&#8243;][vc_column_text]<\/p>\n<h1 id=\"tw-target-text\" class=\"tw-data-text tw-text-large tw-ta\" dir=\"ltr\" data-placeholder=\"Translation\" data-ved=\"2ahUKEwjz2aurmbKNAxXqFBAIHRDhNscQ3ewLegQIChAV\" aria-label=\"Translated text: Fairydust farver Nordic Chic\u00ae Fairydust er et mineralsk pulver, der kan bruges til guilding-projekter. Du kan tilf\u00f8je det til din klare voks og lave din egen guildingwax eller du kan tilf\u00f8je det til din topcoat og lave en metallisk lak til b\u00e5de tr\u00e6, plastik, metal mm. Du kan ogs\u00e5 tilf\u00f8je pulveret til dit projekt, som det er, og forsegle det bagefter. Fairydust kan ogs\u00e5 bruges i s\u00e6be, hvis du laver dine egne s\u00e6ber eller badebomber Det er sikkert at bruge, da det er certificeret til brug i make-up. Vi anbefaler at bruge en st\u00f8vmaske, n\u00e5r du bruger den, fordi det er meget sm\u00e5 partikler, der er luftb\u00e5rne. Indhold 50 gr. Find din forhandler her eller k\u00f8b her www.nordicchic.eu.\"><span class=\"Y2IQFc\" lang=\"da\">Fairydust farver<\/span><\/h1>\n<p class=\"tw-data-text tw-text-large tw-ta\" dir=\"ltr\" data-placeholder=\"Translation\" data-ved=\"2ahUKEwjz2aurmbKNAxXqFBAIHRDhNscQ3ewLegQIChAV\" aria-label=\"Translated text: Fairydust farver Nordic Chic\u00ae Fairydust er et mineralsk pulver, der kan bruges til guilding-projekter. Du kan tilf\u00f8je det til din klare voks og lave din egen guildingwax eller du kan tilf\u00f8je det til din topcoat og lave en metallisk lak til b\u00e5de tr\u00e6, plastik, metal mm. Du kan ogs\u00e5 tilf\u00f8je pulveret til dit projekt, som det er, og forsegle det bagefter. Fairydust kan ogs\u00e5 bruges i s\u00e6be, hvis du laver dine egne s\u00e6ber eller badebomber Det er sikkert at bruge, da det er certificeret til brug i make-up. Vi anbefaler at bruge en st\u00f8vmaske, n\u00e5r du bruger den, fordi det er meget sm\u00e5 partikler, der er luftb\u00e5rne. Indhold 50 gr. Find din forhandler her eller k\u00f8b her www.nordicchic.eu.\"><span class=\"Y2IQFc\" lang=\"da\">Nordic Chic\u00ae Fairydust er et naturligt mineralsk pulver, der kan bruges til bl.a. projekter med forgyldning. Du kan tilf\u00f8je det til din klare voks og lave din egen forgyldelses voks eller du kan tilf\u00f8je det til din topcoat og lave en metallisk lak til b\u00e5de tr\u00e6, plastik, metal mm. Du kan ogs\u00e5 tilf\u00f8je pulveret til dit projekt, som det er, og forsegle det bagefter. <\/span><\/p>\n<p class=\"tw-data-text tw-text-large tw-ta\" dir=\"ltr\" data-placeholder=\"Translation\" data-ved=\"2ahUKEwjz2aurmbKNAxXqFBAIHRDhNscQ3ewLegQIChAV\" aria-label=\"Translated text: Fairydust farver Nordic Chic\u00ae Fairydust er et mineralsk pulver, der kan bruges til guilding-projekter. Du kan tilf\u00f8je det til din klare voks og lave din egen guildingwax eller du kan tilf\u00f8je det til din topcoat og lave en metallisk lak til b\u00e5de tr\u00e6, plastik, metal mm. Du kan ogs\u00e5 tilf\u00f8je pulveret til dit projekt, som det er, og forsegle det bagefter. Fairydust kan ogs\u00e5 bruges i s\u00e6be, hvis du laver dine egne s\u00e6ber eller badebomber Det er sikkert at bruge, da det er certificeret til brug i make-up. Vi anbefaler at bruge en st\u00f8vmaske, n\u00e5r du bruger den, fordi det er meget sm\u00e5 partikler, der er luftb\u00e5rne. Indhold 50 gr. Find din forhandler her eller k\u00f8b her www.nordicchic.eu.\"><span class=\"Y2IQFc\" lang=\"da\">Fairydust kan ogs\u00e5 bruges i s\u00e6be, hvis du laver dine egne s\u00e6ber eller badebomber Det er sikkert at bruge, da det er certificeret til brug i make-up. <\/span><\/p>\n<p class=\"tw-data-text tw-text-large tw-ta\" dir=\"ltr\" data-placeholder=\"Translation\" data-ved=\"2ahUKEwjz2aurmbKNAxXqFBAIHRDhNscQ3ewLegQIChAV\" aria-label=\"Translated text: Fairydust farver Nordic Chic\u00ae Fairydust er et mineralsk pulver, der kan bruges til guilding-projekter. Du kan tilf\u00f8je det til din klare voks og lave din egen guildingwax eller du kan tilf\u00f8je det til din topcoat og lave en metallisk lak til b\u00e5de tr\u00e6, plastik, metal mm. Du kan ogs\u00e5 tilf\u00f8je pulveret til dit projekt, som det er, og forsegle det bagefter. Fairydust kan ogs\u00e5 bruges i s\u00e6be, hvis du laver dine egne s\u00e6ber eller badebomber Det er sikkert at bruge, da det er certificeret til brug i make-up. Vi anbefaler at bruge en st\u00f8vmaske, n\u00e5r du bruger den, fordi det er meget sm\u00e5 partikler, der er luftb\u00e5rne. Indhold 50 gr. Find din forhandler her eller k\u00f8b her www.nordicchic.eu.\"><span class=\"Y2IQFc\" lang=\"da\">Det anbefales at bruge en st\u00f8vmaske, n\u00e5r du arbejder med Fairydust, fordi det er meget sm\u00e5 partikler, der er luftb\u00e5rne.<\/span><\/p>\n<p class=\"tw-data-text tw-text-large tw-ta\" dir=\"ltr\" data-placeholder=\"Translation\" data-ved=\"2ahUKEwjz2aurmbKNAxXqFBAIHRDhNscQ3ewLegQIChAV\" aria-label=\"Translated text: Fairydust farver Nordic Chic\u00ae Fairydust er et mineralsk pulver, der kan bruges til guilding-projekter. Du kan tilf\u00f8je det til din klare voks og lave din egen guildingwax eller du kan tilf\u00f8je det til din topcoat og lave en metallisk lak til b\u00e5de tr\u00e6, plastik, metal mm. Du kan ogs\u00e5 tilf\u00f8je pulveret til dit projekt, som det er, og forsegle det bagefter. Fairydust kan ogs\u00e5 bruges i s\u00e6be, hvis du laver dine egne s\u00e6ber eller badebomber Det er sikkert at bruge, da det er certificeret til brug i make-up. Vi anbefaler at bruge en st\u00f8vmaske, n\u00e5r du bruger den, fordi det er meget sm\u00e5 partikler, der er luftb\u00e5rne. Indhold 50 gr. Find din forhandler her eller k\u00f8b her www.nordicchic.eu.\"><span class=\"Y2IQFc\" lang=\"da\">Indhold 50 gr. <\/span><\/p>\n<p class=\"tw-data-text tw-text-large tw-ta\" dir=\"ltr\" data-placeholder=\"Translation\" data-ved=\"2ahUKEwjz2aurmbKNAxXqFBAIHRDhNscQ3ewLegQIChAV\" aria-label=\"Translated text: Fairydust farver Nordic Chic\u00ae Fairydust er et mineralsk pulver, der kan bruges til guilding-projekter. Du kan tilf\u00f8je det til din klare voks og lave din egen guildingwax eller du kan tilf\u00f8je det til din topcoat og lave en metallisk lak til b\u00e5de tr\u00e6, plastik, metal mm. Du kan ogs\u00e5 tilf\u00f8je pulveret til dit projekt, som det er, og forsegle det bagefter. Fairydust kan ogs\u00e5 bruges i s\u00e6be, hvis du laver dine egne s\u00e6ber eller badebomber Det er sikkert at bruge, da det er certificeret til brug i make-up. Vi anbefaler at bruge en st\u00f8vmaske, n\u00e5r du bruger den, fordi det er meget sm\u00e5 partikler, der er luftb\u00e5rne. Indhold 50 gr. Find din forhandler her eller k\u00f8b her www.nordicchic.eu.\"><span class=\"Y2IQFc\" lang=\"da\">Find din forhandler <a href=\"https:\/\/nordicchicpaint.com\/da\/retailers-near-you\/\">her<\/a> eller k\u00f8b her <a href=\"http:\/\/www.nordicchic.eu\">www.nordicchic.eu<\/a>.<\/span><\/p>\n<p>[\/vc_column_text][\/vc_column_inner][vc_column_inner width=&#8221;1\/6&#8243;][\/vc_column_inner][\/vc_row_inner][vc_empty_space height=&#8221;60px&#8221;][vc_media_grid element_width=&#8221;3&#8243; gap=&#8221;20&#8243; grid_id=&#8221;vc_gid:1747750245635-fec8fb2e-1bb3-4&#8243; include=&#8221;3694,3695,3696,3697,3698,3699,3700&#8243;]<div class=\"ult-spacer spacer-69e95fe8a51d6\" data-id=\"69e95fe8a51d6\" data-height=\"90\" data-height-mobile=\"60\" data-height-tab=\"90\" data-height-tab-portrait=\"60\" data-height-mobile-landscape=\"60\" style=\"clear:both;display:block;\"><\/div>[\/vc_column][\/vc_row]<\/p>\n<\/section>","protected":false},"excerpt":{"rendered":"<p>[vc_row full_width=&#8221;stretch_row&#8221; el_class=&#8221;farver-ops\u00e6tning&#8221;][vc_column][vc_row_inner][vc_column_inner width=&#8221;1\/6&#8243;][\/vc_column_inner][vc_column_inner width=&#8221;2\/3&#8243;][vc_column_text] Fairydust farver Nordic Chic\u00ae Fairydust er et naturligt mineralsk pulver, der kan bruges til bl.a. projekter med forgyldning. Du kan tilf\u00f8je det til din klare voks og lave din egen forgyldelses voks eller du kan tilf\u00f8je det til din topcoat og lave en metallisk lak til b\u00e5de tr\u00e6, plastik, metal &#8230; <a title=\"Fairydust\" class=\"read-more\" href=\"https:\/\/nordicchicpaint.com\/da\/mediums\/fairydust\/\" aria-label=\"Read more about Fairydust\">L\u00e6s Mere<\/a><\/p>\n","protected":false},"author":1,"featured_media":3983,"parent":3597,"menu_order":17,"comment_status":"closed","ping_status":"closed","template":"","meta":{"_acf_changed":false,"footnotes":""},"categories":[],"class_list":["post-3688","page","type-page","status-publish","has-post-thumbnail"],"acf":[],"yoast_head":"<!-- This site is optimized with the Yoast SEO plugin v23.4 - https:\/\/yoast.com\/wordpress\/plugins\/seo\/ -->\n<title>Fairydust &#183; Nordic Chic\u00ae<\/title>\n<meta name=\"robots\" content=\"index, follow, max-snippet:-1, max-image-preview:large, max-video-preview:-1\" \/>\n<link rel=\"canonical\" href=\"https:\/\/nordicchicpaint.com\/da\/mediums\/fairydust\/\" \/>\n<meta property=\"og:locale\" content=\"da_DK\" \/>\n<meta property=\"og:type\" content=\"article\" \/>\n<meta property=\"og:title\" content=\"Fairydust &#183; Nordic Chic\u00ae\" \/>\n<meta property=\"og:description\" content=\"[vc_row full_width=&#8221;stretch_row&#8221; el_class=&#8221;farver-ops\u00e6tning&#8221;][vc_column][vc_row_inner][vc_column_inner width=&#8221;1\/6&#8243;][\/vc_column_inner][vc_column_inner width=&#8221;2\/3&#8243;][vc_column_text] Fairydust farver Nordic Chic\u00ae Fairydust er et naturligt mineralsk pulver, der kan bruges til bl.a. projekter med forgyldning. Du kan tilf\u00f8je det til din klare voks og lave din egen forgyldelses voks eller du kan tilf\u00f8je det til din topcoat og lave en metallisk lak til b\u00e5de tr\u00e6, plastik, metal ... L\u00e6s Mere\" \/>\n<meta property=\"og:url\" content=\"https:\/\/nordicchicpaint.com\/da\/mediums\/fairydust\/\" \/>\n<meta property=\"og:site_name\" content=\"Nordic Chic\u00ae\" \/>\n<meta property=\"article:modified_time\" content=\"2025-05-20T14:16:24+00:00\" \/>\n<meta property=\"og:image\" content=\"https:\/\/nordicchicpaint.com\/wp-content\/uploads\/2022\/08\/fairydust-1.jpeg\" \/>\n\t<meta property=\"og:image:width\" content=\"1920\" \/>\n\t<meta property=\"og:image:height\" content=\"1080\" \/>\n\t<meta property=\"og:image:type\" content=\"image\/jpeg\" \/>\n<meta name=\"twitter:card\" content=\"summary_large_image\" \/>\n<meta name=\"twitter:label1\" content=\"Estimeret l\u00e6setid\" \/>\n\t<meta name=\"twitter:data1\" content=\"3 minutter\" \/>\n<script type=\"application\/ld+json\" class=\"yoast-schema-graph\">{\"@context\":\"https:\/\/schema.org\",\"@graph\":[{\"@type\":\"WebPage\",\"@id\":\"https:\/\/nordicchicpaint.com\/da\/mediums\/fairydust\/\",\"url\":\"https:\/\/nordicchicpaint.com\/da\/mediums\/fairydust\/\",\"name\":\"Fairydust &#183; Nordic Chic\u00ae\",\"isPartOf\":{\"@id\":\"https:\/\/nordicchicpaint.com\/da\/#website\"},\"primaryImageOfPage\":{\"@id\":\"https:\/\/nordicchicpaint.com\/da\/mediums\/fairydust\/#primaryimage\"},\"image\":{\"@id\":\"https:\/\/nordicchicpaint.com\/da\/mediums\/fairydust\/#primaryimage\"},\"thumbnailUrl\":\"https:\/\/nordicchicpaint.com\/wp-content\/uploads\/2022\/08\/fairydust-1.jpeg\",\"datePublished\":\"2022-05-25T13:24:59+00:00\",\"dateModified\":\"2025-05-20T14:16:24+00:00\",\"breadcrumb\":{\"@id\":\"https:\/\/nordicchicpaint.com\/da\/mediums\/fairydust\/#breadcrumb\"},\"inLanguage\":\"da-DK\",\"potentialAction\":[{\"@type\":\"ReadAction\",\"target\":[\"https:\/\/nordicchicpaint.com\/da\/mediums\/fairydust\/\"]}]},{\"@type\":\"ImageObject\",\"inLanguage\":\"da-DK\",\"@id\":\"https:\/\/nordicchicpaint.com\/da\/mediums\/fairydust\/#primaryimage\",\"url\":\"https:\/\/nordicchicpaint.com\/wp-content\/uploads\/2022\/08\/fairydust-1.jpeg\",\"contentUrl\":\"https:\/\/nordicchicpaint.com\/wp-content\/uploads\/2022\/08\/fairydust-1.jpeg\",\"width\":1920,\"height\":1080},{\"@type\":\"BreadcrumbList\",\"@id\":\"https:\/\/nordicchicpaint.com\/da\/mediums\/fairydust\/#breadcrumb\",\"itemListElement\":[{\"@type\":\"ListItem\",\"position\":1,\"name\":\"Hjem\",\"item\":\"https:\/\/nordicchicpaint.com\/da\/\"},{\"@type\":\"ListItem\",\"position\":2,\"name\":\"Mediums\",\"item\":\"https:\/\/nordicchicpaint.com\/da\/mediums\/\"},{\"@type\":\"ListItem\",\"position\":3,\"name\":\"Fairydust\"}]},{\"@type\":\"WebSite\",\"@id\":\"https:\/\/nordicchicpaint.com\/da\/#website\",\"url\":\"https:\/\/nordicchicpaint.com\/da\/\",\"name\":\"Nordic Chic\u00ae\",\"description\":\"Chalk paint for interior and exterior use\",\"publisher\":{\"@id\":\"https:\/\/nordicchicpaint.com\/da\/#organization\"},\"potentialAction\":[{\"@type\":\"SearchAction\",\"target\":{\"@type\":\"EntryPoint\",\"urlTemplate\":\"https:\/\/nordicchicpaint.com\/da\/?s={search_term_string}\"},\"query-input\":{\"@type\":\"PropertyValueSpecification\",\"valueRequired\":true,\"valueName\":\"search_term_string\"}}],\"inLanguage\":\"da-DK\"},{\"@type\":\"Organization\",\"@id\":\"https:\/\/nordicchicpaint.com\/da\/#organization\",\"name\":\"Nordic Chic\u00ae\",\"url\":\"https:\/\/nordicchicpaint.com\/da\/\",\"logo\":{\"@type\":\"ImageObject\",\"inLanguage\":\"da-DK\",\"@id\":\"https:\/\/nordicchicpaint.com\/da\/#\/schema\/logo\/image\/\",\"url\":\"https:\/\/nordicchicpaint.com\/wp-content\/uploads\/2021\/10\/logo.svg\",\"contentUrl\":\"https:\/\/nordicchicpaint.com\/wp-content\/uploads\/2021\/10\/logo.svg\",\"width\":479,\"height\":474,\"caption\":\"Nordic Chic\u00ae\"},\"image\":{\"@id\":\"https:\/\/nordicchicpaint.com\/da\/#\/schema\/logo\/image\/\"}}]}<\/script>\n<!-- \/ Yoast SEO plugin. -->","yoast_head_json":{"title":"Fairydust &#183; Nordic Chic\u00ae","robots":{"index":"index","follow":"follow","max-snippet":"max-snippet:-1","max-image-preview":"max-image-preview:large","max-video-preview":"max-video-preview:-1"},"canonical":"https:\/\/nordicchicpaint.com\/da\/mediums\/fairydust\/","og_locale":"da_DK","og_type":"article","og_title":"Fairydust &#183; Nordic Chic\u00ae","og_description":"[vc_row full_width=&#8221;stretch_row&#8221; el_class=&#8221;farver-ops\u00e6tning&#8221;][vc_column][vc_row_inner][vc_column_inner width=&#8221;1\/6&#8243;][\/vc_column_inner][vc_column_inner width=&#8221;2\/3&#8243;][vc_column_text] Fairydust farver Nordic Chic\u00ae Fairydust er et naturligt mineralsk pulver, der kan bruges til bl.a. projekter med forgyldning. Du kan tilf\u00f8je det til din klare voks og lave din egen forgyldelses voks eller du kan tilf\u00f8je det til din topcoat og lave en metallisk lak til b\u00e5de tr\u00e6, plastik, metal ... L\u00e6s Mere","og_url":"https:\/\/nordicchicpaint.com\/da\/mediums\/fairydust\/","og_site_name":"Nordic Chic\u00ae","article_modified_time":"2025-05-20T14:16:24+00:00","og_image":[{"width":1920,"height":1080,"url":"https:\/\/nordicchicpaint.com\/wp-content\/uploads\/2022\/08\/fairydust-1.jpeg","type":"image\/jpeg"}],"twitter_card":"summary_large_image","twitter_misc":{"Estimeret l\u00e6setid":"3 minutter"},"schema":{"@context":"https:\/\/schema.org","@graph":[{"@type":"WebPage","@id":"https:\/\/nordicchicpaint.com\/da\/mediums\/fairydust\/","url":"https:\/\/nordicchicpaint.com\/da\/mediums\/fairydust\/","name":"Fairydust &#183; Nordic Chic\u00ae","isPartOf":{"@id":"https:\/\/nordicchicpaint.com\/da\/#website"},"primaryImageOfPage":{"@id":"https:\/\/nordicchicpaint.com\/da\/mediums\/fairydust\/#primaryimage"},"image":{"@id":"https:\/\/nordicchicpaint.com\/da\/mediums\/fairydust\/#primaryimage"},"thumbnailUrl":"https:\/\/nordicchicpaint.com\/wp-content\/uploads\/2022\/08\/fairydust-1.jpeg","datePublished":"2022-05-25T13:24:59+00:00","dateModified":"2025-05-20T14:16:24+00:00","breadcrumb":{"@id":"https:\/\/nordicchicpaint.com\/da\/mediums\/fairydust\/#breadcrumb"},"inLanguage":"da-DK","potentialAction":[{"@type":"ReadAction","target":["https:\/\/nordicchicpaint.com\/da\/mediums\/fairydust\/"]}]},{"@type":"ImageObject","inLanguage":"da-DK","@id":"https:\/\/nordicchicpaint.com\/da\/mediums\/fairydust\/#primaryimage","url":"https:\/\/nordicchicpaint.com\/wp-content\/uploads\/2022\/08\/fairydust-1.jpeg","contentUrl":"https:\/\/nordicchicpaint.com\/wp-content\/uploads\/2022\/08\/fairydust-1.jpeg","width":1920,"height":1080},{"@type":"BreadcrumbList","@id":"https:\/\/nordicchicpaint.com\/da\/mediums\/fairydust\/#breadcrumb","itemListElement":[{"@type":"ListItem","position":1,"name":"Hjem","item":"https:\/\/nordicchicpaint.com\/da\/"},{"@type":"ListItem","position":2,"name":"Mediums","item":"https:\/\/nordicchicpaint.com\/da\/mediums\/"},{"@type":"ListItem","position":3,"name":"Fairydust"}]},{"@type":"WebSite","@id":"https:\/\/nordicchicpaint.com\/da\/#website","url":"https:\/\/nordicchicpaint.com\/da\/","name":"Nordic Chic\u00ae","description":"Chalk paint for interior and exterior use","publisher":{"@id":"https:\/\/nordicchicpaint.com\/da\/#organization"},"potentialAction":[{"@type":"SearchAction","target":{"@type":"EntryPoint","urlTemplate":"https:\/\/nordicchicpaint.com\/da\/?s={search_term_string}"},"query-input":{"@type":"PropertyValueSpecification","valueRequired":true,"valueName":"search_term_string"}}],"inLanguage":"da-DK"},{"@type":"Organization","@id":"https:\/\/nordicchicpaint.com\/da\/#organization","name":"Nordic Chic\u00ae","url":"https:\/\/nordicchicpaint.com\/da\/","logo":{"@type":"ImageObject","inLanguage":"da-DK","@id":"https:\/\/nordicchicpaint.com\/da\/#\/schema\/logo\/image\/","url":"https:\/\/nordicchicpaint.com\/wp-content\/uploads\/2021\/10\/logo.svg","contentUrl":"https:\/\/nordicchicpaint.com\/wp-content\/uploads\/2021\/10\/logo.svg","width":479,"height":474,"caption":"Nordic Chic\u00ae"},"image":{"@id":"https:\/\/nordicchicpaint.com\/da\/#\/schema\/logo\/image\/"}}]}},"_links":{"self":[{"href":"https:\/\/nordicchicpaint.com\/da\/wp-json\/wp\/v2\/pages\/3688"}],"collection":[{"href":"https:\/\/nordicchicpaint.com\/da\/wp-json\/wp\/v2\/pages"}],"about":[{"href":"https:\/\/nordicchicpaint.com\/da\/wp-json\/wp\/v2\/types\/page"}],"author":[{"embeddable":true,"href":"https:\/\/nordicchicpaint.com\/da\/wp-json\/wp\/v2\/users\/1"}],"replies":[{"embeddable":true,"href":"https:\/\/nordicchicpaint.com\/da\/wp-json\/wp\/v2\/comments?post=3688"}],"version-history":[{"count":10,"href":"https:\/\/nordicchicpaint.com\/da\/wp-json\/wp\/v2\/pages\/3688\/revisions"}],"predecessor-version":[{"id":6485,"href":"https:\/\/nordicchicpaint.com\/da\/wp-json\/wp\/v2\/pages\/3688\/revisions\/6485"}],"up":[{"embeddable":true,"href":"https:\/\/nordicchicpaint.com\/da\/wp-json\/wp\/v2\/pages\/3597"}],"wp:featuredmedia":[{"embeddable":true,"href":"https:\/\/nordicchicpaint.com\/da\/wp-json\/wp\/v2\/media\/3983"}],"wp:attachment":[{"href":"https:\/\/nordicchicpaint.com\/da\/wp-json\/wp\/v2\/media?parent=3688"}],"wp:term":[{"taxonomy":"category","embeddable":true,"href":"https:\/\/nordicchicpaint.com\/da\/wp-json\/wp\/v2\/categories?post=3688"}],"curies":[{"name":"wp","href":"https:\/\/api.w.org\/{rel}","templated":true}]}}