{"id":3464,"date":"2022-02-22T14:54:34","date_gmt":"2022-02-22T13:54:34","guid":{"rendered":"https:\/\/nordicchicpaint.com\/?page_id=3464"},"modified":"2025-05-20T16:00:46","modified_gmt":"2025-05-20T14:00:46","slug":"bejdse","status":"publish","type":"page","link":"https:\/\/nordicchicpaint.com\/da\/bejdse\/","title":{"rendered":"Stains"},"content":{"rendered":"<section class=\"wpb-content-wrapper\"><p>[vc_row full_width=&#8221;stretch_row&#8221; el_class=&#8221;farver-ops\u00e6tning&#8221;][vc_column]<div class=\"ult-spacer spacer-69e94782cb3d9\" data-id=\"69e94782cb3d9\" data-height=\"90\" data-height-mobile=\"60\" data-height-tab=\"90\" data-height-tab-portrait=\"60\" data-height-mobile-landscape=\"60\" style=\"clear:both;display:block;\"><\/div>[vc_row_inner][vc_column_inner width=&#8221;1\/6&#8243;][\/vc_column_inner][vc_column_inner width=&#8221;2\/3&#8243;][vc_column_text]<\/p>\n<h3 id=\"tw-target-text\" class=\"tw-data-text tw-text-large tw-ta\" dir=\"ltr\" data-placeholder=\"Translation\" data-ved=\"2ahUKEwjz2aurmbKNAxXqFBAIHRDhNscQ3ewLegQIChAV\" aria-label=\"Translated text: Bejdse til b\u00e5de indend\u00f8rs og udend\u00f8rs brug Woody er en milj\u00f8venlig biologisk nedbrydelig plet til b\u00e5de indend\u00f8rs og udend\u00f8rs brug. Brug den p\u00e5 dine havem\u00f8bler eller lav smukke bejdsede tr\u00e6toppe p\u00e5 kommoder mm. Woody f\u00e5s i 4 farver, sort, hvid, m\u00f8rk og valn\u00f8d. Hvis du bruger b\u00e5de den sorte og den hvide, kan du skabe nogle vidunderlige Driftwood-looks og gr\u00e5 farver. Hvis den bruges udend\u00f8rs, b\u00f8r du forsegle den med vores Nordic Chic Topcoat. Indend\u00f8rs kan du lade det v\u00e6re som det er eller forsegle med Topcoat eller voks. Woody er et let at bruge, milj\u00f8venligt og ikke ubehageligt produkt. 400 ml i en beholder med skruel\u00e5g, der er let at \u00e5bne. Find din forhandler her eller k\u00f8b her www.nordicchic.eu.\"><span class=\"Y2IQFc\" lang=\"da\">Bejdse til b\u00e5de indend\u00f8rs og udend\u00f8rs brug <\/span><\/h3>\n<p class=\"tw-data-text tw-text-large tw-ta\" dir=\"ltr\" data-placeholder=\"Translation\" data-ved=\"2ahUKEwjz2aurmbKNAxXqFBAIHRDhNscQ3ewLegQIChAV\" aria-label=\"Translated text: Bejdse til b\u00e5de indend\u00f8rs og udend\u00f8rs brug Woody er en milj\u00f8venlig biologisk nedbrydelig plet til b\u00e5de indend\u00f8rs og udend\u00f8rs brug. Brug den p\u00e5 dine havem\u00f8bler eller lav smukke bejdsede tr\u00e6toppe p\u00e5 kommoder mm. Woody f\u00e5s i 4 farver, sort, hvid, m\u00f8rk og valn\u00f8d. Hvis du bruger b\u00e5de den sorte og den hvide, kan du skabe nogle vidunderlige Driftwood-looks og gr\u00e5 farver. Hvis den bruges udend\u00f8rs, b\u00f8r du forsegle den med vores Nordic Chic Topcoat. Indend\u00f8rs kan du lade det v\u00e6re som det er eller forsegle med Topcoat eller voks. Woody er et let at bruge, milj\u00f8venligt og ikke ubehageligt produkt. 400 ml i en beholder med skruel\u00e5g, der er let at \u00e5bne. Find din forhandler her eller k\u00f8b her www.nordicchic.eu.\"><span class=\"Y2IQFc\" lang=\"da\">Woody er en milj\u00f8venlig biologisk nedbrydelig bejdse til b\u00e5de indend\u00f8rs og udend\u00f8rs brug. Brug den p\u00e5 dine havem\u00f8bler eller lav smukke bejdsede topplader p\u00e5 kommoder mm. <\/span><\/p>\n<p class=\"tw-data-text tw-text-large tw-ta\" dir=\"ltr\" data-placeholder=\"Translation\" data-ved=\"2ahUKEwjz2aurmbKNAxXqFBAIHRDhNscQ3ewLegQIChAV\" aria-label=\"Translated text: Bejdse til b\u00e5de indend\u00f8rs og udend\u00f8rs brug Woody er en milj\u00f8venlig biologisk nedbrydelig plet til b\u00e5de indend\u00f8rs og udend\u00f8rs brug. Brug den p\u00e5 dine havem\u00f8bler eller lav smukke bejdsede tr\u00e6toppe p\u00e5 kommoder mm. Woody f\u00e5s i 4 farver, sort, hvid, m\u00f8rk og valn\u00f8d. Hvis du bruger b\u00e5de den sorte og den hvide, kan du skabe nogle vidunderlige Driftwood-looks og gr\u00e5 farver. Hvis den bruges udend\u00f8rs, b\u00f8r du forsegle den med vores Nordic Chic Topcoat. Indend\u00f8rs kan du lade det v\u00e6re som det er eller forsegle med Topcoat eller voks. Woody er et let at bruge, milj\u00f8venligt og ikke ubehageligt produkt. 400 ml i en beholder med skruel\u00e5g, der er let at \u00e5bne. Find din forhandler her eller k\u00f8b her www.nordicchic.eu.\"><span class=\"Y2IQFc\" lang=\"da\">Woody f\u00e5s i 4 farver, sort, hvid, m\u00f8rk og valn\u00f8d. Hvis du bruger b\u00e5de den sorte og den hvide, kan du skabe nogle vidunderlige Driftwood-looks og gr\u00e5 farver. <\/span><\/p>\n<p class=\"tw-data-text tw-text-large tw-ta\" dir=\"ltr\" data-placeholder=\"Translation\" data-ved=\"2ahUKEwjz2aurmbKNAxXqFBAIHRDhNscQ3ewLegQIChAV\" aria-label=\"Translated text: Bejdse til b\u00e5de indend\u00f8rs og udend\u00f8rs brug Woody er en milj\u00f8venlig biologisk nedbrydelig plet til b\u00e5de indend\u00f8rs og udend\u00f8rs brug. Brug den p\u00e5 dine havem\u00f8bler eller lav smukke bejdsede tr\u00e6toppe p\u00e5 kommoder mm. Woody f\u00e5s i 4 farver, sort, hvid, m\u00f8rk og valn\u00f8d. Hvis du bruger b\u00e5de den sorte og den hvide, kan du skabe nogle vidunderlige Driftwood-looks og gr\u00e5 farver. Hvis den bruges udend\u00f8rs, b\u00f8r du forsegle den med vores Nordic Chic Topcoat. Indend\u00f8rs kan du lade det v\u00e6re som det er eller forsegle med Topcoat eller voks. Woody er et let at bruge, milj\u00f8venligt og ikke ubehageligt produkt. 400 ml i en beholder med skruel\u00e5g, der er let at \u00e5bne. Find din forhandler her eller k\u00f8b her www.nordicchic.eu.\"><span class=\"Y2IQFc\" lang=\"da\">Hvis den bruges udend\u00f8rs, b\u00f8r du forsegle den med vores Nordic Chic Topcoat. Indend\u00f8rs kan du lade det v\u00e6re som det er eller forsegle med Topcoat eller voks. <\/span><\/p>\n<p class=\"tw-data-text tw-text-large tw-ta\" dir=\"ltr\" data-placeholder=\"Translation\" data-ved=\"2ahUKEwjz2aurmbKNAxXqFBAIHRDhNscQ3ewLegQIChAV\" aria-label=\"Translated text: Bejdse til b\u00e5de indend\u00f8rs og udend\u00f8rs brug Woody er en milj\u00f8venlig biologisk nedbrydelig plet til b\u00e5de indend\u00f8rs og udend\u00f8rs brug. Brug den p\u00e5 dine havem\u00f8bler eller lav smukke bejdsede tr\u00e6toppe p\u00e5 kommoder mm. Woody f\u00e5s i 4 farver, sort, hvid, m\u00f8rk og valn\u00f8d. Hvis du bruger b\u00e5de den sorte og den hvide, kan du skabe nogle vidunderlige Driftwood-looks og gr\u00e5 farver. Hvis den bruges udend\u00f8rs, b\u00f8r du forsegle den med vores Nordic Chic Topcoat. Indend\u00f8rs kan du lade det v\u00e6re som det er eller forsegle med Topcoat eller voks. Woody er et let at bruge, milj\u00f8venligt og ikke ubehageligt produkt. 400 ml i en beholder med skruel\u00e5g, der er let at \u00e5bne. Find din forhandler her eller k\u00f8b her www.nordicchic.eu.\"><span class=\"Y2IQFc\" lang=\"da\">Woody er let at bruge, milj\u00f8venligt og ikke ubehageligt lugtende produkt. <\/span><\/p>\n<p class=\"tw-data-text tw-text-large tw-ta\" dir=\"ltr\" data-placeholder=\"Translation\" data-ved=\"2ahUKEwjz2aurmbKNAxXqFBAIHRDhNscQ3ewLegQIChAV\" aria-label=\"Translated text: Bejdse til b\u00e5de indend\u00f8rs og udend\u00f8rs brug Woody er en milj\u00f8venlig biologisk nedbrydelig plet til b\u00e5de indend\u00f8rs og udend\u00f8rs brug. Brug den p\u00e5 dine havem\u00f8bler eller lav smukke bejdsede tr\u00e6toppe p\u00e5 kommoder mm. Woody f\u00e5s i 4 farver, sort, hvid, m\u00f8rk og valn\u00f8d. Hvis du bruger b\u00e5de den sorte og den hvide, kan du skabe nogle vidunderlige Driftwood-looks og gr\u00e5 farver. Hvis den bruges udend\u00f8rs, b\u00f8r du forsegle den med vores Nordic Chic Topcoat. Indend\u00f8rs kan du lade det v\u00e6re som det er eller forsegle med Topcoat eller voks. Woody er et let at bruge, milj\u00f8venligt og ikke ubehageligt produkt. 400 ml i en beholder med skruel\u00e5g, der er let at \u00e5bne. Find din forhandler her eller k\u00f8b her www.nordicchic.eu.\"><span class=\"Y2IQFc\" lang=\"da\">400 ml i en beholder med skruel\u00e5g, der er let at \u00e5bne. <\/span><\/p>\n<p class=\"tw-data-text tw-text-large tw-ta\" dir=\"ltr\" data-placeholder=\"Translation\" data-ved=\"2ahUKEwjz2aurmbKNAxXqFBAIHRDhNscQ3ewLegQIChAV\" aria-label=\"Translated text: Bejdse til b\u00e5de indend\u00f8rs og udend\u00f8rs brug Woody er en milj\u00f8venlig biologisk nedbrydelig plet til b\u00e5de indend\u00f8rs og udend\u00f8rs brug. Brug den p\u00e5 dine havem\u00f8bler eller lav smukke bejdsede tr\u00e6toppe p\u00e5 kommoder mm. Woody f\u00e5s i 4 farver, sort, hvid, m\u00f8rk og valn\u00f8d. Hvis du bruger b\u00e5de den sorte og den hvide, kan du skabe nogle vidunderlige Driftwood-looks og gr\u00e5 farver. Hvis den bruges udend\u00f8rs, b\u00f8r du forsegle den med vores Nordic Chic Topcoat. Indend\u00f8rs kan du lade det v\u00e6re som det er eller forsegle med Topcoat eller voks. Woody er et let at bruge, milj\u00f8venligt og ikke ubehageligt produkt. 400 ml i en beholder med skruel\u00e5g, der er let at \u00e5bne. Find din forhandler her eller k\u00f8b her www.nordicchic.eu.\"><span class=\"Y2IQFc\" lang=\"da\">Find din forhandler <a href=\"https:\/\/nordicchicpaint.com\/da\/retailers-near-you\/\">her<\/a> eller k\u00f8b her <a href=\"http:\/\/www.nordicchic.eu\">www.nordicchic.eu<\/a>.<\/span><\/p>\n<p>[\/vc_column_text][\/vc_column_inner][vc_column_inner width=&#8221;1\/6&#8243;][\/vc_column_inner][\/vc_row_inner][vc_empty_space height=&#8221;60px&#8221;][vc_media_grid gap=&#8221;20&#8243; grid_id=&#8221;vc_gid:1747749135305-a41d2548-5e97-9&#8243; include=&#8221;3677,3678,3679&#8243;]<div class=\"ult-spacer spacer-69e94782cb431\" data-id=\"69e94782cb431\" data-height=\"90\" data-height-mobile=\"60\" data-height-tab=\"90\" data-height-tab-portrait=\"60\" data-height-mobile-landscape=\"60\" style=\"clear:both;display:block;\"><\/div>[\/vc_column][\/vc_row]<\/p>\n<\/section>","protected":false},"excerpt":{"rendered":"<p>[vc_row full_width=&#8221;stretch_row&#8221; el_class=&#8221;farver-ops\u00e6tning&#8221;][vc_column][vc_row_inner][vc_column_inner width=&#8221;1\/6&#8243;][\/vc_column_inner][vc_column_inner width=&#8221;2\/3&#8243;][vc_column_text] Bejdse til b\u00e5de indend\u00f8rs og udend\u00f8rs brug Woody er en milj\u00f8venlig biologisk nedbrydelig bejdse til b\u00e5de indend\u00f8rs og udend\u00f8rs brug. Brug den p\u00e5 dine havem\u00f8bler eller lav smukke bejdsede topplader p\u00e5 kommoder mm. Woody f\u00e5s i 4 farver, sort, hvid, m\u00f8rk og valn\u00f8d. Hvis du bruger b\u00e5de den sorte og &#8230; <a title=\"Stains\" class=\"read-more\" href=\"https:\/\/nordicchicpaint.com\/da\/bejdse\/\" aria-label=\"Read more about Stains\">L\u00e6s Mere<\/a><\/p>\n","protected":false},"author":1,"featured_media":4003,"parent":0,"menu_order":0,"comment_status":"closed","ping_status":"closed","template":"","meta":{"_acf_changed":false,"footnotes":""},"categories":[],"class_list":["post-3464","page","type-page","status-publish","has-post-thumbnail"],"acf":[],"yoast_head":"<!-- This site is optimized with the Yoast SEO plugin v23.4 - https:\/\/yoast.com\/wordpress\/plugins\/seo\/ -->\n<title>Stains &#183; Nordic Chic\u00ae<\/title>\n<meta name=\"robots\" content=\"index, follow, max-snippet:-1, max-image-preview:large, max-video-preview:-1\" \/>\n<link rel=\"canonical\" href=\"https:\/\/nordicchicpaint.com\/da\/bejdse\/\" \/>\n<meta property=\"og:locale\" content=\"da_DK\" \/>\n<meta property=\"og:type\" content=\"article\" \/>\n<meta property=\"og:title\" content=\"Stains &#183; Nordic Chic\u00ae\" \/>\n<meta property=\"og:description\" content=\"[vc_row full_width=&#8221;stretch_row&#8221; el_class=&#8221;farver-ops\u00e6tning&#8221;][vc_column][vc_row_inner][vc_column_inner width=&#8221;1\/6&#8243;][\/vc_column_inner][vc_column_inner width=&#8221;2\/3&#8243;][vc_column_text] Bejdse til b\u00e5de indend\u00f8rs og udend\u00f8rs brug Woody er en milj\u00f8venlig biologisk nedbrydelig bejdse til b\u00e5de indend\u00f8rs og udend\u00f8rs brug. Brug den p\u00e5 dine havem\u00f8bler eller lav smukke bejdsede topplader p\u00e5 kommoder mm. Woody f\u00e5s i 4 farver, sort, hvid, m\u00f8rk og valn\u00f8d. Hvis du bruger b\u00e5de den sorte og ... L\u00e6s Mere\" \/>\n<meta property=\"og:url\" content=\"https:\/\/nordicchicpaint.com\/da\/bejdse\/\" \/>\n<meta property=\"og:site_name\" content=\"Nordic Chic\u00ae\" \/>\n<meta property=\"article:modified_time\" content=\"2025-05-20T14:00:46+00:00\" \/>\n<meta property=\"og:image\" content=\"https:\/\/nordicchicpaint.com\/wp-content\/uploads\/2022\/09\/woody-Banner.jpeg\" \/>\n\t<meta property=\"og:image:width\" content=\"1920\" \/>\n\t<meta property=\"og:image:height\" content=\"1080\" \/>\n\t<meta property=\"og:image:type\" content=\"image\/jpeg\" \/>\n<meta name=\"twitter:card\" content=\"summary_large_image\" \/>\n<meta name=\"twitter:label1\" content=\"Estimeret l\u00e6setid\" \/>\n\t<meta name=\"twitter:data1\" content=\"2 minutter\" \/>\n<script type=\"application\/ld+json\" class=\"yoast-schema-graph\">{\"@context\":\"https:\/\/schema.org\",\"@graph\":[{\"@type\":\"WebPage\",\"@id\":\"https:\/\/nordicchicpaint.com\/da\/bejdse\/\",\"url\":\"https:\/\/nordicchicpaint.com\/da\/bejdse\/\",\"name\":\"Stains &#183; Nordic Chic\u00ae\",\"isPartOf\":{\"@id\":\"https:\/\/nordicchicpaint.com\/da\/#website\"},\"primaryImageOfPage\":{\"@id\":\"https:\/\/nordicchicpaint.com\/da\/bejdse\/#primaryimage\"},\"image\":{\"@id\":\"https:\/\/nordicchicpaint.com\/da\/bejdse\/#primaryimage\"},\"thumbnailUrl\":\"https:\/\/nordicchicpaint.com\/wp-content\/uploads\/2022\/09\/woody-Banner.jpeg\",\"datePublished\":\"2022-02-22T13:54:34+00:00\",\"dateModified\":\"2025-05-20T14:00:46+00:00\",\"breadcrumb\":{\"@id\":\"https:\/\/nordicchicpaint.com\/da\/bejdse\/#breadcrumb\"},\"inLanguage\":\"da-DK\",\"potentialAction\":[{\"@type\":\"ReadAction\",\"target\":[\"https:\/\/nordicchicpaint.com\/da\/bejdse\/\"]}]},{\"@type\":\"ImageObject\",\"inLanguage\":\"da-DK\",\"@id\":\"https:\/\/nordicchicpaint.com\/da\/bejdse\/#primaryimage\",\"url\":\"https:\/\/nordicchicpaint.com\/wp-content\/uploads\/2022\/09\/woody-Banner.jpeg\",\"contentUrl\":\"https:\/\/nordicchicpaint.com\/wp-content\/uploads\/2022\/09\/woody-Banner.jpeg\",\"width\":1920,\"height\":1080},{\"@type\":\"BreadcrumbList\",\"@id\":\"https:\/\/nordicchicpaint.com\/da\/bejdse\/#breadcrumb\",\"itemListElement\":[{\"@type\":\"ListItem\",\"position\":1,\"name\":\"Hjem\",\"item\":\"https:\/\/nordicchicpaint.com\/da\/\"},{\"@type\":\"ListItem\",\"position\":2,\"name\":\"Stains\"}]},{\"@type\":\"WebSite\",\"@id\":\"https:\/\/nordicchicpaint.com\/da\/#website\",\"url\":\"https:\/\/nordicchicpaint.com\/da\/\",\"name\":\"Nordic Chic\u00ae\",\"description\":\"Chalk paint for interior and exterior use\",\"publisher\":{\"@id\":\"https:\/\/nordicchicpaint.com\/da\/#organization\"},\"potentialAction\":[{\"@type\":\"SearchAction\",\"target\":{\"@type\":\"EntryPoint\",\"urlTemplate\":\"https:\/\/nordicchicpaint.com\/da\/?s={search_term_string}\"},\"query-input\":{\"@type\":\"PropertyValueSpecification\",\"valueRequired\":true,\"valueName\":\"search_term_string\"}}],\"inLanguage\":\"da-DK\"},{\"@type\":\"Organization\",\"@id\":\"https:\/\/nordicchicpaint.com\/da\/#organization\",\"name\":\"Nordic Chic\u00ae\",\"url\":\"https:\/\/nordicchicpaint.com\/da\/\",\"logo\":{\"@type\":\"ImageObject\",\"inLanguage\":\"da-DK\",\"@id\":\"https:\/\/nordicchicpaint.com\/da\/#\/schema\/logo\/image\/\",\"url\":\"https:\/\/nordicchicpaint.com\/wp-content\/uploads\/2021\/10\/logo.svg\",\"contentUrl\":\"https:\/\/nordicchicpaint.com\/wp-content\/uploads\/2021\/10\/logo.svg\",\"width\":479,\"height\":474,\"caption\":\"Nordic Chic\u00ae\"},\"image\":{\"@id\":\"https:\/\/nordicchicpaint.com\/da\/#\/schema\/logo\/image\/\"}}]}<\/script>\n<!-- \/ Yoast SEO plugin. -->","yoast_head_json":{"title":"Stains &#183; Nordic Chic\u00ae","robots":{"index":"index","follow":"follow","max-snippet":"max-snippet:-1","max-image-preview":"max-image-preview:large","max-video-preview":"max-video-preview:-1"},"canonical":"https:\/\/nordicchicpaint.com\/da\/bejdse\/","og_locale":"da_DK","og_type":"article","og_title":"Stains &#183; Nordic Chic\u00ae","og_description":"[vc_row full_width=&#8221;stretch_row&#8221; el_class=&#8221;farver-ops\u00e6tning&#8221;][vc_column][vc_row_inner][vc_column_inner width=&#8221;1\/6&#8243;][\/vc_column_inner][vc_column_inner width=&#8221;2\/3&#8243;][vc_column_text] Bejdse til b\u00e5de indend\u00f8rs og udend\u00f8rs brug Woody er en milj\u00f8venlig biologisk nedbrydelig bejdse til b\u00e5de indend\u00f8rs og udend\u00f8rs brug. Brug den p\u00e5 dine havem\u00f8bler eller lav smukke bejdsede topplader p\u00e5 kommoder mm. Woody f\u00e5s i 4 farver, sort, hvid, m\u00f8rk og valn\u00f8d. Hvis du bruger b\u00e5de den sorte og ... L\u00e6s Mere","og_url":"https:\/\/nordicchicpaint.com\/da\/bejdse\/","og_site_name":"Nordic Chic\u00ae","article_modified_time":"2025-05-20T14:00:46+00:00","og_image":[{"width":1920,"height":1080,"url":"https:\/\/nordicchicpaint.com\/wp-content\/uploads\/2022\/09\/woody-Banner.jpeg","type":"image\/jpeg"}],"twitter_card":"summary_large_image","twitter_misc":{"Estimeret l\u00e6setid":"2 minutter"},"schema":{"@context":"https:\/\/schema.org","@graph":[{"@type":"WebPage","@id":"https:\/\/nordicchicpaint.com\/da\/bejdse\/","url":"https:\/\/nordicchicpaint.com\/da\/bejdse\/","name":"Stains &#183; Nordic Chic\u00ae","isPartOf":{"@id":"https:\/\/nordicchicpaint.com\/da\/#website"},"primaryImageOfPage":{"@id":"https:\/\/nordicchicpaint.com\/da\/bejdse\/#primaryimage"},"image":{"@id":"https:\/\/nordicchicpaint.com\/da\/bejdse\/#primaryimage"},"thumbnailUrl":"https:\/\/nordicchicpaint.com\/wp-content\/uploads\/2022\/09\/woody-Banner.jpeg","datePublished":"2022-02-22T13:54:34+00:00","dateModified":"2025-05-20T14:00:46+00:00","breadcrumb":{"@id":"https:\/\/nordicchicpaint.com\/da\/bejdse\/#breadcrumb"},"inLanguage":"da-DK","potentialAction":[{"@type":"ReadAction","target":["https:\/\/nordicchicpaint.com\/da\/bejdse\/"]}]},{"@type":"ImageObject","inLanguage":"da-DK","@id":"https:\/\/nordicchicpaint.com\/da\/bejdse\/#primaryimage","url":"https:\/\/nordicchicpaint.com\/wp-content\/uploads\/2022\/09\/woody-Banner.jpeg","contentUrl":"https:\/\/nordicchicpaint.com\/wp-content\/uploads\/2022\/09\/woody-Banner.jpeg","width":1920,"height":1080},{"@type":"BreadcrumbList","@id":"https:\/\/nordicchicpaint.com\/da\/bejdse\/#breadcrumb","itemListElement":[{"@type":"ListItem","position":1,"name":"Hjem","item":"https:\/\/nordicchicpaint.com\/da\/"},{"@type":"ListItem","position":2,"name":"Stains"}]},{"@type":"WebSite","@id":"https:\/\/nordicchicpaint.com\/da\/#website","url":"https:\/\/nordicchicpaint.com\/da\/","name":"Nordic Chic\u00ae","description":"Chalk paint for interior and exterior use","publisher":{"@id":"https:\/\/nordicchicpaint.com\/da\/#organization"},"potentialAction":[{"@type":"SearchAction","target":{"@type":"EntryPoint","urlTemplate":"https:\/\/nordicchicpaint.com\/da\/?s={search_term_string}"},"query-input":{"@type":"PropertyValueSpecification","valueRequired":true,"valueName":"search_term_string"}}],"inLanguage":"da-DK"},{"@type":"Organization","@id":"https:\/\/nordicchicpaint.com\/da\/#organization","name":"Nordic Chic\u00ae","url":"https:\/\/nordicchicpaint.com\/da\/","logo":{"@type":"ImageObject","inLanguage":"da-DK","@id":"https:\/\/nordicchicpaint.com\/da\/#\/schema\/logo\/image\/","url":"https:\/\/nordicchicpaint.com\/wp-content\/uploads\/2021\/10\/logo.svg","contentUrl":"https:\/\/nordicchicpaint.com\/wp-content\/uploads\/2021\/10\/logo.svg","width":479,"height":474,"caption":"Nordic Chic\u00ae"},"image":{"@id":"https:\/\/nordicchicpaint.com\/da\/#\/schema\/logo\/image\/"}}]}},"_links":{"self":[{"href":"https:\/\/nordicchicpaint.com\/da\/wp-json\/wp\/v2\/pages\/3464"}],"collection":[{"href":"https:\/\/nordicchicpaint.com\/da\/wp-json\/wp\/v2\/pages"}],"about":[{"href":"https:\/\/nordicchicpaint.com\/da\/wp-json\/wp\/v2\/types\/page"}],"author":[{"embeddable":true,"href":"https:\/\/nordicchicpaint.com\/da\/wp-json\/wp\/v2\/users\/1"}],"replies":[{"embeddable":true,"href":"https:\/\/nordicchicpaint.com\/da\/wp-json\/wp\/v2\/comments?post=3464"}],"version-history":[{"count":8,"href":"https:\/\/nordicchicpaint.com\/da\/wp-json\/wp\/v2\/pages\/3464\/revisions"}],"predecessor-version":[{"id":6483,"href":"https:\/\/nordicchicpaint.com\/da\/wp-json\/wp\/v2\/pages\/3464\/revisions\/6483"}],"wp:featuredmedia":[{"embeddable":true,"href":"https:\/\/nordicchicpaint.com\/da\/wp-json\/wp\/v2\/media\/4003"}],"wp:attachment":[{"href":"https:\/\/nordicchicpaint.com\/da\/wp-json\/wp\/v2\/media?parent=3464"}],"wp:term":[{"taxonomy":"category","embeddable":true,"href":"https:\/\/nordicchicpaint.com\/da\/wp-json\/wp\/v2\/categories?post=3464"}],"curies":[{"name":"wp","href":"https:\/\/api.w.org\/{rel}","templated":true}]}}