{"id":15,"date":"2020-02-12T08:51:30","date_gmt":"2020-02-12T07:51:30","guid":{"rendered":"https:\/\/nordicchicpaint.com\/?page_id=15"},"modified":"2024-11-26T15:07:32","modified_gmt":"2024-11-26T14:07:32","slug":"home","status":"publish","type":"page","link":"https:\/\/nordicchicpaint.com\/da\/","title":{"rendered":"Home"},"content":{"rendered":"<section class=\"wpb-content-wrapper\"><p>[vc_row full_width=&#8221;stretch_row&#8221; css=&#8221;.vc_custom_1634888937540{background-color: #f7f7f7 !important;}&#8221;][vc_column][vc_empty_space height=&#8221;60px&#8221;][vc_column_text]<\/p>\n<h1 style=\"text-align: center;\">Chalk paint for interior and exterior use<\/h1>\n<p>[\/vc_column_text][vc_empty_space height=&#8221;60px&#8221;][\/vc_column][\/vc_row][vc_row full_width=&#8221;stretch_row&#8221;][vc_column]<div class=\"ult-spacer spacer-6a0587512ce42\" data-id=\"6a0587512ce42\" data-height=\"90\" data-height-mobile=\"60\" data-height-tab=\"90\" data-height-tab-portrait=\"60\" data-height-mobile-landscape=\"60\" style=\"clear:both;display:block;\"><\/div>[vc_column_text]<\/p>\n<h6 style=\"text-align: center;\">Your eco-friendly furniture paint!<\/h6>\n<p>[\/vc_column_text][vc_row_inner][vc_column_inner offset=&#8221;vc_col-md-1&#8243;][\/vc_column_inner][vc_column_inner offset=&#8221;vc_col-md-10&#8243;][vc_empty_space height=&#8221;15px&#8221;][vc_text_separator title=&#8221;Welcome to the world of Nordic Chic\u00ae&#8221; color=&#8221;custom&#8221; accent_color=&#8221;#333333&#8243;][vc_empty_space height=&#8221;30px&#8221;][vc_column_text]<\/p>\n<h1 style=\"text-align: left;\"><strong>Nordic Chic\u00ae Furniture Paint<\/strong><\/h1>\n<p style=\"text-align: left;\">has no hidden nasties and is an all natural, chalk and mineral paint, registered with EU-ecolabel. It is compliant with EN: 71-3,\u00a0 meaning that it\u2019s safe to use when painting nursery furniture.<\/p>\n<p style=\"text-align: left;\"><strong>It has all these qualities and more:<\/strong><\/p>\n<ul>\n<li style=\"text-align: left;\">It is ZERO VOC<\/li>\n<li style=\"text-align: left;\">it is SOLVENT FREE<\/li>\n<li style=\"text-align: left;\">it has absolutely no nasty smell<\/li>\n<li style=\"text-align: left;\">it is thick, with superior coverage<\/li>\n<\/ul>\n<p style=\"text-align: left;\">What did you paint with last time you painted? Did it list all the ingredients? Well, we are proud of our products and you can read about ALL the ingredients on each and every tin.<\/p>\n<p style=\"text-align: left;\">Don\u2019t just take our word for it, give it a go, you won\u2019t believe what you\u2019ve been missing!<\/p>\n<p style=\"text-align: left;\">Would you like to offer your customers an exclusive line of products?<\/p>\n<p style=\"text-align: left;\">Get in touch \u2013 you can find us <a href=\"\/contact\/\">here<\/a><\/p>\n<p style=\"text-align: left;\">You can also apply to become a stockist <a href=\"\/become-a-retailer\/\">here<\/a><\/p>\n<p>[\/vc_column_text][\/vc_column_inner][vc_column_inner offset=&#8221;vc_col-md-1&#8243;][\/vc_column_inner][\/vc_row_inner][vc_empty_space height=&#8221;60px&#8221;][vc_row_inner][vc_column_inner offset=&#8221;vc_col-lg-4 vc_col-md-4 vc_col-xs-12&#8243;]<div class=\"ult-new-ib ult-ib-effect-style10  ult-ib-resp ult-ib2-min-height \" data-min-width=\"768\" data-max-width=\"900\" style=\"background:#8da3a0; opacity:0; \" data-opacity=\"0.7\" data-hover-opacity=\"0.4\"  data-min-height=\"300\" ><img decoding=\"async\" class=\"ult-new-ib-img\" style=\"opacity:0.7;\" alt=\"null\" src=\"https:\/\/nordicchicpaint.com\/wp-content\/uploads\/2022\/05\/HEY5599_logo-scaled.jpg\"  data-min-height=\"300\"   \/><div id=\"interactive-banner-wrap-1883\" class=\"ult-new-ib-desc\" style=\"\"><h3 class=\"ult-new-ib-title ult-responsive\"  data-ultimate-target='#interactive-banner-wrap-1883 .ult-new-ib-title'  data-responsive-json-new='{\"font-size\":\"desktop:22px;\",\"line-height\":\"\"}'  style=\"font-weight:normal;color:#ffffff;\">Furniture &amp; Interior<\/h3><div class=\"ult-new-ib-content ult-responsive\"  data-ultimate-target='#interactive-banner-wrap-1883 .ult-new-ib-content'  data-responsive-json-new='{\"font-size\":\"desktop:14px;\",\"line-height\":\"\"}'  style=\"font-weight:200;color:rgba(255,255,255,0.7);\"><p>Nordic Chic\u00ae chalk paint comes in 49 vibrant colours<\/p><\/div><\/div><a class=\"ult-new-ib-link\" href=\"\/furniture-interior\/\" title=\"Furniture &amp; Interior\"  ><\/a><\/div><div class=\"ult-spacer spacer-6a0587512d3b8\" data-id=\"6a0587512d3b8\" data-height=\"0\" data-height-mobile=\"30\" data-height-tab=\"0\" data-height-tab-portrait=\"30\" data-height-mobile-landscape=\"30\" style=\"clear:both;display:block;\"><\/div>[\/vc_column_inner][vc_column_inner offset=&#8221;vc_col-lg-4 vc_col-md-4 vc_col-xs-12&#8243;]<div class=\"ult-new-ib ult-ib-effect-style10  ult-ib-resp ult-ib2-min-height \" data-min-width=\"768\" data-max-width=\"900\" style=\"background:#8da3a0; opacity:0; \" data-opacity=\"0.7\" data-hover-opacity=\"0.4\"  data-min-height=\"300\" ><img decoding=\"async\" class=\"ult-new-ib-img\" style=\"opacity:0.7;\" alt=\"null\" src=\"https:\/\/nordicchicpaint.com\/wp-content\/uploads\/2022\/05\/HEY4846_logo-scaled.jpg\"  data-min-height=\"300\"   \/><div id=\"interactive-banner-wrap-5321\" class=\"ult-new-ib-desc\" style=\"\"><h3 class=\"ult-new-ib-title ult-responsive\"  data-ultimate-target='#interactive-banner-wrap-5321 .ult-new-ib-title'  data-responsive-json-new='{\"font-size\":\"desktop:22px;\",\"line-height\":\"\"}'  style=\"font-weight:normal;color:#ffffff;\">Outdoor &amp; More<\/h3><div class=\"ult-new-ib-content ult-responsive\"  data-ultimate-target='#interactive-banner-wrap-5321 .ult-new-ib-content'  data-responsive-json-new='{\"font-size\":\"desktop:14px;\",\"line-height\":\"\"}'  style=\"font-weight:200;color:rgba(255,255,255,0.7);\"><p>A waterbased, heavy duty furniture paint suitable for interior and exterior use<\/p><\/div><\/div><a class=\"ult-new-ib-link\" href=\"\/outdoor-more\/\" title=\"Outdoor &amp; More\"  ><\/a><\/div><div class=\"ult-spacer spacer-6a0587512d679\" data-id=\"6a0587512d679\" data-height=\"0\" data-height-mobile=\"30\" data-height-tab=\"0\" data-height-tab-portrait=\"30\" data-height-mobile-landscape=\"30\" style=\"clear:both;display:block;\"><\/div>[\/vc_column_inner][vc_column_inner offset=&#8221;vc_col-lg-4 vc_col-md-4 vc_col-xs-12&#8243;]<div class=\"ult-new-ib ult-ib-effect-style10  ult-ib-resp ult-ib2-min-height \" data-min-width=\"768\" data-max-width=\"900\" style=\"background:#8da3a0; opacity:0; \" data-opacity=\"0.7\" data-hover-opacity=\"0.4\"  data-min-height=\"300\" ><img decoding=\"async\" class=\"ult-new-ib-img\" style=\"opacity:0.7;\" alt=\"null\" src=\"https:\/\/nordicchicpaint.com\/wp-content\/uploads\/2022\/08\/Wall-clay-and-chalk-paint-scaled-1.jpg\"  data-min-height=\"300\"   \/><div id=\"interactive-banner-wrap-5867\" class=\"ult-new-ib-desc\" style=\"\"><h3 class=\"ult-new-ib-title ult-responsive\"  data-ultimate-target='#interactive-banner-wrap-5867 .ult-new-ib-title'  data-responsive-json-new='{\"font-size\":\"desktop:22px;\",\"line-height\":\"\"}'  style=\"font-weight:normal;color:#ffffff;\">WALL Clay &amp; Chalk Paint<\/h3><div class=\"ult-new-ib-content ult-responsive\"  data-ultimate-target='#interactive-banner-wrap-5867 .ult-new-ib-content'  data-responsive-json-new='{\"font-size\":\"desktop:14px;\",\"line-height\":\"\"}'  style=\"font-weight:200;color:rgba(255,255,255,0.7);\"><p>Primarily based on clay - a good humidity regulator in the home<\/p><\/div><\/div><a class=\"ult-new-ib-link\" href=\"\/wall-clay-chalk-paint\/\" title=\"WALL Clay &amp; Chalk Paint\"  ><\/a><\/div>[\/vc_column_inner][\/vc_row_inner]<div class=\"ult-spacer spacer-6a0587512d8d2\" data-id=\"6a0587512d8d2\" data-height=\"60\" data-height-mobile=\"30\" data-height-tab=\"60\" data-height-tab-portrait=\"30\" data-height-mobile-landscape=\"30\" style=\"clear:both;display:block;\"><\/div>[vc_row_inner][vc_column_inner offset=&#8221;vc_col-lg-4 vc_col-md-4 vc_col-xs-12&#8243;]<div class=\"ult-new-ib ult-ib-effect-style10  ult-ib-resp ult-ib2-min-height \" data-min-width=\"768\" data-max-width=\"900\" style=\"background:#8da3a0; opacity:0; \" data-opacity=\"0.7\" data-hover-opacity=\"0.4\"  data-min-height=\"300\" ><img decoding=\"async\" class=\"ult-new-ib-img\" style=\"opacity:0.7;\" alt=\"null\" src=\"https:\/\/nordicchicpaint.com\/wp-content\/uploads\/2022\/09\/Woody.jpeg\"  data-min-height=\"300\"   \/><div id=\"interactive-banner-wrap-5621\" class=\"ult-new-ib-desc\" style=\"\"><h3 class=\"ult-new-ib-title ult-responsive\"  data-ultimate-target='#interactive-banner-wrap-5621 .ult-new-ib-title'  data-responsive-json-new='{\"font-size\":\"desktop:22px;\",\"line-height\":\"\"}'  style=\"font-weight:normal;color:#ffffff;\">Stains<\/h3><div class=\"ult-new-ib-content ult-responsive\"  data-ultimate-target='#interactive-banner-wrap-5621 .ult-new-ib-content'  data-responsive-json-new='{\"font-size\":\"desktop:14px;\",\"line-height\":\"\"}'  style=\"font-weight:200;color:rgba(255,255,255,0.7);\"><p>100% odeurless and non-toxic<\/p><\/div><\/div><a class=\"ult-new-ib-link\" href=\"\/stains\/\" title=\"Finishes\"  ><\/a><\/div><div class=\"ult-spacer spacer-6a0587512db15\" data-id=\"6a0587512db15\" data-height=\"0\" data-height-mobile=\"30\" data-height-tab=\"0\" data-height-tab-portrait=\"30\" data-height-mobile-landscape=\"30\" style=\"clear:both;display:block;\"><\/div>[\/vc_column_inner][vc_column_inner offset=&#8221;vc_col-lg-4 vc_col-md-4 vc_col-xs-12&#8243;]<div class=\"ult-new-ib ult-ib-effect-style10  ult-ib-resp ult-ib2-min-height \" data-min-width=\"768\" data-max-width=\"900\" style=\"background:#8da3a0; opacity:0; \" data-opacity=\"0.7\" data-hover-opacity=\"0.4\"  data-min-height=\"300\" ><img decoding=\"async\" class=\"ult-new-ib-img\" style=\"opacity:0.7;\" alt=\"null\" src=\"https:\/\/nordicchicpaint.com\/wp-content\/uploads\/2022\/07\/Clear-Finish-Grouped-WB-e1662455235298.webp\"  data-min-height=\"300\"   \/><div id=\"interactive-banner-wrap-9074\" class=\"ult-new-ib-desc\" style=\"\"><h3 class=\"ult-new-ib-title ult-responsive\"  data-ultimate-target='#interactive-banner-wrap-9074 .ult-new-ib-title'  data-responsive-json-new='{\"font-size\":\"desktop:22px;\",\"line-height\":\"\"}'  style=\"font-weight:normal;color:#ffffff;\">Artisan Enhancements<\/h3><div class=\"ult-new-ib-content ult-responsive\"  data-ultimate-target='#interactive-banner-wrap-9074 .ult-new-ib-content'  data-responsive-json-new='{\"font-size\":\"desktop:14px;\",\"line-height\":\"\"}'  style=\"font-weight:200;color:rgba(255,255,255,0.7);\"><p>Affordable, versatile, easy-to-use, and eco-friendly<\/p><\/div><\/div><a class=\"ult-new-ib-link\" href=\"\/what-is-artisan-enhancement\/\" title=\"Artisan Enhancements\"  ><\/a><\/div><div class=\"ult-spacer spacer-6a0587512dd6d\" data-id=\"6a0587512dd6d\" data-height=\"0\" data-height-mobile=\"30\" data-height-tab=\"0\" data-height-tab-portrait=\"30\" data-height-mobile-landscape=\"30\" style=\"clear:both;display:block;\"><\/div>[\/vc_column_inner][vc_column_inner offset=&#8221;vc_col-lg-4 vc_col-md-4 vc_col-xs-12&#8243;]<div class=\"ult-new-ib ult-ib-effect-style10  ult-ib-resp ult-ib2-min-height \" data-min-width=\"768\" data-max-width=\"900\" style=\"background:#8da3a0; opacity:0; \" data-opacity=\"0.7\" data-hover-opacity=\"0.4\"  data-min-height=\"300\" ><img decoding=\"async\" class=\"ult-new-ib-img\" style=\"opacity:0.7;\" alt=\"null\" src=\"https:\/\/nordicchicpaint.com\/wp-content\/uploads\/2022\/08\/Pensler.jpeg\"  data-min-height=\"300\"   \/><div id=\"interactive-banner-wrap-2597\" class=\"ult-new-ib-desc\" style=\"\"><h3 class=\"ult-new-ib-title ult-responsive\"  data-ultimate-target='#interactive-banner-wrap-2597 .ult-new-ib-title'  data-responsive-json-new='{\"font-size\":\"desktop:22px;\",\"line-height\":\"\"}'  style=\"font-weight:normal;color:#ffffff;\">Tools<\/h3><div class=\"ult-new-ib-content ult-responsive\"  data-ultimate-target='#interactive-banner-wrap-2597 .ult-new-ib-content'  data-responsive-json-new='{\"font-size\":\"desktop:14px;\",\"line-height\":\"\"}'  style=\"font-weight:200;color:rgba(255,255,255,0.7);\"><p>Paint brushes in several exclusive designs for different purposes<\/p><\/div><\/div><a class=\"ult-new-ib-link\" href=\"\/tools\/\" title=\"Paint &amp; Wax Brushes\"  ><\/a><\/div>[\/vc_column_inner][\/vc_row_inner]<div class=\"ult-spacer spacer-6a0587512dfc1\" data-id=\"6a0587512dfc1\" data-height=\"90\" data-height-mobile=\"60\" data-height-tab=\"90\" data-height-tab-portrait=\"60\" data-height-mobile-landscape=\"60\" style=\"clear:both;display:block;\"><\/div>[\/vc_column][\/vc_row][vc_row full_width=&#8221;stretch_row&#8221; css=&#8221;.vc_custom_1634900718244{background-color: #f7f7f7 !important;}&#8221;][vc_column]<div class=\"ult-spacer spacer-6a0587512dfeb\" data-id=\"6a0587512dfeb\" data-height=\"90\" data-height-mobile=\"60\" data-height-tab=\"90\" data-height-tab-portrait=\"60\" data-height-mobile-landscape=\"60\" style=\"clear:both;display:block;\"><\/div>[vc_text_separator title=&#8221;Need inspiration?&#8221; color=&#8221;custom&#8221; accent_color=&#8221;#333333&#8243;][vc_empty_space height=&#8221;15px&#8221;][vc_column_text]If you have questions regarding techniques or other matters, you are always welcome to contact us. Don\u2019t forget you can also find more inspiration on <a href=\"https:\/\/www.pinterest.dk\/nordiccp\/_created\/\" target=\"_blank\" rel=\"noopener\">Pinterest<\/a>, <a href=\"https:\/\/www.instagram.com\/nordic_chic_chalkpaint\/\" target=\"_blank\" rel=\"noopener\">Instagram<\/a> and our Facebook group <a href=\"https:\/\/www.facebook.com\/nordicchicpaint\" target=\"_blank\" rel=\"noopener\">Nordic Chic<\/a>.[\/vc_column_text][vc_empty_space height=&#8221;30px&#8221;][vc_raw_html]JTVCaW5zdGFncmFtLWZlZWQlMjBmZWVkJTNEMSU1RA==[\/vc_raw_html]<div class=\"ult-spacer spacer-6a0587512e013\" data-id=\"6a0587512e013\" data-height=\"90\" data-height-mobile=\"60\" data-height-tab=\"90\" data-height-tab-portrait=\"60\" data-height-mobile-landscape=\"60\" style=\"clear:both;display:block;\"><\/div>[\/vc_column][\/vc_row][vc_row full_width=&#8221;stretch_row&#8221;][vc_column]<div class=\"ult-spacer spacer-6a0587512e03d\" data-id=\"6a0587512e03d\" data-height=\"90\" data-height-mobile=\"60\" data-height-tab=\"90\" data-height-tab-portrait=\"60\" data-height-mobile-landscape=\"60\" style=\"clear:both;display:block;\"><\/div>[vc_text_separator title=&#8221;Become a retailer&#8221; color=&#8221;custom&#8221; accent_color=&#8221;#333333&#8243;][vc_empty_space height=&#8221;15px&#8221;][vc_row_inner][vc_column_inner width=&#8221;1\/6&#8243;][\/vc_column_inner][vc_column_inner width=&#8221;2\/3&#8243;][vc_column_text]<\/p>\n<h1 style=\"text-align: left;\"><strong>We are always looking to add members to the expanding family of Nordic Chic\u00ae<\/strong><\/h1>\n<p style=\"text-align: left;\">Becoming a retailer of Nordic Chic Furniture Paint \u00a0and\/or Artisan Enhancements products can be a very profitable part of your business. We provide the market with an EU-Ecolabel, child-certified EN-71-3, zero VOC, ecofriendly chalk paint.<\/p>\n<p>[\/vc_column_text][\/vc_column_inner][vc_column_inner width=&#8221;1\/6&#8243;][\/vc_column_inner][\/vc_row_inner][vc_empty_space height=&#8221;30px&#8221;][vc_row_inner][vc_column_inner][vc_raw_html el_class=&#8221;center&#8221;]JTVCZm9ybWluYXRvcl9mb3JtJTIwaWQlM0QlMjIzOTY1JTIyJTVE[\/vc_raw_html][\/vc_column_inner][\/vc_row_inner]<div class=\"ult-spacer spacer-6a0587512e05f\" data-id=\"6a0587512e05f\" data-height=\"90\" data-height-mobile=\"60\" data-height-tab=\"90\" data-height-tab-portrait=\"60\" data-height-mobile-landscape=\"60\" style=\"clear:both;display:block;\"><\/div>[\/vc_column][\/vc_row]<\/p>\n<\/section>","protected":false},"excerpt":{"rendered":"<p>[vc_row full_width=&#8221;stretch_row&#8221; css=&#8221;.vc_custom_1634888937540{background-color: #f7f7f7 !important;}&#8221;][vc_column][vc_empty_space height=&#8221;60px&#8221;][vc_column_text] Chalk paint for interior and exterior use [\/vc_column_text][vc_empty_space height=&#8221;60px&#8221;][\/vc_column][\/vc_row][vc_row full_width=&#8221;stretch_row&#8221;][vc_column][vc_column_text] Your eco-friendly furniture paint! [\/vc_column_text][vc_row_inner][vc_column_inner offset=&#8221;vc_col-md-1&#8243;][\/vc_column_inner][vc_column_inner offset=&#8221;vc_col-md-10&#8243;][vc_empty_space height=&#8221;15px&#8221;][vc_text_separator title=&#8221;Welcome to the world of Nordic Chic\u00ae&#8221; color=&#8221;custom&#8221; accent_color=&#8221;#333333&#8243;][vc_empty_space height=&#8221;30px&#8221;][vc_column_text] Nordic Chic\u00ae Furniture Paint has no hidden nasties and is an all natural, chalk and mineral paint, registered with EU-ecolabel. It &#8230; <a title=\"Home\" class=\"read-more\" href=\"https:\/\/nordicchicpaint.com\/da\/\" aria-label=\"Read more about Home\">L\u00e6s Mere<\/a><\/p>\n","protected":false},"author":1,"featured_media":0,"parent":0,"menu_order":0,"comment_status":"closed","ping_status":"closed","template":"","meta":{"_acf_changed":false,"footnotes":""},"categories":[],"class_list":["post-15","page","type-page","status-publish"],"acf":[],"yoast_head":"<!-- This site is optimized with the Yoast SEO plugin v23.4 - https:\/\/yoast.com\/wordpress\/plugins\/seo\/ -->\n<title>Nordic chic \u00bb Oplev den tidl\u00f8se stil med minimalistisk design<\/title>\n<meta name=\"description\" content=\"Opdag den elegante stil med Nordic Chic \u2713 Vores unikke udvalg af m\u00f8bler og interi\u00f8r skaber en varm og indbydende atmosf\u00e6re, perfekt til ethvert hjem.\" \/>\n<meta name=\"robots\" content=\"index, follow, max-snippet:-1, max-image-preview:large, max-video-preview:-1\" \/>\n<link rel=\"canonical\" href=\"https:\/\/nordicchicpaint.com\/da\/\" \/>\n<meta property=\"og:locale\" content=\"da_DK\" \/>\n<meta property=\"og:type\" content=\"article\" \/>\n<meta property=\"og:title\" content=\"Nordic chic \u00bb Oplev den tidl\u00f8se stil med minimalistisk design\" \/>\n<meta property=\"og:description\" content=\"Opdag den elegante stil med Nordic Chic \u2713 Vores unikke udvalg af m\u00f8bler og interi\u00f8r skaber en varm og indbydende atmosf\u00e6re, perfekt til ethvert hjem.\" \/>\n<meta property=\"og:url\" content=\"https:\/\/nordicchicpaint.com\/da\/\" \/>\n<meta property=\"og:site_name\" content=\"Nordic Chic\u00ae\" \/>\n<meta property=\"article:modified_time\" content=\"2024-11-26T14:07:32+00:00\" \/>\n<meta name=\"twitter:card\" content=\"summary_large_image\" \/>\n<meta name=\"twitter:label1\" content=\"Estimeret l\u00e6setid\" \/>\n\t<meta name=\"twitter:data1\" content=\"3 minutter\" \/>\n<script type=\"application\/ld+json\" class=\"yoast-schema-graph\">{\"@context\":\"https:\/\/schema.org\",\"@graph\":[{\"@type\":\"WebPage\",\"@id\":\"https:\/\/nordicchicpaint.com\/da\/\",\"url\":\"https:\/\/nordicchicpaint.com\/da\/\",\"name\":\"Nordic chic \u00bb Oplev den tidl\u00f8se stil med minimalistisk design\",\"isPartOf\":{\"@id\":\"https:\/\/nordicchicpaint.com\/da\/#website\"},\"datePublished\":\"2020-02-12T07:51:30+00:00\",\"dateModified\":\"2024-11-26T14:07:32+00:00\",\"description\":\"Opdag den elegante stil med Nordic Chic \u2713 Vores unikke udvalg af m\u00f8bler og interi\u00f8r skaber en varm og indbydende atmosf\u00e6re, perfekt til ethvert hjem.\",\"breadcrumb\":{\"@id\":\"https:\/\/nordicchicpaint.com\/da\/#breadcrumb\"},\"inLanguage\":\"da-DK\",\"potentialAction\":[{\"@type\":\"ReadAction\",\"target\":[\"https:\/\/nordicchicpaint.com\/da\/\"]}]},{\"@type\":\"BreadcrumbList\",\"@id\":\"https:\/\/nordicchicpaint.com\/da\/#breadcrumb\",\"itemListElement\":[{\"@type\":\"ListItem\",\"position\":1,\"name\":\"Hjem\",\"item\":\"https:\/\/nordicchicpaint.com\/da\/\"},{\"@type\":\"ListItem\",\"position\":2,\"name\":\"Home\"}]},{\"@type\":\"WebSite\",\"@id\":\"https:\/\/nordicchicpaint.com\/da\/#website\",\"url\":\"https:\/\/nordicchicpaint.com\/da\/\",\"name\":\"Nordic Chic\u00ae\",\"description\":\"Chalk paint for interior and exterior use\",\"publisher\":{\"@id\":\"https:\/\/nordicchicpaint.com\/da\/#organization\"},\"potentialAction\":[{\"@type\":\"SearchAction\",\"target\":{\"@type\":\"EntryPoint\",\"urlTemplate\":\"https:\/\/nordicchicpaint.com\/da\/?s={search_term_string}\"},\"query-input\":{\"@type\":\"PropertyValueSpecification\",\"valueRequired\":true,\"valueName\":\"search_term_string\"}}],\"inLanguage\":\"da-DK\"},{\"@type\":\"Organization\",\"@id\":\"https:\/\/nordicchicpaint.com\/da\/#organization\",\"name\":\"Nordic Chic\u00ae\",\"url\":\"https:\/\/nordicchicpaint.com\/da\/\",\"logo\":{\"@type\":\"ImageObject\",\"inLanguage\":\"da-DK\",\"@id\":\"https:\/\/nordicchicpaint.com\/da\/#\/schema\/logo\/image\/\",\"url\":\"https:\/\/nordicchicpaint.com\/wp-content\/uploads\/2021\/10\/logo.svg\",\"contentUrl\":\"https:\/\/nordicchicpaint.com\/wp-content\/uploads\/2021\/10\/logo.svg\",\"width\":479,\"height\":474,\"caption\":\"Nordic Chic\u00ae\"},\"image\":{\"@id\":\"https:\/\/nordicchicpaint.com\/da\/#\/schema\/logo\/image\/\"}}]}<\/script>\n<!-- \/ Yoast SEO plugin. -->","yoast_head_json":{"title":"Nordic chic \u00bb Oplev den tidl\u00f8se stil med minimalistisk design","description":"Opdag den elegante stil med Nordic Chic \u2713 Vores unikke udvalg af m\u00f8bler og interi\u00f8r skaber en varm og indbydende atmosf\u00e6re, perfekt til ethvert hjem.","robots":{"index":"index","follow":"follow","max-snippet":"max-snippet:-1","max-image-preview":"max-image-preview:large","max-video-preview":"max-video-preview:-1"},"canonical":"https:\/\/nordicchicpaint.com\/da\/","og_locale":"da_DK","og_type":"article","og_title":"Nordic chic \u00bb Oplev den tidl\u00f8se stil med minimalistisk design","og_description":"Opdag den elegante stil med Nordic Chic \u2713 Vores unikke udvalg af m\u00f8bler og interi\u00f8r skaber en varm og indbydende atmosf\u00e6re, perfekt til ethvert hjem.","og_url":"https:\/\/nordicchicpaint.com\/da\/","og_site_name":"Nordic Chic\u00ae","article_modified_time":"2024-11-26T14:07:32+00:00","twitter_card":"summary_large_image","twitter_misc":{"Estimeret l\u00e6setid":"3 minutter"},"schema":{"@context":"https:\/\/schema.org","@graph":[{"@type":"WebPage","@id":"https:\/\/nordicchicpaint.com\/da\/","url":"https:\/\/nordicchicpaint.com\/da\/","name":"Nordic chic \u00bb Oplev den tidl\u00f8se stil med minimalistisk design","isPartOf":{"@id":"https:\/\/nordicchicpaint.com\/da\/#website"},"datePublished":"2020-02-12T07:51:30+00:00","dateModified":"2024-11-26T14:07:32+00:00","description":"Opdag den elegante stil med Nordic Chic \u2713 Vores unikke udvalg af m\u00f8bler og interi\u00f8r skaber en varm og indbydende atmosf\u00e6re, perfekt til ethvert hjem.","breadcrumb":{"@id":"https:\/\/nordicchicpaint.com\/da\/#breadcrumb"},"inLanguage":"da-DK","potentialAction":[{"@type":"ReadAction","target":["https:\/\/nordicchicpaint.com\/da\/"]}]},{"@type":"BreadcrumbList","@id":"https:\/\/nordicchicpaint.com\/da\/#breadcrumb","itemListElement":[{"@type":"ListItem","position":1,"name":"Hjem","item":"https:\/\/nordicchicpaint.com\/da\/"},{"@type":"ListItem","position":2,"name":"Home"}]},{"@type":"WebSite","@id":"https:\/\/nordicchicpaint.com\/da\/#website","url":"https:\/\/nordicchicpaint.com\/da\/","name":"Nordic Chic\u00ae","description":"Chalk paint for interior and exterior use","publisher":{"@id":"https:\/\/nordicchicpaint.com\/da\/#organization"},"potentialAction":[{"@type":"SearchAction","target":{"@type":"EntryPoint","urlTemplate":"https:\/\/nordicchicpaint.com\/da\/?s={search_term_string}"},"query-input":{"@type":"PropertyValueSpecification","valueRequired":true,"valueName":"search_term_string"}}],"inLanguage":"da-DK"},{"@type":"Organization","@id":"https:\/\/nordicchicpaint.com\/da\/#organization","name":"Nordic Chic\u00ae","url":"https:\/\/nordicchicpaint.com\/da\/","logo":{"@type":"ImageObject","inLanguage":"da-DK","@id":"https:\/\/nordicchicpaint.com\/da\/#\/schema\/logo\/image\/","url":"https:\/\/nordicchicpaint.com\/wp-content\/uploads\/2021\/10\/logo.svg","contentUrl":"https:\/\/nordicchicpaint.com\/wp-content\/uploads\/2021\/10\/logo.svg","width":479,"height":474,"caption":"Nordic Chic\u00ae"},"image":{"@id":"https:\/\/nordicchicpaint.com\/da\/#\/schema\/logo\/image\/"}}]}},"_links":{"self":[{"href":"https:\/\/nordicchicpaint.com\/da\/wp-json\/wp\/v2\/pages\/15"}],"collection":[{"href":"https:\/\/nordicchicpaint.com\/da\/wp-json\/wp\/v2\/pages"}],"about":[{"href":"https:\/\/nordicchicpaint.com\/da\/wp-json\/wp\/v2\/types\/page"}],"author":[{"embeddable":true,"href":"https:\/\/nordicchicpaint.com\/da\/wp-json\/wp\/v2\/users\/1"}],"replies":[{"embeddable":true,"href":"https:\/\/nordicchicpaint.com\/da\/wp-json\/wp\/v2\/comments?post=15"}],"version-history":[{"count":93,"href":"https:\/\/nordicchicpaint.com\/da\/wp-json\/wp\/v2\/pages\/15\/revisions"}],"predecessor-version":[{"id":4131,"href":"https:\/\/nordicchicpaint.com\/da\/wp-json\/wp\/v2\/pages\/15\/revisions\/4131"}],"wp:attachment":[{"href":"https:\/\/nordicchicpaint.com\/da\/wp-json\/wp\/v2\/media?parent=15"}],"wp:term":[{"taxonomy":"category","embeddable":true,"href":"https:\/\/nordicchicpaint.com\/da\/wp-json\/wp\/v2\/categories?post=15"}],"curies":[{"name":"wp","href":"https:\/\/api.w.org\/{rel}","templated":true}]}}